{"id":26202,"date":"2025-02-20T23:28:13","date_gmt":"2025-02-20T22:28:13","guid":{"rendered":"http:\/\/olemosaic.com\/producto\/iman-de-resina-punt-de-trobada-barcelona-9-cm\/"},"modified":"2025-07-25T18:48:18","modified_gmt":"2025-07-25T16:48:18","slug":"aimant-en-resine-punt-de-trobada-barcelone-9-cm","status":"publish","type":"product","link":"https:\/\/olemosaic.com\/fr\/produit\/aimant-en-resine-punt-de-trobada-barcelone-9-cm\/","title":{"rendered":"Aimant en r\u00e9sine. Punt de trobada. Barcelone. 9 cm."},"content":{"rendered":"<p>D\u00e9couvrez ce magnifique aimant en r\u00e9sine de 9 cm qui capture l&rsquo;essence vibrante de Barcelone \u00e0 travers un design inspir\u00e9 de la c\u00e9l\u00e8bre mosa\u00efque de Joan Mir\u00f3. Cet aimant color\u00e9 pr\u00e9sente une collection de formes g\u00e9om\u00e9triques dans les tons rouge, bleu, vert et jaune, \u00e9l\u00e9gamment dispos\u00e9es sur un fond blanc qui \u00e9voque la technique du trencad\u00eds, embl\u00e9matique de l&rsquo;architecture moderniste de la ville. Le mot \u00ab\u00a0Barcelone\u00a0\u00bb se distingue par une typographie distinctive qui ajoute une touche de modernit\u00e9 au design, faisant de ce souvenir une pi\u00e8ce id\u00e9ale pour se rem\u00e9morer la cr\u00e9ativit\u00e9 et l&rsquo;art qui caract\u00e9risent la m\u00e9tropole catalane.<\/p>\n<p>Le lien culturel de cet aimant va au-del\u00e0 de son esth\u00e9tique ; c&rsquo;est un hommage \u00e0 l&rsquo;un des artistes les plus influents d&rsquo;Espagne, dont l&rsquo;\u0153uvre est pr\u00e9sente dans des peintures murales et des sculptures \u00e0 travers la ville, invitant les visiteurs \u00e0 explorer et \u00e0 c\u00e9l\u00e9brer l&rsquo;art qui entoure Barcelone. Cet aimant n&rsquo;est pas seulement un accessoire d\u00e9coratif, mais un souvenir authentique qui fait revivre l&rsquo;esprit de la ville. Chez Ol\u00e9 Mosaic, nous nous sp\u00e9cialisons dans la distribution de souvenirs en gros, et cet aimant de Barcelone est une excellente option pour les boutiques de cadeaux touristiques \u00e0 la recherche de produits ayant un lien culturel fort et un design attrayant. En tant que grossistes de souvenirs, nous garantissons la qualit\u00e9 et l&rsquo;authenticit\u00e9 de chaque cr\u00e9ation.<\/p>\n","protected":false},"excerpt":{"rendered":"<p>Aimant de 9 cm capturant l&rsquo;essence de Barcelone gr\u00e2ce \u00e0 un design vibrant inspir\u00e9 de la c\u00e9l\u00e8bre mosa\u00efque de Joan Mir\u00f3. Cet aimant color\u00e9 pr\u00e9sente diverses formes g\u00e9om\u00e9triques dans les tons rouge, bleu, vert et jaune sur un fond blanc rappelant la technique du trencad\u00eds. Le nom \u00ab\u00a0Barcelone\u00a0\u00bb se distingue par une typographie distinctive, faisant de ce souvenir une pi\u00e8ce id\u00e9ale pour \u00e9voquer la cr\u00e9ativit\u00e9 et l&rsquo;art de la ville.<\/p>\n","protected":false},"featured_media":9321,"template":"","meta":{"_acf_changed":false},"product_brand":[],"product_cat":[697],"product_tag":[],"class_list":{"0":"post-26202","1":"product","2":"type-product","3":"status-publish","4":"has-post-thumbnail","6":"product_cat-aimants","7":"pa_ciudad-barcelona","8":"pa_motivo-punt-de-trobada","9":"pa_pais-espana","11":"first","12":"instock","13":"shipping-taxable","14":"product-type-simple"},"acf":[],"_links":{"self":[{"href":"https:\/\/olemosaic.com\/fr\/wp-json\/wp\/v2\/product\/26202","targetHints":{"allow":["GET"]}}],"collection":[{"href":"https:\/\/olemosaic.com\/fr\/wp-json\/wp\/v2\/product"}],"about":[{"href":"https:\/\/olemosaic.com\/fr\/wp-json\/wp\/v2\/types\/product"}],"wp:featuredmedia":[{"embeddable":true,"href":"https:\/\/olemosaic.com\/fr\/wp-json\/wp\/v2\/media\/9321"}],"wp:attachment":[{"href":"https:\/\/olemosaic.com\/fr\/wp-json\/wp\/v2\/media?parent=26202"}],"wp:term":[{"taxonomy":"product_brand","embeddable":true,"href":"https:\/\/olemosaic.com\/fr\/wp-json\/wp\/v2\/product_brand?post=26202"},{"taxonomy":"product_cat","embeddable":true,"href":"https:\/\/olemosaic.com\/fr\/wp-json\/wp\/v2\/product_cat?post=26202"},{"taxonomy":"product_tag","embeddable":true,"href":"https:\/\/olemosaic.com\/fr\/wp-json\/wp\/v2\/product_tag?post=26202"}],"curies":[{"name":"wp","href":"https:\/\/api.w.org\/{rel}","templated":true}]}}