{"id":26201,"date":"2025-02-20T23:28:13","date_gmt":"2025-02-20T22:28:13","guid":{"rendered":"http:\/\/olemosaic.com\/producto\/4-bols-de-coco-de-13-x-6-cm-abanico\/"},"modified":"2025-07-25T18:33:28","modified_gmt":"2025-07-25T16:33:28","slug":"4-bols-en-noix-de-coco-de-13-x-6-cm-eventail","status":"publish","type":"product","link":"https:\/\/olemosaic.com\/fr\/produit\/4-bols-en-noix-de-coco-de-13-x-6-cm-eventail\/","title":{"rendered":"4 Bols en noix de coco de 13 x 6 cm. \u00c9ventail."},"content":{"rendered":"<p><span data-sheets-root=\"1\">Cet ensemble de 4 bols d\u00e9coratifs en noix de coco avec un motif d&rsquo;\u00e9ventail est une pi\u00e8ce distinctive du folklore ib\u00e9rique, id\u00e9ale pour les boutiques cherchant \u00e0 proposer des souvenirs culturels avec une finition artisanale. Chaque bol, de 13 x 6 cm, est fabriqu\u00e9 \u00e0 partir d&rsquo;une v\u00e9ritable coque de noix de coco polie et d\u00e9cor\u00e9 minutieusement \u00e0 la main avec une mosa\u00efque brillante combinant des pi\u00e8ces dans les tons turquoise, fuchsia, orange, marron et cr\u00e8me. Au centre de chaque pi\u00e8ce se d\u00e9tache un \u00e9ventail sculpt\u00e9 en relief, symbole iconique de la tradition espagnole, associ\u00e9 au flamenco, \u00e0 la danse et \u00e0 l&rsquo;\u00e9l\u00e9gance andalouse.<\/span><\/p>\n<p>Le design en mosa\u00efque, qui rappelle le style moderniste catalan et le trencad\u00eds de Gaud\u00ed, forme des motifs d\u00e9coratifs tels que des c\u0153urs et des fleurs qui encadrent l&rsquo;\u00e9ventail, cr\u00e9ant un jeu visuel vibrant et color\u00e9. Ce contraste entre l&rsquo;aspect rustique de la coque de noix de coco et l&rsquo;\u00e9clat de l&rsquo;int\u00e9rieur fait de chaque bol un objet d\u00e9coratif unique et attrayant.<\/p>\n<p>Parfait comme souvenir repr\u00e9sentatif, cet ensemble est une option originale et pratique pour les touristes \u00e0 la recherche de souvenirs authentiques de leur visite en Espagne ou au Portugal. Chez Ol\u00e9 Mosaic, grossiste de souvenirs en gros, nous proposons des produits artisanaux dot\u00e9s d&rsquo;une identit\u00e9 culturelle. Ces bols en noix de coco avec \u00e9ventail sont un excellent exemple de l&rsquo;engagement envers la tradition et le design local qui caract\u00e9rise notre catalogue. Un choix id\u00e9al pour les distributeurs de souvenirs d\u00e9coratifs et les boutiques de cadeaux touristiques qui appr\u00e9cient l&rsquo;authenticit\u00e9.<\/p>\n","protected":false},"excerpt":{"rendered":"<p><span data-sheets-root=\"1\">Ensemble de 4 bols d\u00e9coratifs fabriqu\u00e9s en coque de noix de coco, de 13 x 6 cm chacun, avec un motif central d&rsquo;\u00e9ventail. Chaque bol pr\u00e9sente une finition artisanale avec une mosa\u00efque brillante dans des couleurs vari\u00e9es telles que le bleu, le fuchsia, l&rsquo;orange, le marron et le turquoise, formant des c\u0153urs ou des fleurs autour de l&rsquo;\u00e9ventail. Le design est inspir\u00e9 d&rsquo;\u00e9l\u00e9ments typiques du folklore ib\u00e9rique et se distingue par sa texture brillante et sa finition faite \u00e0 la main.<\/span><\/p>\n","protected":false},"featured_media":10691,"template":"","meta":{"_acf_changed":false},"product_brand":[],"product_cat":[521],"product_tag":[],"class_list":{"0":"post-26201","1":"product","2":"type-product","3":"status-publish","4":"has-post-thumbnail","6":"product_cat-bols","8":"first","9":"instock","10":"shipping-taxable","11":"product-type-simple"},"acf":[],"_links":{"self":[{"href":"https:\/\/olemosaic.com\/fr\/wp-json\/wp\/v2\/product\/26201","targetHints":{"allow":["GET"]}}],"collection":[{"href":"https:\/\/olemosaic.com\/fr\/wp-json\/wp\/v2\/product"}],"about":[{"href":"https:\/\/olemosaic.com\/fr\/wp-json\/wp\/v2\/types\/product"}],"wp:featuredmedia":[{"embeddable":true,"href":"https:\/\/olemosaic.com\/fr\/wp-json\/wp\/v2\/media\/10691"}],"wp:attachment":[{"href":"https:\/\/olemosaic.com\/fr\/wp-json\/wp\/v2\/media?parent=26201"}],"wp:term":[{"taxonomy":"product_brand","embeddable":true,"href":"https:\/\/olemosaic.com\/fr\/wp-json\/wp\/v2\/product_brand?post=26201"},{"taxonomy":"product_cat","embeddable":true,"href":"https:\/\/olemosaic.com\/fr\/wp-json\/wp\/v2\/product_cat?post=26201"},{"taxonomy":"product_tag","embeddable":true,"href":"https:\/\/olemosaic.com\/fr\/wp-json\/wp\/v2\/product_tag?post=26201"}],"curies":[{"name":"wp","href":"https:\/\/api.w.org\/{rel}","templated":true}]}}