{"id":26194,"date":"2025-02-20T23:28:13","date_gmt":"2025-02-20T22:28:13","guid":{"rendered":"http:\/\/olemosaic.com\/producto\/salvamanteles-de-ceramica-patio\/"},"modified":"2025-07-25T20:04:31","modified_gmt":"2025-07-25T18:04:31","slug":"dessous-de-plat-en-ceramique-patio","status":"publish","type":"product","link":"https:\/\/olemosaic.com\/fr\/produit\/dessous-de-plat-en-ceramique-patio\/","title":{"rendered":"Dessous-de-plat en c\u00e9ramique. Patio."},"content":{"rendered":"<p>D\u00e9couvrez ce charmant dessous-de-plat en c\u00e9ramique, une \u0153uvre d&rsquo;art fonctionnelle qui capture l&rsquo;essence vibrante de l&rsquo;Andalousie. Avec un design color\u00e9 inspir\u00e9 des patios andalous typiques, ce dessous-de-plat se distingue par son illustration \u00e0 effet peint \u00e0 la main repr\u00e9sentant un couple de danseurs de flamenco profitant d&rsquo;une danse festive. Le fond pr\u00e9sente une magnifique mosa\u00efque de pierres avec des pots d\u00e9bordant de fleurs rouges, cr\u00e9ant une atmosph\u00e8re joyeuse et accueillante.<\/p>\n<p>Le bord tress\u00e9 dans les tons rouges apporte non seulement un d\u00e9tail \u00e9l\u00e9gant, mais renforce \u00e9galement l&rsquo;authenticit\u00e9 du produit, le rendant parfait tant pour un usage quotidien que pour des \u00e9v\u00e9nements sp\u00e9ciaux. Ce dessous-de-plat est id\u00e9al pour ceux qui souhaitent ajouter une touche de culture espagnole \u00e0 leur table, devenant un excellent souvenir de la riche tradition de l&rsquo;Andalousie.<\/p>\n<p>Chez Ol\u00e9 Mosaic, nous sommes fiers de proposer des souvenirs qui c\u00e9l\u00e8brent l&rsquo;h\u00e9ritage culturel de l&rsquo;Espagne. Ce dessous-de-plat en c\u00e9ramique n&rsquo;est pas seulement un accessoire d\u00e9coratif, mais une repr\u00e9sentation du folklore et de la joie de la danse flamenco. C&rsquo;est une option id\u00e9ale pour les boutiques de cadeaux touristiques qui recherchent des produits authentiques et de qualit\u00e9 qui captivent les touristes. En tant que grossistes de souvenirs, nous garantissons que chaque pi\u00e8ce refl\u00e8te l&rsquo;esprit vibrant des patios andalous, devenant un souvenir inoubliable de votre visite dans cette belle r\u00e9gion.<\/p>\n","protected":false},"excerpt":{"rendered":"<p>Dessous-de-plat en c\u00e9ramique avec un design color\u00e9 inspir\u00e9 d&rsquo;un charmant patio andalou. Ce produit pr\u00e9sente une illustration au design artisanal, peint \u00e0 la main, repr\u00e9sentant un couple de danseurs de flamenco dans une ambiance festive, entour\u00e9s de pots de fleurs rouges et de d\u00e9tails de carreaux de fa\u00efence. Avec un bord tress\u00e9 dans les tons rouges, il est \u00e0 la fois fonctionnel et d\u00e9coratif, id\u00e9al pour ajouter une touche authentique de la culture espagnole \u00e0 votre table.<\/p>\n","protected":false},"featured_media":8135,"template":"","meta":{"_acf_changed":false},"product_brand":[],"product_cat":[827],"product_tag":[585],"class_list":{"0":"post-26194","1":"product","2":"type-product","3":"status-publish","4":"has-post-thumbnail","6":"product_cat-dessous-de-plat","7":"product_tag-ceramique","8":"pa_motivo-cours-interieures","10":"first","11":"instock","12":"shipping-taxable","13":"product-type-simple"},"acf":[],"_links":{"self":[{"href":"https:\/\/olemosaic.com\/fr\/wp-json\/wp\/v2\/product\/26194","targetHints":{"allow":["GET"]}}],"collection":[{"href":"https:\/\/olemosaic.com\/fr\/wp-json\/wp\/v2\/product"}],"about":[{"href":"https:\/\/olemosaic.com\/fr\/wp-json\/wp\/v2\/types\/product"}],"wp:featuredmedia":[{"embeddable":true,"href":"https:\/\/olemosaic.com\/fr\/wp-json\/wp\/v2\/media\/8135"}],"wp:attachment":[{"href":"https:\/\/olemosaic.com\/fr\/wp-json\/wp\/v2\/media?parent=26194"}],"wp:term":[{"taxonomy":"product_brand","embeddable":true,"href":"https:\/\/olemosaic.com\/fr\/wp-json\/wp\/v2\/product_brand?post=26194"},{"taxonomy":"product_cat","embeddable":true,"href":"https:\/\/olemosaic.com\/fr\/wp-json\/wp\/v2\/product_cat?post=26194"},{"taxonomy":"product_tag","embeddable":true,"href":"https:\/\/olemosaic.com\/fr\/wp-json\/wp\/v2\/product_tag?post=26194"}],"curies":[{"name":"wp","href":"https:\/\/api.w.org\/{rel}","templated":true}]}}