{"id":26192,"date":"2025-02-20T23:28:13","date_gmt":"2025-02-20T22:28:13","guid":{"rendered":"http:\/\/olemosaic.com\/producto\/llavero-de-madera-letra-d-valencia\/"},"modified":"2025-07-25T18:59:50","modified_gmt":"2025-07-25T16:59:50","slug":"porte-cles-en-bois-lettre-d-valence","status":"publish","type":"product","link":"https:\/\/olemosaic.com\/fr\/produit\/porte-cles-en-bois-lettre-d-valence\/","title":{"rendered":"Porte-cl\u00e9s en bois. Lettre D. Valence."},"content":{"rendered":"<p>D\u00e9couvrez ce charmant porte-cl\u00e9s en bois en forme de lettre \u00ab\u00a0D\u00a0\u00bb, inspir\u00e9 par la ville vibrante de Valence. Ce souvenir attrayant combine une forme classique avec une repr\u00e9sentation artistique des monuments les plus embl\u00e9matiques de la r\u00e9gion, tels que l&rsquo;impressionnante Cit\u00e9 des Arts et des Sciences et la majestueuse Cath\u00e9drale de Valence. Chaque porte-cl\u00e9s est disponible en deux versions vibrantes, l&rsquo;une avec un fond blanc lumineux et l&rsquo;autre dans un ton bleu riche \u00e9voquant le c\u00e9l\u00e8bre trencad\u00eds, la technique de mosa\u00efque qui caract\u00e9rise de nombreuses \u0153uvres de Gaud\u00ed et qui est devenue un symbole de l&rsquo;art valencien.<\/p>\n<p>Le porte-cl\u00e9s, fabriqu\u00e9 en bois r\u00e9sistant, pr\u00e9sente un design color\u00e9 et d\u00e9taill\u00e9 qui capte l&rsquo;essence de la culture et de l&rsquo;architecture locales, id\u00e9al pour ceux qui souhaitent emporter un morceau de Valence avec eux. Les d\u00e9tails architecturaux subtils et les couleurs vibrantes font de ce porte-cl\u00e9s non seulement un accessoire fonctionnel, mais aussi une petite \u0153uvre d&rsquo;art qui refl\u00e8te le riche h\u00e9ritage culturel de la ville.<\/p>\n<p>Chez Ol\u00e9 Mosaic, nous nous sp\u00e9cialisons dans la distribution de souvenirs en gros, et ce porte-cl\u00e9s de Valence est parfait pour les boutiques de cadeaux touristiques qui cherchent \u00e0 offrir des produits authentiques et repr\u00e9sentatifs. Avec son design attrayant et son lien avec le folklore local, c&rsquo;est un excellent choix pour tout visiteur souhaitant se souvenir de son exp\u00e9rience dans cette ville magnifique.<\/p>\n","protected":false},"excerpt":{"rendered":"<p>Porte-cl\u00e9s en bois en forme de lettre \u00ab\u00a0D\u00a0\u00bb, inspir\u00e9 par la ville de Valence. Cet article attrayant pr\u00e9sente un design color\u00e9 qui combine des \u00e9l\u00e9ments architecturaux embl\u00e9matiques, comme la Cit\u00e9 des Arts et des Sciences et la Cath\u00e9drale de Valence, avec un style artistique \u00e9voquant le trencad\u00eds. Disponible en deux versions vibrantes, l&rsquo;une avec un fond blanc et l&rsquo;autre en bleu, ce porte-cl\u00e9s est le souvenir parfait pour ceux qui appr\u00e9cient le folklore et la culture valencienne.<\/p>\n","protected":false},"featured_media":10862,"template":"","meta":{"_acf_changed":false},"product_brand":[],"product_cat":[607],"product_tag":[],"class_list":{"0":"post-26192","1":"product","2":"type-product","3":"status-publish","4":"has-post-thumbnail","6":"product_cat-porte-cles","7":"pa_ciudad-valencia","8":"pa_motivo-lettre-d","9":"pa_pais-espana","11":"first","12":"instock","13":"shipping-taxable","14":"product-type-simple"},"acf":[],"_links":{"self":[{"href":"https:\/\/olemosaic.com\/fr\/wp-json\/wp\/v2\/product\/26192","targetHints":{"allow":["GET"]}}],"collection":[{"href":"https:\/\/olemosaic.com\/fr\/wp-json\/wp\/v2\/product"}],"about":[{"href":"https:\/\/olemosaic.com\/fr\/wp-json\/wp\/v2\/types\/product"}],"wp:featuredmedia":[{"embeddable":true,"href":"https:\/\/olemosaic.com\/fr\/wp-json\/wp\/v2\/media\/10862"}],"wp:attachment":[{"href":"https:\/\/olemosaic.com\/fr\/wp-json\/wp\/v2\/media?parent=26192"}],"wp:term":[{"taxonomy":"product_brand","embeddable":true,"href":"https:\/\/olemosaic.com\/fr\/wp-json\/wp\/v2\/product_brand?post=26192"},{"taxonomy":"product_cat","embeddable":true,"href":"https:\/\/olemosaic.com\/fr\/wp-json\/wp\/v2\/product_cat?post=26192"},{"taxonomy":"product_tag","embeddable":true,"href":"https:\/\/olemosaic.com\/fr\/wp-json\/wp\/v2\/product_tag?post=26192"}],"curies":[{"name":"wp","href":"https:\/\/api.w.org\/{rel}","templated":true}]}}