{"id":26191,"date":"2025-02-20T22:28:12","date_gmt":"2025-02-20T22:28:12","guid":{"rendered":"http:\/\/olemosaic.com\/producto\/iman-de-metal-buho-barcelona-plata-8-cm\/"},"modified":"2025-07-25T18:36:20","modified_gmt":"2025-07-25T16:36:20","slug":"aimant-en-metal-hibou-barcelone-argent-8-cm","status":"publish","type":"product","link":"https:\/\/olemosaic.com\/fr\/produit\/aimant-en-metal-hibou-barcelone-argent-8-cm\/","title":{"rendered":"Aimant en m\u00e9tal. Hibou. Barcelone. Argent. 8 cm."},"content":{"rendered":"<p>D\u00e9couvrez ce charmant aimant m\u00e9tallique de 8 cm, qui capture l&rsquo;essence vibrante de Barcelone \u00e0 travers un magnifique design de deux hiboux dans un style mosa\u00efque color\u00e9. Cet aimant n&rsquo;est pas seulement un excellent souvenir de Barcelone, mais aussi une repr\u00e9sentation artistique de la c\u00e9l\u00e8bre architecture moderniste de la ville, caract\u00e9ris\u00e9e par ses tons brillants de bleu, jaune, rouge et vert. Les hiboux, symboles de sagesse et de myst\u00e8re, sont magistralement d\u00e9taill\u00e9s en c\u00e9ramique, avec une palette de couleurs qui souligne leur beaut\u00e9 et leur singularit\u00e9. Le mot \u00ab\u00a0Barcelona\u00a0\u00bb est \u00e9l\u00e9gamment imprim\u00e9 sur la partie sup\u00e9rieure, compl\u00e9tant le design et faisant allusion au lieu que vous ramenez chez vous.<\/p>\n<p>Cet aimant de hiboux est le cadeau parfait pour ceux qui souhaitent conserver un fragment de la culture catalane. Son design attrayant en fait un article id\u00e9al pour n&rsquo;importe quel r\u00e9frig\u00e9rateur, vous rappelant constamment la magie de Barcelone. Chez Ol\u00e9 Mosaic, en tant que grossistes de souvenirs, nous proposons des produits authentiques qui c\u00e9l\u00e8brent le riche h\u00e9ritage culturel de l&rsquo;Espagne, et cet aimant de hiboux est une excellente option pour les boutiques de cadeaux touristiques souhaitant offrir des souvenirs originaux et vibrants de la ville. Avec sa fabrication de qualit\u00e9 et sa signification culturelle, cet aimant est un rappel charmant de la spectacularit\u00e9 de Barcelone.<\/p>\n","protected":false},"excerpt":{"rendered":"<p>Aimant m\u00e9tallique de 8 cm, illustr\u00e9 d&rsquo;un design vibrant de deux hiboux de style mosa\u00efque, \u00e9voquant l&rsquo;essence color\u00e9e de Barcelone. Cet aimant attrayant pr\u00e9sente des d\u00e9tails en c\u00e9ramique avec une palette de couleurs vives, incluant des tons bleus, jaunes, rouges et verts. Le mot \u00ab\u00a0Barcelona\u00a0\u00bb se d\u00e9tache sur la partie sup\u00e9rieure, compl\u00e9tant le design artistique. Parfait pour ramener un fragment de cette ville embl\u00e9matique chez vous.<\/p>\n","protected":false},"featured_media":11320,"template":"","meta":{"_acf_changed":false},"product_brand":[],"product_cat":[697],"product_tag":[530],"class_list":{"0":"post-26191","1":"product","2":"type-product","3":"status-publish","4":"has-post-thumbnail","6":"product_cat-aimants","7":"product_tag-animaux","8":"pa_ciudad-barcelona","9":"pa_motivo-hiboux","10":"pa_pais-espana","12":"first","13":"instock","14":"shipping-taxable","15":"product-type-simple"},"acf":[],"_links":{"self":[{"href":"https:\/\/olemosaic.com\/fr\/wp-json\/wp\/v2\/product\/26191","targetHints":{"allow":["GET"]}}],"collection":[{"href":"https:\/\/olemosaic.com\/fr\/wp-json\/wp\/v2\/product"}],"about":[{"href":"https:\/\/olemosaic.com\/fr\/wp-json\/wp\/v2\/types\/product"}],"wp:featuredmedia":[{"embeddable":true,"href":"https:\/\/olemosaic.com\/fr\/wp-json\/wp\/v2\/media\/11320"}],"wp:attachment":[{"href":"https:\/\/olemosaic.com\/fr\/wp-json\/wp\/v2\/media?parent=26191"}],"wp:term":[{"taxonomy":"product_brand","embeddable":true,"href":"https:\/\/olemosaic.com\/fr\/wp-json\/wp\/v2\/product_brand?post=26191"},{"taxonomy":"product_cat","embeddable":true,"href":"https:\/\/olemosaic.com\/fr\/wp-json\/wp\/v2\/product_cat?post=26191"},{"taxonomy":"product_tag","embeddable":true,"href":"https:\/\/olemosaic.com\/fr\/wp-json\/wp\/v2\/product_tag?post=26191"}],"curies":[{"name":"wp","href":"https:\/\/api.w.org\/{rel}","templated":true}]}}