{"id":26150,"date":"2025-02-20T23:28:12","date_gmt":"2025-02-20T22:28:12","guid":{"rendered":"http:\/\/olemosaic.com\/producto\/iman-de-ceramica-patio-blanco\/"},"modified":"2025-07-25T18:43:39","modified_gmt":"2025-07-25T16:43:39","slug":"aimant-ceramique-patio-blanc","status":"publish","type":"product","link":"https:\/\/olemosaic.com\/fr\/produit\/aimant-ceramique-patio-blanc\/","title":{"rendered":"Aimant en c\u00e9ramique. Patio. Blanc."},"content":{"rendered":"<p>D\u00e9couvrez ce charmant aimant en c\u00e9ramique en forme de cuill\u00e8re, une pi\u00e8ce unique qui capture l&rsquo;essence vibrante de la culture espagnole. D\u00e9cor\u00e9 d&rsquo;une sc\u00e8ne color\u00e9e d&rsquo;un patio espagnol traditionnel, cet aimant devient un souvenir inoubliable. L&rsquo;illustration met en sc\u00e8ne une danseuse de flamenco avec une robe rouge frappante, accompagn\u00e9e d&rsquo;un cavalier \u00e9l\u00e9gamment v\u00eatu, le tout encadr\u00e9 par des fleurs et des lanternes qui \u00e9voquent une ambiance festive et accueillante.<\/p>\n<p>Le fond blanc de la c\u00e9ramique rehausse les couleurs vives de la sc\u00e8ne, offrant un attrait visuel qui ravive la joie et le rythme des f\u00eates espagnoles. De plus, le mot \u00ab\u00a0Espagne\u00a0\u00bb imprim\u00e9 sur la partie sup\u00e9rieure ajoute un sceau distinctif qui renforce sa valeur en tant que souvenir repr\u00e9sentatif. Cet aimant n&rsquo;est pas seulement un objet d\u00e9coratif, mais une c\u00e9l\u00e9bration de la riche tradition folklorique espagnole, parfait pour ceux qui souhaitent emporter un petit morceau d&rsquo;Espagne chez eux.<\/p>\n<p>Id\u00e9al pour les touristes \u00e0 la recherche de souvenirs authentiques et originaux, cet aimant en c\u00e9ramique est \u00e9galement une excellente option pour les boutiques de cadeaux touristiques. Chez Ol\u00e9 Mosaic, en tant que grossiste de souvenirs, nous proposons des produits qui refl\u00e8tent l&rsquo;authenticit\u00e9 et l&rsquo;artisanat espagnol, garantissant que chaque pi\u00e8ce a une valeur culturelle significative. Cet aimant en c\u00e9ramique est, sans aucun doute, un charmant souvenir de votre visite en Espagne.<\/p>\n","protected":false},"excerpt":{"rendered":"<p>Aimant en c\u00e9ramique en forme de cuill\u00e8re, d\u00e9cor\u00e9 d&rsquo;une sc\u00e8ne color\u00e9e d&rsquo;un patio espagnol. Cet aimant attrayant montre une danseuse de flamenco en robe rouge et un homme v\u00eatu de noir, tous deux entour\u00e9s de fleurs et de lanternes, \u00e9voquant une ambiance festive. Peint dans un style artisanal, le fond blanc fait ressortir les couleurs vives, tandis que le mot \u00ab\u00a0Espagne\u00a0\u00bb souligne son caract\u00e8re unique, id\u00e9al pour se souvenir de l&rsquo;essence de la culture espagnole.<\/p>\n","protected":false},"featured_media":8511,"template":"","meta":{"_acf_changed":false},"product_brand":[],"product_cat":[697],"product_tag":[585],"class_list":{"0":"post-26150","1":"product","2":"type-product","3":"status-publish","4":"has-post-thumbnail","6":"product_cat-aimants","7":"product_tag-ceramique","8":"pa_motivo-cours-interieures","10":"first","11":"instock","12":"shipping-taxable","13":"product-type-simple"},"acf":[],"_links":{"self":[{"href":"https:\/\/olemosaic.com\/fr\/wp-json\/wp\/v2\/product\/26150","targetHints":{"allow":["GET"]}}],"collection":[{"href":"https:\/\/olemosaic.com\/fr\/wp-json\/wp\/v2\/product"}],"about":[{"href":"https:\/\/olemosaic.com\/fr\/wp-json\/wp\/v2\/types\/product"}],"wp:featuredmedia":[{"embeddable":true,"href":"https:\/\/olemosaic.com\/fr\/wp-json\/wp\/v2\/media\/8511"}],"wp:attachment":[{"href":"https:\/\/olemosaic.com\/fr\/wp-json\/wp\/v2\/media?parent=26150"}],"wp:term":[{"taxonomy":"product_brand","embeddable":true,"href":"https:\/\/olemosaic.com\/fr\/wp-json\/wp\/v2\/product_brand?post=26150"},{"taxonomy":"product_cat","embeddable":true,"href":"https:\/\/olemosaic.com\/fr\/wp-json\/wp\/v2\/product_cat?post=26150"},{"taxonomy":"product_tag","embeddable":true,"href":"https:\/\/olemosaic.com\/fr\/wp-json\/wp\/v2\/product_tag?post=26150"}],"curies":[{"name":"wp","href":"https:\/\/api.w.org\/{rel}","templated":true}]}}