{"id":26149,"date":"2025-02-20T23:28:12","date_gmt":"2025-02-20T22:28:12","guid":{"rendered":"http:\/\/olemosaic.com\/producto\/bol-de-coco-rojo-tortuga-barcelona\/"},"modified":"2025-07-25T19:54:05","modified_gmt":"2025-07-25T17:54:05","slug":"bol-noix-de-coco-rouge-tortue-barcelone","status":"publish","type":"product","link":"https:\/\/olemosaic.com\/fr\/produit\/bol-noix-de-coco-rouge-tortue-barcelone\/","title":{"rendered":"Bol en noix de coco rouge. Tortue avec gravure Barcelone."},"content":{"rendered":"<p>D\u00e9couvrez ce charmant bol en noix de coco rouge d\u00e9cor\u00e9 d&rsquo;une tortue, une pi\u00e8ce unique qui encapsule l&rsquo;essence vibrante de Barcelone. Ce bol attrayant, fabriqu\u00e9 en mat\u00e9riau de noix de coco, se distingue par sa finition brillante et textur\u00e9e, ce qui en fait un \u00e9l\u00e9ment visuellement captivant. Au centre, une tortue soigneusement dessin\u00e9e est compl\u00e9t\u00e9e par le mot \u00ab\u00a0Barcelone\u00a0\u00bb imprim\u00e9, symbolisant la mer M\u00e9diterran\u00e9e et la vie marine qui entoure la ville. Le bord du bol est orn\u00e9 de c\u0153urs aux tons vibrants, ajoutant une touche de chaleur et de couleur qui r\u00e9sonnera aupr\u00e8s des visiteurs et des amoureux de cette belle ville.<\/p>\n<p>Ce bol n&rsquo;est pas seulement id\u00e9al comme pi\u00e8ce d\u00e9corative, il est aussi fonctionnel, parfait pour servir de petits ap\u00e9ritifs ou pour \u00eatre expos\u00e9 dans n&rsquo;importe quel espace. Son design met en valeur la culture locale et repr\u00e9sente la connexion de Barcelone avec la mer et ses traditions m\u00e9diterran\u00e9ennes, ce qui en fait un excellent souvenir pour les touristes qui cherchent \u00e0 emporter un petit morceau de la ville. Chez Ol\u00e9 Mosaic, nous sommes sp\u00e9cialistes de la distribution de souvenirs en gros, offrant des produits authentiques qui c\u00e9l\u00e8brent le patrimoine culturel espagnol, ce qui fait de ce bol en noix de coco rouge une option attrayante pour les boutiques de cadeaux touristiques. Id\u00e9al pour ceux qui recherchent authenticit\u00e9 et beaut\u00e9 dans leurs souvenirs.<\/p>\n","protected":false},"excerpt":{"rendered":"<p>Bol en noix de coco rouge d\u00e9cor\u00e9 d&rsquo;une tortue, repr\u00e9sentant l&rsquo;essence de Barcelone. Ce bol attrayant pr\u00e9sente une finition brillante et textur\u00e9e, avec un design tr\u00e8s sp\u00e9cial d&rsquo;une tortue au centre et le mot \u00ab\u00a0Barcelone\u00a0\u00bb grav\u00e9. Son bord est orn\u00e9 de c\u0153urs aux couleurs vibrantes, cr\u00e9ant un effet visuel saisissant. Fabriqu\u00e9 en noix de coco, il est id\u00e9al comme pi\u00e8ce d\u00e9corative ou pour servir de petits ap\u00e9ritifs, allant de la fonctionnalit\u00e9 \u00e0 l&rsquo;art.<\/p>\n","protected":false},"featured_media":10276,"template":"","meta":{"_acf_changed":false},"product_brand":[],"product_cat":[521],"product_tag":[530],"class_list":{"0":"post-26149","1":"product","2":"type-product","3":"status-publish","4":"has-post-thumbnail","6":"product_cat-bols","7":"product_tag-animaux","8":"pa_ciudad-barcelona","9":"pa_motivo-tortues","10":"pa_pais-espana","12":"first","13":"instock","14":"shipping-taxable","15":"product-type-simple"},"acf":[],"_links":{"self":[{"href":"https:\/\/olemosaic.com\/fr\/wp-json\/wp\/v2\/product\/26149","targetHints":{"allow":["GET"]}}],"collection":[{"href":"https:\/\/olemosaic.com\/fr\/wp-json\/wp\/v2\/product"}],"about":[{"href":"https:\/\/olemosaic.com\/fr\/wp-json\/wp\/v2\/types\/product"}],"wp:featuredmedia":[{"embeddable":true,"href":"https:\/\/olemosaic.com\/fr\/wp-json\/wp\/v2\/media\/10276"}],"wp:attachment":[{"href":"https:\/\/olemosaic.com\/fr\/wp-json\/wp\/v2\/media?parent=26149"}],"wp:term":[{"taxonomy":"product_brand","embeddable":true,"href":"https:\/\/olemosaic.com\/fr\/wp-json\/wp\/v2\/product_brand?post=26149"},{"taxonomy":"product_cat","embeddable":true,"href":"https:\/\/olemosaic.com\/fr\/wp-json\/wp\/v2\/product_cat?post=26149"},{"taxonomy":"product_tag","embeddable":true,"href":"https:\/\/olemosaic.com\/fr\/wp-json\/wp\/v2\/product_tag?post=26149"}],"curies":[{"name":"wp","href":"https:\/\/api.w.org\/{rel}","templated":true}]}}