{"id":26147,"date":"2025-02-20T22:28:12","date_gmt":"2025-02-20T22:28:12","guid":{"rendered":"http:\/\/olemosaic.com\/producto\/libreta-de-80-hojas-salamandra-lanzarote\/"},"modified":"2025-07-25T18:46:16","modified_gmt":"2025-07-25T16:46:16","slug":"carnet-80-feuilles-salamandre-lanzarote","status":"publish","type":"product","link":"https:\/\/olemosaic.com\/fr\/produit\/carnet-80-feuilles-salamandre-lanzarote\/","title":{"rendered":"Carnet de 80 feuilles. Salamandre. Lanzarote."},"content":{"rendered":"<p>D\u00e9couvrez ce carnet exquis de 80 feuilles d\u00e9cor\u00e9 d&rsquo;une illustration vibrante de salamandres, inspir\u00e9 par la faune singuli\u00e8re de Lanzarote. Son design capture l&rsquo;essence de l&rsquo;environnement volcanique de l&rsquo;\u00eele, avec deux salamandres stylis\u00e9es dans des tons brillants et color\u00e9s qui contrastent avec un fond sombre. Entour\u00e9es de fleurs rouges et bleues, ces salamandres \u00e9voquent le paysage naturel riche et diversifi\u00e9 de Lanzarote, transformant cet objet en un souvenir visuellement percutant qui souligne la beaut\u00e9 de la nature canarienne.<\/p>\n<p>Le carnet, en plus d&rsquo;\u00eatre artistique, est fonctionnel. Il dispose d&rsquo;une bande \u00e9lastique rouge pratique qui s\u00e9curise son contenu, ce qui le rend id\u00e9al pour prendre des notes, faire des croquis et r\u00e9fl\u00e9chir. Avec son design attrayant et captivant, ce carnet est parfait pour les touristes et les habitants qui souhaitent exprimer leurs pens\u00e9es et inspirations tout en s&rsquo;immergeant dans la riche culture et les paysages de Lanzarote.<\/p>\n<p>Ol\u00e9 Mosaic se positionne comme distributeur de souvenirs authentiques et culturels, offrant des produits qui c\u00e9l\u00e8brent l&rsquo;h\u00e9ritage de leurs r\u00e9gions. Ce carnet, en tant que souvenir de Lanzarote, est une excellente option pour les boutiques de cadeaux touristiques \u00e0 la recherche de qualit\u00e9 et d&rsquo;un design attrayant dans leurs produits. Avec le carnet salamandres, vous n&rsquo;acqu\u00e9rez pas seulement un accessoire utile, mais aussi une pi\u00e8ce qui refl\u00e8te l&rsquo;essence d&rsquo;une \u00eele unique au monde.<\/p>\n","protected":false},"excerpt":{"rendered":"<p>Carnet de 80 feuilles d\u00e9cor\u00e9 d&rsquo;une illustration vibrante de salamandres, inspir\u00e9 de la faune de Lanzarote. Le design pr\u00e9sente deux salamandres color\u00e9es et stylis\u00e9es sur un fond sombre, entour\u00e9es de fleurs rouges et bleues qui \u00e9voquent le paysage volcanique de l&rsquo;\u00eele. Il int\u00e8gre une bande \u00e9lastique rouge pratique pour s\u00e9curiser son contenu, ce qui en fait un accessoire id\u00e9al pour prendre des notes, faire des croquis et r\u00e9fl\u00e9chir.<\/p>\n","protected":false},"featured_media":12015,"template":"","meta":{"_acf_changed":false},"product_brand":[],"product_cat":[806],"product_tag":[530],"class_list":{"0":"post-26147","1":"product","2":"type-product","3":"status-publish","4":"has-post-thumbnail","6":"product_cat-carnets","7":"product_tag-animaux","8":"pa_ciudad-lanzarote","9":"pa_motivo-salamandres","10":"pa_pais-espana","12":"first","13":"instock","14":"shipping-taxable","15":"product-type-simple"},"acf":[],"_links":{"self":[{"href":"https:\/\/olemosaic.com\/fr\/wp-json\/wp\/v2\/product\/26147","targetHints":{"allow":["GET"]}}],"collection":[{"href":"https:\/\/olemosaic.com\/fr\/wp-json\/wp\/v2\/product"}],"about":[{"href":"https:\/\/olemosaic.com\/fr\/wp-json\/wp\/v2\/types\/product"}],"wp:featuredmedia":[{"embeddable":true,"href":"https:\/\/olemosaic.com\/fr\/wp-json\/wp\/v2\/media\/12015"}],"wp:attachment":[{"href":"https:\/\/olemosaic.com\/fr\/wp-json\/wp\/v2\/media?parent=26147"}],"wp:term":[{"taxonomy":"product_brand","embeddable":true,"href":"https:\/\/olemosaic.com\/fr\/wp-json\/wp\/v2\/product_brand?post=26147"},{"taxonomy":"product_cat","embeddable":true,"href":"https:\/\/olemosaic.com\/fr\/wp-json\/wp\/v2\/product_cat?post=26147"},{"taxonomy":"product_tag","embeddable":true,"href":"https:\/\/olemosaic.com\/fr\/wp-json\/wp\/v2\/product_tag?post=26147"}],"curies":[{"name":"wp","href":"https:\/\/api.w.org\/{rel}","templated":true}]}}