{"id":26146,"date":"2025-02-20T23:28:12","date_gmt":"2025-02-20T22:28:12","guid":{"rendered":"http:\/\/olemosaic.com\/producto\/taza-de-ceramica-bailaora-sevilla-beige\/"},"modified":"2025-07-25T18:38:28","modified_gmt":"2025-07-25T16:38:28","slug":"mug-en-ceramique-danseuse-seville-beige","status":"publish","type":"product","link":"https:\/\/olemosaic.com\/fr\/produit\/mug-en-ceramique-danseuse-seville-beige\/","title":{"rendered":"Mug en c\u00e9ramique. Danseuse de flamenco. S\u00e9ville. Beige."},"content":{"rendered":"<p>D\u00e9couvrez ce charmant mug en c\u00e9ramique d\u00e9cor\u00e9 d&rsquo;une \u00e9l\u00e9gante danseuse de flamenco, inspir\u00e9 par la culture vibrante de S\u00e9ville. Son design, aux tons beige doux, se distingue par la repr\u00e9sentation de la danseuse v\u00eatue d&rsquo;une robe exub\u00e9rante \u00e0 volants rouges qui capture l&rsquo;essence de l&rsquo;art flamenco. \u00c0 c\u00f4t\u00e9 du motif, le mot \u00ab\u00a0S\u00c9VILLE\u00a0\u00bb est orn\u00e9 d&rsquo;un d\u00e9licat \u0153illet, symbolisant l&rsquo;esprit andalou et sa riche tradition culturelle. Ce mug n&rsquo;est pas seulement fonctionnel, c&rsquo;est aussi une \u0153uvre d&rsquo;art qui c\u00e9l\u00e8bre l&rsquo;h\u00e9ritage flamenco de la r\u00e9gion. De plus, il comprend une cuill\u00e8re verte pratique, qui s&rsquo;accorde parfaitement avec l&rsquo;esth\u00e9tique de l&rsquo;ensemble, apportant une touche de couleur et de fonctionnalit\u00e9. Les d\u00e9tails lumineux qui ornent le mug ajoutent un air de sophistication et d&rsquo;authenticit\u00e9, faisant de cet article un souvenir remarquable et repr\u00e9sentatif de S\u00e9ville. Id\u00e9al pour les touristes \u00e0 la recherche de souvenirs authentiques et de qualit\u00e9, ce mug en c\u00e9ramique devient un cadeau parfait qui \u00e9voque les moments v\u00e9cus dans la ville. Chez Ol\u00e9 Mosaic, nous proposons une large gamme de souvenirs en c\u00e9ramique qui exaltent la culture andalouse, garantissant qualit\u00e9 et soin dans chaque pi\u00e8ce.<\/p>\n","protected":false},"excerpt":{"rendered":"<p>Mug en c\u00e9ramique d\u00e9cor\u00e9 d&rsquo;une \u00e9l\u00e9gante danseuse de flamenco, inspir\u00e9 de la culture s\u00e9villane. Ce charmant design aux tons beige met en valeur la danseuse, v\u00eatue d&rsquo;une robe vibrante \u00e0 volants rouges, et compl\u00e8te le texte \u00ab\u00a0S\u00c9VILLE\u00a0\u00bb avec un \u0153illet. Le mug comprend une cuill\u00e8re verte pratique et pr\u00e9sente des d\u00e9tails lumineux, ce qui en fait un merveilleux souvenir c\u00e9l\u00e9brant la tradition flamenca andalouse.<\/p>\n","protected":false},"featured_media":6897,"template":"","meta":{"_acf_changed":false},"product_brand":[],"product_cat":[822],"product_tag":[585],"class_list":{"0":"post-26146","1":"product","2":"type-product","3":"status-publish","4":"has-post-thumbnail","6":"product_cat-mugs-fr","7":"product_tag-ceramique","8":"pa_ciudad-sevilla","9":"pa_motivo-danseurs","10":"pa_pais-espana","12":"first","13":"instock","14":"shipping-taxable","15":"product-type-simple"},"acf":[],"_links":{"self":[{"href":"https:\/\/olemosaic.com\/fr\/wp-json\/wp\/v2\/product\/26146","targetHints":{"allow":["GET"]}}],"collection":[{"href":"https:\/\/olemosaic.com\/fr\/wp-json\/wp\/v2\/product"}],"about":[{"href":"https:\/\/olemosaic.com\/fr\/wp-json\/wp\/v2\/types\/product"}],"wp:featuredmedia":[{"embeddable":true,"href":"https:\/\/olemosaic.com\/fr\/wp-json\/wp\/v2\/media\/6897"}],"wp:attachment":[{"href":"https:\/\/olemosaic.com\/fr\/wp-json\/wp\/v2\/media?parent=26146"}],"wp:term":[{"taxonomy":"product_brand","embeddable":true,"href":"https:\/\/olemosaic.com\/fr\/wp-json\/wp\/v2\/product_brand?post=26146"},{"taxonomy":"product_cat","embeddable":true,"href":"https:\/\/olemosaic.com\/fr\/wp-json\/wp\/v2\/product_cat?post=26146"},{"taxonomy":"product_tag","embeddable":true,"href":"https:\/\/olemosaic.com\/fr\/wp-json\/wp\/v2\/product_tag?post=26146"}],"curies":[{"name":"wp","href":"https:\/\/api.w.org\/{rel}","templated":true}]}}