{"id":26144,"date":"2025-02-20T23:28:11","date_gmt":"2025-02-20T22:28:11","guid":{"rendered":"http:\/\/olemosaic.com\/producto\/4-bols-de-coco-de-13-x-6-cm-concha-camino-de-santiago\/"},"modified":"2025-07-25T19:47:30","modified_gmt":"2025-07-25T17:47:30","slug":"4-bols-en-noix-de-coco-13-x-6-cm-coquille-chemin-de-compostelle","status":"publish","type":"product","link":"https:\/\/olemosaic.com\/fr\/produit\/4-bols-en-noix-de-coco-13-x-6-cm-coquille-chemin-de-compostelle\/","title":{"rendered":"Lot de 4 bols en noix de coco de 13 x 6 cm. Coquille. Chemin de Compostelle."},"content":{"rendered":"<p>D\u00e9couvrez le jeu vibrant de 4 bols en noix de coco, chacun de 13 x 6 cm, qui \u00e9voque la travers\u00e9e embl\u00e9matique du Chemin de Compostelle. Ces bols color\u00e9s se distinguent par leur design tr\u00e8s sp\u00e9cial, qui inclut l&rsquo;iconique coquille du p\u00e8lerin, symbole de la route jacquaire, et l&rsquo;inscription \u00ab\u00a0Camino de Santiago\u00a0\u00bb. La palette de couleurs est joyeuse et vari\u00e9e, avec des tons bleus, rouges, orange et roses qui offrent un effet visuel captivant et c\u00e9l\u00e8brent la diversit\u00e9 culturelle de l&rsquo;Espagne. Chaque bol pr\u00e9sente une finition qui souligne la texture naturelle de la noix de coco, apportant authenticit\u00e9 et une touche rustique qui compl\u00e8te n&rsquo;importe quelle table.<\/p>\n<p>Id\u00e9aux aussi bien pour servir des ap\u00e9ritifs que pour d\u00e9corer, ces bols invitent \u00e0 partager l&rsquo;exp\u00e9rience du Chemin \u00e0 chaque repas. Chaque pi\u00e8ce est un souvenir authentique de la tradition du Chemin de Compostelle, parfait pour les touristes qui cherchent \u00e0 emporter un petit morceau de cette exp\u00e9rience unique. Chez Ol\u00e9 Mosaic, en tant que grossistes de souvenirs de qualit\u00e9, nous sommes fiers de proposer des produits qui r\u00e9sonnent avec l&rsquo;h\u00e9ritage culturel espagnol. Ce jeu de bols en coco n&rsquo;est pas seulement pratique, il est aussi une excellente option pour les boutiques de cadeaux touristiques souhaitant offrir des articles inoubliables et repr\u00e9sentatifs de cette route embl\u00e9matique.<\/p>\n","protected":false},"excerpt":{"rendered":"<p>Jeu de 4 bols en noix de coco, chacun de 13 x 6 cm, inspir\u00e9s de l&#8217;embl\u00e9matique Chemin de Compostelle. Ces bols color\u00e9s sont d\u00e9cor\u00e9s d&rsquo;un design tr\u00e8s sp\u00e9cial qui inclut la c\u00e9l\u00e8bre coquille du p\u00e8lerin et l&rsquo;inscription \u00ab\u00a0Camino de Santiago\u00a0\u00bb. Chacun pr\u00e9sente une combinaison vibrante de tons bleus, rouges, orange et roses, rehauss\u00e9s par une finition qui met en valeur la texture naturelle de la noix de coco. Ils sont id\u00e9aux pour servir des ap\u00e9ritifs ou comme \u00e9l\u00e9ments d\u00e9coratifs \u00e9voquant l&rsquo;esprit de la route jacquaire.<\/p>\n","protected":false},"featured_media":13786,"template":"","meta":{"_acf_changed":false},"product_brand":[],"product_cat":[521],"product_tag":[],"class_list":{"0":"post-26144","1":"product","2":"type-product","3":"status-publish","4":"has-post-thumbnail","6":"product_cat-bols","7":"pa_ciudad-santiago-de-compostela","8":"pa_motivo-coquillages","9":"pa_pais-espana","11":"first","12":"instock","13":"shipping-taxable","14":"product-type-simple"},"acf":[],"_links":{"self":[{"href":"https:\/\/olemosaic.com\/fr\/wp-json\/wp\/v2\/product\/26144","targetHints":{"allow":["GET"]}}],"collection":[{"href":"https:\/\/olemosaic.com\/fr\/wp-json\/wp\/v2\/product"}],"about":[{"href":"https:\/\/olemosaic.com\/fr\/wp-json\/wp\/v2\/types\/product"}],"wp:featuredmedia":[{"embeddable":true,"href":"https:\/\/olemosaic.com\/fr\/wp-json\/wp\/v2\/media\/13786"}],"wp:attachment":[{"href":"https:\/\/olemosaic.com\/fr\/wp-json\/wp\/v2\/media?parent=26144"}],"wp:term":[{"taxonomy":"product_brand","embeddable":true,"href":"https:\/\/olemosaic.com\/fr\/wp-json\/wp\/v2\/product_brand?post=26144"},{"taxonomy":"product_cat","embeddable":true,"href":"https:\/\/olemosaic.com\/fr\/wp-json\/wp\/v2\/product_cat?post=26144"},{"taxonomy":"product_tag","embeddable":true,"href":"https:\/\/olemosaic.com\/fr\/wp-json\/wp\/v2\/product_tag?post=26144"}],"curies":[{"name":"wp","href":"https:\/\/api.w.org\/{rel}","templated":true}]}}