{"id":26143,"date":"2025-02-20T23:28:11","date_gmt":"2025-02-20T22:28:11","guid":{"rendered":"http:\/\/olemosaic.com\/producto\/4-bols-de-coco-de-13-x-6-cm-isla-mallorca\/"},"modified":"2025-07-25T19:19:19","modified_gmt":"2025-07-25T17:19:19","slug":"4-bols-en-noix-de-coco-13-x-6-cm-ile-majorque","status":"publish","type":"product","link":"https:\/\/olemosaic.com\/fr\/produit\/4-bols-en-noix-de-coco-13-x-6-cm-ile-majorque\/","title":{"rendered":"Lot de 4 bols en noix de coco de 13 x 6 cm. \u00cele. Majorque. Noir."},"content":{"rendered":"<p>D\u00e9couvrez le lot de 4 bols d\u00e9coratifs en noix de coco de Majorque, une expression authentique de la culture bal\u00e9are. D&rsquo;une taille de 13 x 6 cm, chaque bol se distingue par sa palette de couleurs vibrantes : bleu, rouge, jaune et fuchsia, le tout sur un fond noir parsem\u00e9 de c\u0153urs. Au centre de chaque pi\u00e8ce, le mot \u00ab\u00a0MALLORCA\u00a0\u00bb ressort de mani\u00e8re frappante, faisant de ces bols un beau souvenir de l&rsquo;\u00eele. Con\u00e7us pour servir des ap\u00e9ritifs ou comme \u00e9l\u00e9ments d\u00e9coratifs, ces bols refl\u00e8tent le folklore joyeux de Majorque, capturant l&rsquo;essence festive de la r\u00e9gion.<\/p>\n<p>L&rsquo;utilisation de la fibre de coco dans leur fabrication garantit non seulement l&rsquo;authenticit\u00e9 du produit, mais souligne \u00e9galement la connexion \u00e9cologique et culturelle qui caract\u00e9rise les produits de l&rsquo;\u00eele. Ces bols originaux repr\u00e9sentent un excellent souvenir qui offre aux touristes la possibilit\u00e9 d&#8217;emporter chez eux un petit morceau de la culture vibrante de Majorque. Chez Ol\u00e9 Mosaic, nous sommes sp\u00e9cialistes de la distribution de souvenirs en gros, ce qui fait de ce lot de bols en coco une option parfaite pour les boutiques de cadeaux touristiques souhaitant proposer des articles authentiques et charg\u00e9s de sens. Acqu\u00e9rez ces souvenirs de Majorque et montrez \u00e0 vos clients la joie et la couleur de cette \u00eele merveilleuse.<\/p>\n","protected":false},"excerpt":{"rendered":"<p>Bols en noix de coco de 13 x 6 cm, d\u00e9cor\u00e9s de couleurs vibrantes et de motifs \u00e9voquant l&rsquo;\u00eele de Majorque. Chaque bol pr\u00e9sente un fond noir parsem\u00e9 de c\u0153urs dans des tons tels que le bleu, le rouge, le jaune et le fuchsia, avec le mot \u00ab\u00a0MALLORCA\u00a0\u00bb mis en avant au centre. Ces bols originaux sont id\u00e9aux pour servir des ap\u00e9ritifs ou comme \u00e9l\u00e9ment d\u00e9coratif, et refl\u00e8tent le folklore joyeux de la r\u00e9gion bal\u00e9are. Leur design gai en fait un souvenir ou un cadeau attrayant.<\/p>\n","protected":false},"featured_media":10667,"template":"","meta":{"_acf_changed":false},"product_brand":[],"product_cat":[521],"product_tag":[],"class_list":{"0":"post-26143","1":"product","2":"type-product","3":"status-publish","4":"has-post-thumbnail","6":"product_cat-bols","7":"pa_ciudad-mallorca","8":"pa_motivo-iles","9":"pa_pais-espana","11":"first","12":"instock","13":"shipping-taxable","14":"product-type-simple"},"acf":[],"_links":{"self":[{"href":"https:\/\/olemosaic.com\/fr\/wp-json\/wp\/v2\/product\/26143","targetHints":{"allow":["GET"]}}],"collection":[{"href":"https:\/\/olemosaic.com\/fr\/wp-json\/wp\/v2\/product"}],"about":[{"href":"https:\/\/olemosaic.com\/fr\/wp-json\/wp\/v2\/types\/product"}],"wp:featuredmedia":[{"embeddable":true,"href":"https:\/\/olemosaic.com\/fr\/wp-json\/wp\/v2\/media\/10667"}],"wp:attachment":[{"href":"https:\/\/olemosaic.com\/fr\/wp-json\/wp\/v2\/media?parent=26143"}],"wp:term":[{"taxonomy":"product_brand","embeddable":true,"href":"https:\/\/olemosaic.com\/fr\/wp-json\/wp\/v2\/product_brand?post=26143"},{"taxonomy":"product_cat","embeddable":true,"href":"https:\/\/olemosaic.com\/fr\/wp-json\/wp\/v2\/product_cat?post=26143"},{"taxonomy":"product_tag","embeddable":true,"href":"https:\/\/olemosaic.com\/fr\/wp-json\/wp\/v2\/product_tag?post=26143"}],"curies":[{"name":"wp","href":"https:\/\/api.w.org\/{rel}","templated":true}]}}