{"id":26142,"date":"2025-02-20T23:28:11","date_gmt":"2025-02-20T22:28:11","guid":{"rendered":"http:\/\/olemosaic.com\/producto\/mug-xl-de-ceramica-salamandra-beige\/"},"modified":"2025-07-25T20:19:58","modified_gmt":"2025-07-25T18:19:58","slug":"mug-xl-en-ceramique-salamandre-beige","status":"publish","type":"product","link":"https:\/\/olemosaic.com\/fr\/produit\/mug-xl-en-ceramique-salamandre-beige\/","title":{"rendered":"Mug XL en c\u00e9ramique. Salamandre et Fleurs. Beige."},"content":{"rendered":"<p>D\u00e9couvrez la tasse XL en c\u00e9ramique au design charmant de salamandres, id\u00e9ale pour les amateurs de folklore et de la culture vibrante de la r\u00e9gion. Cette tasse, sur une base beige, est soigneusement orn\u00e9e de motifs color\u00e9s de salamandres dans des tons rouge, vert et bleu, ainsi que de fleurs et de feuilles aux couleurs vives qui \u00e9voquent la richesse de la nature locale. Chaque d\u00e9tail a \u00e9t\u00e9 peint \u00e0 la main par des artisans, ce qui fait de cette pi\u00e8ce non seulement un objet fonctionnel, mais aussi un v\u00e9ritable \u00e9l\u00e9ment d\u00e9coratif qui rehausse n&rsquo;importe quel int\u00e9rieur.<\/p>\n<p>La salamandre est un symbole de transformation et de renouveau dans de nombreuses cultures, et son inclusion dans le design de la tasse ajoute une valeur culturelle significative. En d\u00e9gustant vos boissons pr\u00e9f\u00e9r\u00e9es dans cette tasse, vous c\u00e9l\u00e9brerez l&rsquo;h\u00e9ritage artistique et l&rsquo;amour de la nature qui caract\u00e9risent la r\u00e9gion. Parfaite pour ceux qui recherchent des souvenirs en c\u00e9ramique uniques et repr\u00e9sentatifs, cette tasse XL combine avec succ\u00e8s \u00e9l\u00e9gance et utilit\u00e9, constituant une excellente option pour les boutiques de cadeaux touristiques.<\/p>\n<p>Chez Ol\u00e9 Mosaic, en tant que grossiste de souvenirs authentiques, nous proposons des produits de qualit\u00e9 qui mettent en avant la beaut\u00e9 culturelle de l&rsquo;Espagne et du Portugal. Cette tasse ne r\u00e9pond pas seulement au besoin d&rsquo;un r\u00e9cipient pour boissons, mais agit \u00e9galement comme un souvenir significatif de la riche culture de la r\u00e9gion. Un souvenir id\u00e9al qui ravira n&rsquo;importe quel visiteur.<\/p>\n","protected":false},"excerpt":{"rendered":"<p>Mug XL en c\u00e9ramique avec un design vibrant de salamandres, id\u00e9al pour savourer vos boissons pr\u00e9f\u00e9r\u00e9es. Sa base beige est orn\u00e9e de motifs color\u00e9s de salamandres dans des tons rouges, verts et bleus, accompagn\u00e9s de fleurs et de feuilles aux couleurs vives, cr\u00e9ant un attrait visuel qui \u00e9voque le folklore de la r\u00e9gion. Parfaitement con\u00e7u de mani\u00e8re artisanale et peint \u00e0 la main, ce mug allie fonctionnalit\u00e9 et art, devenant un \u00e9l\u00e9ment d\u00e9coratif et utile pour tout foyer.<\/p>\n","protected":false},"featured_media":7208,"template":"","meta":{"_acf_changed":false},"product_brand":[],"product_cat":[728],"product_tag":[530,585],"class_list":{"0":"post-26142","1":"product","2":"type-product","3":"status-publish","4":"has-post-thumbnail","6":"product_cat-mugs","7":"product_tag-animaux","8":"product_tag-ceramique","9":"pa_motivo-salamandres","11":"first","12":"instock","13":"shipping-taxable","14":"product-type-simple"},"acf":[],"_links":{"self":[{"href":"https:\/\/olemosaic.com\/fr\/wp-json\/wp\/v2\/product\/26142","targetHints":{"allow":["GET"]}}],"collection":[{"href":"https:\/\/olemosaic.com\/fr\/wp-json\/wp\/v2\/product"}],"about":[{"href":"https:\/\/olemosaic.com\/fr\/wp-json\/wp\/v2\/types\/product"}],"wp:featuredmedia":[{"embeddable":true,"href":"https:\/\/olemosaic.com\/fr\/wp-json\/wp\/v2\/media\/7208"}],"wp:attachment":[{"href":"https:\/\/olemosaic.com\/fr\/wp-json\/wp\/v2\/media?parent=26142"}],"wp:term":[{"taxonomy":"product_brand","embeddable":true,"href":"https:\/\/olemosaic.com\/fr\/wp-json\/wp\/v2\/product_brand?post=26142"},{"taxonomy":"product_cat","embeddable":true,"href":"https:\/\/olemosaic.com\/fr\/wp-json\/wp\/v2\/product_cat?post=26142"},{"taxonomy":"product_tag","embeddable":true,"href":"https:\/\/olemosaic.com\/fr\/wp-json\/wp\/v2\/product_tag?post=26142"}],"curies":[{"name":"wp","href":"https:\/\/api.w.org\/{rel}","templated":true}]}}