{"id":26141,"date":"2025-02-20T22:28:11","date_gmt":"2025-02-20T22:28:11","guid":{"rendered":"http:\/\/olemosaic.com\/producto\/llavero-de-madera-letra-f-mosaico\/"},"modified":"2025-07-25T18:46:02","modified_gmt":"2025-07-25T16:46:02","slug":"porte-cles-en-bois-lettre-f-mosaique","status":"publish","type":"product","link":"https:\/\/olemosaic.com\/fr\/produit\/porte-cles-en-bois-lettre-f-mosaique\/","title":{"rendered":"Porte-cl\u00e9s en bois. Lettre F. Mosa\u00efque."},"content":{"rendered":"<p>D\u00e9couvrez l&rsquo;exclusif porte-cl\u00e9s en bois en forme de la lettre \u00ab\u00a0F\u00a0\u00bb, un v\u00e9ritable symbole de cr\u00e9ativit\u00e9 et d&rsquo;artisanat qui capture l&rsquo;essence de l&rsquo;art de la mosa\u00efque en Espagne. Ce porte-cl\u00e9s, d\u00e9cor\u00e9 d&rsquo;un design multicolore vibrant comprenant des rouges intenses, des jaunes radieux, des verts frais, des bleus profonds et des violets frappants, apporte une touche de joie et d&rsquo;originalit\u00e9 \u00e0 vos cl\u00e9s ou \u00e0 votre sac. Chaque pi\u00e8ce est unique et se distingue par sa finition \u00e9labor\u00e9e, qui souligne la ma\u00eetrise du travail du bois, offrant non seulement de la durabilit\u00e9, mais aussi un attrait visuel exceptionnel.<\/p>\n<p>La mosa\u00efque, une tradition ancr\u00e9e dans la culture espagnole, se refl\u00e8te dans ce porte-cl\u00e9s, qui sert \u00e0 la fois d&rsquo;accessoire pratique et de souvenir repr\u00e9sentatif du patrimoine artistique de l&rsquo;Espagne. Chaque couleur et forme du design non seulement orne la lettre \u00ab\u00a0F\u00a0\u00bb, mais symbolise \u00e9galement la diversit\u00e9 et la beaut\u00e9 de l&rsquo;art que l&rsquo;on trouve dans les coins les plus embl\u00e9matiques du pays.<\/p>\n<p>Chez Ol\u00e9 Mosaic, nous savons que ce porte-cl\u00e9s en mosa\u00efque est une excellente option pour les boutiques de cadeaux touristiques cherchant \u00e0 proposer des souvenirs authentiques et originaux. En tant que distributeurs de porte-cl\u00e9s en gros, nous garantissons la qualit\u00e9 et l&rsquo;authenticit\u00e9 de chacun de nos produits, assurant que vos clients emportent un morceau d&rsquo;Espagne chez eux. Ce porte-cl\u00e9s en bois est le cadeau parfait pour ceux qui souhaitent se souvenir de leur passage en Espagne d&rsquo;une mani\u00e8re unique et color\u00e9e.<\/p>\n","protected":false},"excerpt":{"rendered":"<p>Porte-cl\u00e9s en bois en forme de la lettre \u00ab\u00a0F\u00a0\u00bb, d\u00e9cor\u00e9 d&rsquo;un design de mosa\u00efque vibrant combinant une large gamme de couleurs : rouges, jaunes, verts, bleus et violets. Cette pi\u00e8ce unique refl\u00e8te la tradition de l&rsquo;art de la mosa\u00efque en Espagne et apporte une touche joyeuse et originale \u00e0 vos cl\u00e9s ou \u00e0 votre sac. Sa finition \u00e9l\u00e9gante et ses mat\u00e9riaux de qualit\u00e9 assurent durabilit\u00e9 et attrait visuel.<\/p>\n","protected":false},"featured_media":10756,"template":"","meta":{"_acf_changed":false},"product_brand":[],"product_cat":[607],"product_tag":[614],"class_list":{"0":"post-26141","1":"product","2":"type-product","3":"status-publish","4":"has-post-thumbnail","6":"product_cat-porte-cles","7":"product_tag-lettres","8":"pa_motivo-lettre-f","10":"first","11":"instock","12":"shipping-taxable","13":"product-type-simple"},"acf":[],"_links":{"self":[{"href":"https:\/\/olemosaic.com\/fr\/wp-json\/wp\/v2\/product\/26141","targetHints":{"allow":["GET"]}}],"collection":[{"href":"https:\/\/olemosaic.com\/fr\/wp-json\/wp\/v2\/product"}],"about":[{"href":"https:\/\/olemosaic.com\/fr\/wp-json\/wp\/v2\/types\/product"}],"wp:featuredmedia":[{"embeddable":true,"href":"https:\/\/olemosaic.com\/fr\/wp-json\/wp\/v2\/media\/10756"}],"wp:attachment":[{"href":"https:\/\/olemosaic.com\/fr\/wp-json\/wp\/v2\/media?parent=26141"}],"wp:term":[{"taxonomy":"product_brand","embeddable":true,"href":"https:\/\/olemosaic.com\/fr\/wp-json\/wp\/v2\/product_brand?post=26141"},{"taxonomy":"product_cat","embeddable":true,"href":"https:\/\/olemosaic.com\/fr\/wp-json\/wp\/v2\/product_cat?post=26141"},{"taxonomy":"product_tag","embeddable":true,"href":"https:\/\/olemosaic.com\/fr\/wp-json\/wp\/v2\/product_tag?post=26141"}],"curies":[{"name":"wp","href":"https:\/\/api.w.org\/{rel}","templated":true}]}}