{"id":26134,"date":"2025-02-20T23:28:11","date_gmt":"2025-02-20T22:28:11","guid":{"rendered":"http:\/\/olemosaic.com\/producto\/4-bols-de-coco-de-13-x-6-cm-tortuga-gran-canaria\/"},"modified":"2025-07-25T18:49:58","modified_gmt":"2025-07-25T16:49:58","slug":"4-bols-noix-de-coco-13-x-6-cm-tortue-grande-canarie","status":"publish","type":"product","link":"https:\/\/olemosaic.com\/fr\/produit\/4-bols-noix-de-coco-13-x-6-cm-tortue-grande-canarie\/","title":{"rendered":"Lot de 4 bols en noix de coco de 13 x 6 cm. Tortue. \u00cele. Grande Canarie."},"content":{"rendered":"<p>D\u00e9couvrez le charmant ensemble de 4 bols en noix de coco, de 13 x 6 cm, d\u00e9cor\u00e9s de motifs de tortues, repr\u00e9sentant la riche biodiversit\u00e9 de Grande Canarie. Chaque bol pr\u00e9sente une finition vibrante dans des couleurs telles que le bleu, le rouge, l&rsquo;orange et le fuchsia, soigneusement \u00e9labor\u00e9s pour souligner leur attrait visuel. Au centre de chaque bol, le texte \u00ab\u00a0Gran Canaria\u00a0\u00bb est accompagn\u00e9 d&rsquo;un joyeux motif de c\u0153urs sur les bords, ajoutant une touche ludique et gaie \u00e0 chaque pi\u00e8ce.<\/p>\n<p>Ces bols ne sont pas seulement id\u00e9aux pour contenir de petites portions ou des ap\u00e9ritifs, ils servent \u00e9galement d&rsquo;\u00e9l\u00e9ments d\u00e9coratifs uniques, apportant une touche amusante et authentique \u00e0 n&rsquo;importe quel espace, que ce soit \u00e0 la maison ou dans un environnement commercial. La tortue est un symbole de la faune marine de l&rsquo;\u00eele, et sa repr\u00e9sentation sur ces bols sert de rappel de la beaut\u00e9 naturelle que Grande Canarie a \u00e0 offrir.<\/p>\n<p>Chez Ol\u00e9 Mosaic, nous nous sp\u00e9cialisons dans la distribution de souvenirs en gros, et cet ensemble de bols en noix de coco est une excellente option pour les boutiques de cadeaux touristiques cherchant \u00e0 offrir des produits authentiques et repr\u00e9sentatifs de la culture canarienne. Chaque bol est un beau souvenir qui encapsule l&rsquo;essence de Grande Canarie, ce qui en fait un souvenir parfait pour les touristes qui souhaitent emporter un petit morceau de l&rsquo;\u00eele chez eux.<\/p>\n","protected":false},"excerpt":{"rendered":"<p>Ensemble de 4 bols en noix de coco de 13 x 6 cm, d\u00e9cor\u00e9s de motifs de tortues, repr\u00e9sentant la richesse naturelle de Grande Canarie. Chaque bol pr\u00e9sente une couleur vibrante, du bleu et rouge \u00e0 l&rsquo;orange et fuchsia, avec un motif de c\u0153urs sur le bord et le texte \u00ab Gran Canaria \u00bb au centre. Ces bols sont id\u00e9aux pour contenir de petites portions ou comme \u00e9l\u00e9ment d\u00e9coratif, apportant une touche amusante et authentique \u00e0 n&rsquo;importe quel espace.<\/p>\n","protected":false},"featured_media":10683,"template":"","meta":{"_acf_changed":false},"product_brand":[],"product_cat":[521],"product_tag":[530],"class_list":{"0":"post-26134","1":"product","2":"type-product","3":"status-publish","4":"has-post-thumbnail","6":"product_cat-bols","7":"product_tag-animaux","8":"pa_ciudad-gran-canaria","9":"pa_motivo-tortues","10":"pa_pais-espana","12":"first","13":"instock","14":"shipping-taxable","15":"product-type-simple"},"acf":[],"_links":{"self":[{"href":"https:\/\/olemosaic.com\/fr\/wp-json\/wp\/v2\/product\/26134","targetHints":{"allow":["GET"]}}],"collection":[{"href":"https:\/\/olemosaic.com\/fr\/wp-json\/wp\/v2\/product"}],"about":[{"href":"https:\/\/olemosaic.com\/fr\/wp-json\/wp\/v2\/types\/product"}],"wp:featuredmedia":[{"embeddable":true,"href":"https:\/\/olemosaic.com\/fr\/wp-json\/wp\/v2\/media\/10683"}],"wp:attachment":[{"href":"https:\/\/olemosaic.com\/fr\/wp-json\/wp\/v2\/media?parent=26134"}],"wp:term":[{"taxonomy":"product_brand","embeddable":true,"href":"https:\/\/olemosaic.com\/fr\/wp-json\/wp\/v2\/product_brand?post=26134"},{"taxonomy":"product_cat","embeddable":true,"href":"https:\/\/olemosaic.com\/fr\/wp-json\/wp\/v2\/product_cat?post=26134"},{"taxonomy":"product_tag","embeddable":true,"href":"https:\/\/olemosaic.com\/fr\/wp-json\/wp\/v2\/product_tag?post=26134"}],"curies":[{"name":"wp","href":"https:\/\/api.w.org\/{rel}","templated":true}]}}