{"id":26132,"date":"2025-02-20T23:28:10","date_gmt":"2025-02-20T22:28:10","guid":{"rendered":"http:\/\/olemosaic.com\/producto\/bol-de-coco-caballito-de-mar-mallorca\/"},"modified":"2025-07-25T20:08:59","modified_gmt":"2025-07-25T18:08:59","slug":"bol-noix-de-coco-hippocampe-majorque","status":"publish","type":"product","link":"https:\/\/olemosaic.com\/fr\/produit\/bol-noix-de-coco-hippocampe-majorque\/","title":{"rendered":"Bol en noix de coco. Hippocampe. \u00cele. Majorque."},"content":{"rendered":"<p>D\u00e9couvrez le charmant bol en noix de coco d\u00e9cor\u00e9 d&rsquo;une mosa\u00efque vibrante qui capture l&rsquo;essence de Majorque. Ce magnifique bol se distingue par son design peint \u00e0 la main, o\u00f9 un sympathique hippocampe se trouve au centre, entour\u00e9 de petits carreaux de diverses couleurs qui cr\u00e9ent un effet visuel spectaculaire. Les tons joyeux de rose, bleu, jaune et orange se marient parfaitement, \u00e9voquant l&rsquo;atmosph\u00e8re ensoleill\u00e9e et gaie de l&rsquo;\u00eele des Bal\u00e9ares. Le mot \u00ab\u00a0MAJORQUE\u00a0\u00bb ressort dans un ton chaud \u00e0 la base du bol, ajoutant une touche d&rsquo;identit\u00e9 locale.<\/p>\n<p>Ce bol n&rsquo;est pas seulement une pi\u00e8ce d\u00e9corative, mais aussi un symbole du riche h\u00e9ritage culturel de Majorque, o\u00f9 le design en mosa\u00efque est une tradition profond\u00e9ment enracin\u00e9e. Id\u00e9al comme souvenir, il offre aux touristes un petit morceau de la M\u00e9diterran\u00e9e qu&rsquo;ils peuvent emporter chez eux, parfait pour donner une touche de fra\u00eecheur et de personnalit\u00e9 \u00e0 n&rsquo;importe quel foyer. Chez Ol\u00e9 Mosaic, nos bols en noix de coco repr\u00e9sentent l&rsquo;authenticit\u00e9 et l&rsquo;artisanat typiques de la r\u00e9gion, ce qui en fait une excellente option pour les boutiques de cadeaux touristiques \u00e0 la recherche de souvenirs de qualit\u00e9 et culturellement pertinents. Faites de ce bol en noix de coco un joyau de votre collection de souvenirs dans votre boutique.<\/p>\n","protected":false},"excerpt":{"rendered":"<p>Bol en noix de coco d\u00e9cor\u00e9 d&rsquo;une mosa\u00efque color\u00e9e comprenant un charmant hippocampe, reflet de l&rsquo;essence de Majorque. Ce magnifique bol pr\u00e9sente un design artisanal, peint \u00e0 la main, avec de petites tesselles de diverses couleurs, cr\u00e9ant un effet vibrant et attrayant. Au centre, le mot \u00ab\u00a0MAJORQUE\u00a0\u00bb se d\u00e9tache dans un ton chaud, compl\u00e9tant la palette chromatique. Parfait comme souvenir ou pour donner une touche m\u00e9diterran\u00e9enne \u00e0 n&rsquo;importe quel foyer.<\/p>\n","protected":false},"featured_media":11814,"template":"","meta":{"_acf_changed":false},"product_brand":[],"product_cat":[521],"product_tag":[530],"class_list":{"0":"post-26132","1":"product","2":"type-product","3":"status-publish","4":"has-post-thumbnail","6":"product_cat-bols","7":"product_tag-animaux","8":"pa_ciudad-mallorca","9":"pa_motivo-hippocampes","10":"pa_pais-espana","12":"first","13":"instock","14":"shipping-taxable","15":"product-type-simple"},"acf":[],"_links":{"self":[{"href":"https:\/\/olemosaic.com\/fr\/wp-json\/wp\/v2\/product\/26132","targetHints":{"allow":["GET"]}}],"collection":[{"href":"https:\/\/olemosaic.com\/fr\/wp-json\/wp\/v2\/product"}],"about":[{"href":"https:\/\/olemosaic.com\/fr\/wp-json\/wp\/v2\/types\/product"}],"wp:featuredmedia":[{"embeddable":true,"href":"https:\/\/olemosaic.com\/fr\/wp-json\/wp\/v2\/media\/11814"}],"wp:attachment":[{"href":"https:\/\/olemosaic.com\/fr\/wp-json\/wp\/v2\/media?parent=26132"}],"wp:term":[{"taxonomy":"product_brand","embeddable":true,"href":"https:\/\/olemosaic.com\/fr\/wp-json\/wp\/v2\/product_brand?post=26132"},{"taxonomy":"product_cat","embeddable":true,"href":"https:\/\/olemosaic.com\/fr\/wp-json\/wp\/v2\/product_cat?post=26132"},{"taxonomy":"product_tag","embeddable":true,"href":"https:\/\/olemosaic.com\/fr\/wp-json\/wp\/v2\/product_tag?post=26132"}],"curies":[{"name":"wp","href":"https:\/\/api.w.org\/{rel}","templated":true}]}}