{"id":26129,"date":"2025-02-20T23:28:10","date_gmt":"2025-02-20T22:28:10","guid":{"rendered":"http:\/\/olemosaic.com\/producto\/bol-de-ceramica-de-9-cm-la-alhambra-granada-beige\/"},"modified":"2025-07-25T18:46:01","modified_gmt":"2025-07-25T16:46:01","slug":"bol-ceramique-9-cm-alhambra-grenade-beige","status":"publish","type":"product","link":"https:\/\/olemosaic.com\/fr\/produit\/bol-ceramique-9-cm-alhambra-grenade-beige\/","title":{"rendered":"Bol en c\u00e9ramique de 9 cm. L&rsquo;Alhambra. Grenade. Beige"},"content":{"rendered":"<p>D\u00e9couvrez l&rsquo;\u00e9l\u00e9gant bol en c\u00e9ramique de 9 cm inspir\u00e9 par la majestueuse Alhambra de Grenade, un v\u00e9ritable joyau de l&rsquo;art islamique et symbole de la riche culture andalouse. Ce bol attrayant pr\u00e9sente une illustration vibrante de la c\u00e9l\u00e8bre forteresse, entour\u00e9e de ses jardins luxuriants, capturant l&rsquo;essence de l&rsquo;un des monuments les plus embl\u00e9matiques d&rsquo;Espagne. Son design d\u00e9coratif comprend un bord rouge sur la partie sup\u00e9rieure, qui ajoute une touche de chaleur et de couleur, tandis que le fond beige fait ressortir les d\u00e9tails architecturaux complexes de l&rsquo;Alhambra.<\/p>\n<p>L&rsquo;image montre des \u00e9l\u00e9ments distinctifs de l&rsquo;architecture islamique, avec des palmiers imposants et un fond vert vibrant \u00e9voquant la beaut\u00e9 de ce lieu historique. Les textes \u00ab\u00a0La Alhambra\u00a0\u00bb et \u00ab\u00a0Granada\u00a0\u00bb apparaissent en lettres artistiques, ce qui renforce son lien culturel et en fait un souvenir repr\u00e9sentatif de la ville. Ce bol en c\u00e9ramique est non seulement fonctionnel, mais aussi un souvenir id\u00e9al pour ceux qui cherchent \u00e0 emporter chez eux un fragment de l&rsquo;histoire locale.<\/p>\n<p>Chez Ol\u00e9 Mosaic, nous connaissons l&rsquo;importance de proposer des souvenirs authentiques qui refl\u00e8tent la richesse culturelle de leur origine. Ce bol est une excellente option pour les boutiques de cadeaux touristiques, car il allie beaut\u00e9, tradition et fonctionnalit\u00e9, \u00e9tant un rappel in\u00e9gal\u00e9 de l&rsquo;Alhambra et de son environnement.<\/p>\n","protected":false},"excerpt":{"rendered":"<p>Bol en c\u00e9ramique de 9 cm inspir\u00e9 par la majestueuse Alhambra de Grenade. Ce bol attrayant offre une repr\u00e9sentation color\u00e9e de la c\u00e9l\u00e8bre forteresse et de ses jardins, d\u00e9cor\u00e9 d&rsquo;un bord rouge sur la partie sup\u00e9rieure. L&rsquo;illustration pr\u00e9sente des d\u00e9tails distinctifs de l&rsquo;architecture islamique, avec des palmiers et un fond vert vibrant, ainsi que les mots \u00ab\u00a0La Alhambra\u00a0\u00bb et \u00ab\u00a0Granada\u00a0\u00bb \u00e9crits en lettres artistiques. Id\u00e9al pour donner une touche andalouse \u00e0 votre maison.<\/p>\n","protected":false},"featured_media":7519,"template":"","meta":{"_acf_changed":false},"product_brand":[],"product_cat":[521],"product_tag":[585],"class_list":{"0":"post-26129","1":"product","2":"type-product","3":"status-publish","4":"has-post-thumbnail","6":"product_cat-bols","7":"product_tag-ceramique","8":"pa_ciudad-granada","9":"pa_motivo-lalhambra","10":"pa_pais-espana","12":"first","13":"instock","14":"shipping-taxable","15":"product-type-simple"},"acf":[],"_links":{"self":[{"href":"https:\/\/olemosaic.com\/fr\/wp-json\/wp\/v2\/product\/26129","targetHints":{"allow":["GET"]}}],"collection":[{"href":"https:\/\/olemosaic.com\/fr\/wp-json\/wp\/v2\/product"}],"about":[{"href":"https:\/\/olemosaic.com\/fr\/wp-json\/wp\/v2\/types\/product"}],"wp:featuredmedia":[{"embeddable":true,"href":"https:\/\/olemosaic.com\/fr\/wp-json\/wp\/v2\/media\/7519"}],"wp:attachment":[{"href":"https:\/\/olemosaic.com\/fr\/wp-json\/wp\/v2\/media?parent=26129"}],"wp:term":[{"taxonomy":"product_brand","embeddable":true,"href":"https:\/\/olemosaic.com\/fr\/wp-json\/wp\/v2\/product_brand?post=26129"},{"taxonomy":"product_cat","embeddable":true,"href":"https:\/\/olemosaic.com\/fr\/wp-json\/wp\/v2\/product_cat?post=26129"},{"taxonomy":"product_tag","embeddable":true,"href":"https:\/\/olemosaic.com\/fr\/wp-json\/wp\/v2\/product_tag?post=26129"}],"curies":[{"name":"wp","href":"https:\/\/api.w.org\/{rel}","templated":true}]}}