{"id":26126,"date":"2025-02-20T23:28:10","date_gmt":"2025-02-20T22:28:10","guid":{"rendered":"http:\/\/olemosaic.com\/producto\/bol-de-coco-azul-tortuga-gran-canaria\/"},"modified":"2025-07-25T18:55:20","modified_gmt":"2025-07-25T16:55:20","slug":"bol-noix-de-coco-bleu-tortue-grande-canarie","status":"publish","type":"product","link":"https:\/\/olemosaic.com\/fr\/produit\/bol-noix-de-coco-bleu-tortue-grande-canarie\/","title":{"rendered":"Bol en noix de coco bleu. Tortue. \u00cele. Grande Canarie."},"content":{"rendered":"<p>D\u00e9couvrez le Bol en Noix de Coco Bleu de Grande Canarie, une pi\u00e8ce d\u00e9corative exquise qui rend hommage \u00e0 la riche faune marine de l&rsquo;archipel des Canaries. Fabriqu\u00e9 \u00e0 partir d&rsquo;une coque de noix de coco naturelle, ce bol pr\u00e9sente un design sophistiqu\u00e9 et vibrant mettant en valeur une magnifique tortue au centre, \u00e9voquant le lien entre la Grande Canarie et l&rsquo;oc\u00e9an. L&rsquo;int\u00e9rieur du bol combine de superbes tons dor\u00e9s et bleus, cr\u00e9ant un contraste brillant et \u00e9l\u00e9gant qui souligne ses motifs organiques, donnant vie \u00e0 chaque d\u00e9tail artistique.<\/p>\n<p>Cet article est id\u00e9al tant pour un usage fonctionnel que d\u00e9coratif, apportant une touche exotique \u00e0 n&rsquo;importe quel environnement. Sa finition brillante ne rehausse pas seulement la beaut\u00e9 du bol, mais garantit \u00e9galement sa durabilit\u00e9, en faisant un souvenir m\u00e9morable et authentique de la Grande Canarie pour les touristes cherchant \u00e0 capturer l&rsquo;essence du lieu. En choisissant ce bol comme souvenir, les visiteurs n&rsquo;acqui\u00e8rent pas seulement un objet de qualit\u00e9, mais aussi un morceau de la culture canarienne et de sa beaut\u00e9 naturelle.<\/p>\n<p>Chez Ol\u00e9 Mosaic, nous sommes sp\u00e9cialis\u00e9s dans la distribution de souvenirs en gros, offrant des produits uniques qui refl\u00e8tent l&rsquo;authenticit\u00e9 culturelle de l&rsquo;Espagne. Ce bol en noix de coco est une excellente option pour les boutiques de cadeaux touristiques \u00e0 la recherche d&rsquo;articles distinctifs et repr\u00e9sentatifs du riche patrimoine de la Grande Canarie. En tant que grossistes de souvenirs, nous garantissons la qualit\u00e9 et l&rsquo;artisanat de chaque pi\u00e8ce, id\u00e9ale pour ceux qui souhaitent emporter chez eux un souvenir significatif et stylis\u00e9.<\/p>\n","protected":false},"excerpt":{"rendered":"<p>Bol en noix de coco bleu d\u00e9cor\u00e9 d&rsquo;un design \u00e9voquant la faune marine de la Grande Canarie, avec une tortue d\u00e9corative au centre. L&rsquo;int\u00e9rieur du bol combine des tons dor\u00e9s et bleus, avec une finition brillante qui souligne ses motifs organiques \u00e9l\u00e9gants. Fabriqu\u00e9 \u00e0 partir d&rsquo;une coque de noix de coco naturelle, cet article est id\u00e9al comme pi\u00e8ce d\u00e9corative ou pour un usage fonctionnel dans la maison, offrant une touche exotique et culturelle.<\/p>\n","protected":false},"featured_media":10159,"template":"","meta":{"_acf_changed":false},"product_brand":[],"product_cat":[521],"product_tag":[530],"class_list":{"0":"post-26126","1":"product","2":"type-product","3":"status-publish","4":"has-post-thumbnail","6":"product_cat-bols","7":"product_tag-animaux","8":"pa_ciudad-gran-canaria","9":"pa_motivo-tortues","10":"pa_pais-espana","12":"first","13":"instock","14":"shipping-taxable","15":"product-type-simple"},"acf":[],"_links":{"self":[{"href":"https:\/\/olemosaic.com\/fr\/wp-json\/wp\/v2\/product\/26126","targetHints":{"allow":["GET"]}}],"collection":[{"href":"https:\/\/olemosaic.com\/fr\/wp-json\/wp\/v2\/product"}],"about":[{"href":"https:\/\/olemosaic.com\/fr\/wp-json\/wp\/v2\/types\/product"}],"wp:featuredmedia":[{"embeddable":true,"href":"https:\/\/olemosaic.com\/fr\/wp-json\/wp\/v2\/media\/10159"}],"wp:attachment":[{"href":"https:\/\/olemosaic.com\/fr\/wp-json\/wp\/v2\/media?parent=26126"}],"wp:term":[{"taxonomy":"product_brand","embeddable":true,"href":"https:\/\/olemosaic.com\/fr\/wp-json\/wp\/v2\/product_brand?post=26126"},{"taxonomy":"product_cat","embeddable":true,"href":"https:\/\/olemosaic.com\/fr\/wp-json\/wp\/v2\/product_cat?post=26126"},{"taxonomy":"product_tag","embeddable":true,"href":"https:\/\/olemosaic.com\/fr\/wp-json\/wp\/v2\/product_tag?post=26126"}],"curies":[{"name":"wp","href":"https:\/\/api.w.org\/{rel}","templated":true}]}}