{"id":26084,"date":"2025-02-20T23:28:09","date_gmt":"2025-02-20T22:28:09","guid":{"rendered":"http:\/\/olemosaic.com\/producto\/cucharon-de-ceramica-marbella-azul\/"},"modified":"2025-07-25T19:03:05","modified_gmt":"2025-07-25T17:03:05","slug":"louche-en-ceramique-marbella-bleu","status":"publish","type":"product","link":"https:\/\/olemosaic.com\/fr\/produit\/louche-en-ceramique-marbella-bleu\/","title":{"rendered":"Louche en c\u00e9ramique. Marbella. Bleu."},"content":{"rendered":"<p>Louche en c\u00e9ramique peinte \u00e0 la main, inspir\u00e9e par la beaut\u00e9 de Marbella. Cet ustensile color\u00e9 est une pi\u00e8ce exclusive qui allie fonctionnalit\u00e9 et esth\u00e9tique. M\u00e9ticuleusement con\u00e7u, il pr\u00e9sente une illustration vibrante capturant un paysage typiquement andalou : des maisons blanches aux toits rouges, un environnement verdoyant et des jardins qui invitent \u00e0 profiter du soleil de la M\u00e9diterran\u00e9e. Le fond bleu de la louche, associ\u00e9 aux d\u00e9tails artistiques en mosa\u00efque, \u00e9voque le caract\u00e8re joyeux et la chaleur de cette c\u00e9l\u00e8bre ville c\u00f4ti\u00e8re, tandis que le texte \u00ab Marbella \u00bb est \u00e9l\u00e9gamment int\u00e9gr\u00e9 au design.<\/p>\n<p>Fabriqu\u00e9e en c\u00e9ramique de haute qualit\u00e9, cette louche est non seulement id\u00e9ale pour la cuisine, mais se distingue \u00e9galement comme un \u00e9l\u00e9ment d\u00e9coratif charmant pour tout int\u00e9rieur. Son design contemporain et color\u00e9 en fait un excellent souvenir de Marbella, parfait pour les touristes \u00e0 la recherche d&rsquo;un souvenir authentique et repr\u00e9sentatif de leur visite. Chez Ol\u00e9 Mosaic, en tant que distributeurs de souvenirs en gros, nous proposons cette louche et d&rsquo;autres produits qui c\u00e9l\u00e8brent la richesse culturelle de l&rsquo;Espagne, id\u00e9aux pour les boutiques de cadeaux touristiques \u00e0 la recherche d&rsquo;articles uniques et m\u00e9morables.<\/p>\n","protected":false},"excerpt":{"rendered":"<p>Louche en c\u00e9ramique au design artisanal, peinte \u00e0 la main, inspir\u00e9e par la beaut\u00e9 de Marbella. Cet ustensile color\u00e9 pr\u00e9sente une illustration vibrante d&rsquo;un paysage typique, avec des maisons blanchies \u00e0 la chaux, des d\u00e9tails bleus et des touches de couleur \u00e9voquant la chaleur de la M\u00e9diterran\u00e9e. Tout au long de son design, on appr\u00e9cie une mosa\u00efque qui lui apporte une touche artistique, compl\u00e9t\u00e9e par l&rsquo;inscription \u00ab Marbella \u00bb. Id\u00e9ale aussi bien pour un usage culinaire que pour d\u00e9corer la cuisine.<\/p>\n","protected":false},"featured_media":9918,"template":"","meta":{"_acf_changed":false},"product_brand":[],"product_cat":[798],"product_tag":[585],"class_list":{"0":"post-26084","1":"product","2":"type-product","3":"status-publish","4":"has-post-thumbnail","6":"product_cat-louches","7":"product_tag-ceramique","8":"pa_ciudad-marbella","9":"pa_pais-espana","11":"first","12":"instock","13":"shipping-taxable","14":"product-type-simple"},"acf":[],"_links":{"self":[{"href":"https:\/\/olemosaic.com\/fr\/wp-json\/wp\/v2\/product\/26084","targetHints":{"allow":["GET"]}}],"collection":[{"href":"https:\/\/olemosaic.com\/fr\/wp-json\/wp\/v2\/product"}],"about":[{"href":"https:\/\/olemosaic.com\/fr\/wp-json\/wp\/v2\/types\/product"}],"wp:featuredmedia":[{"embeddable":true,"href":"https:\/\/olemosaic.com\/fr\/wp-json\/wp\/v2\/media\/9918"}],"wp:attachment":[{"href":"https:\/\/olemosaic.com\/fr\/wp-json\/wp\/v2\/media?parent=26084"}],"wp:term":[{"taxonomy":"product_brand","embeddable":true,"href":"https:\/\/olemosaic.com\/fr\/wp-json\/wp\/v2\/product_brand?post=26084"},{"taxonomy":"product_cat","embeddable":true,"href":"https:\/\/olemosaic.com\/fr\/wp-json\/wp\/v2\/product_cat?post=26084"},{"taxonomy":"product_tag","embeddable":true,"href":"https:\/\/olemosaic.com\/fr\/wp-json\/wp\/v2\/product_tag?post=26084"}],"curies":[{"name":"wp","href":"https:\/\/api.w.org\/{rel}","templated":true}]}}