{"id":26083,"date":"2025-02-20T22:28:09","date_gmt":"2025-02-20T22:28:09","guid":{"rendered":"http:\/\/olemosaic.com\/producto\/cucharon-de-ceramica-camino-de-santiago-beige\/"},"modified":"2025-07-25T19:21:59","modified_gmt":"2025-07-25T17:21:59","slug":"louche-en-ceramique-chemin-de-compostelle-beige","status":"publish","type":"product","link":"https:\/\/olemosaic.com\/fr\/produit\/louche-en-ceramique-chemin-de-compostelle-beige\/","title":{"rendered":"Louche en c\u00e9ramique. Chemin de Compostelle. Beige"},"content":{"rendered":"<p>Louche en c\u00e9ramique du Chemin de Compostelle<\/p>\n<p>Cette louche en c\u00e9ramique, inspir\u00e9e de l&#8217;embl\u00e9matique Chemin de Compostelle, est une pi\u00e8ce unique qui met en valeur le riche h\u00e9ritage culturel de cette route historique. Avec un ton beige doux qui apporte de la chaleur, cet ustensile est une fusion de fonctionnalit\u00e9 et d&rsquo;art, et devient un excellent souvenir de la r\u00e9gion. La surface de la louche est magnifiquement d\u00e9cor\u00e9e d&rsquo;une mosa\u00efque vibrante repr\u00e9sentant la majestueuse cath\u00e9drale de Saint-Jacques-de-Compostelle, soulign\u00e9e par des tons chauds qui \u00e9voquent un sentiment d&rsquo;appartenance et de d\u00e9votion.<\/p>\n<p>De plus, le design inclut des motifs faisant r\u00e9f\u00e9rence \u00e0 la figure du p\u00e8lerin et \u00e0 d&rsquo;autres \u00e9l\u00e9ments iconiques du parcours, comme le c\u00e9l\u00e8bre symbole de la coquille, qui repr\u00e9sente l&rsquo;arriv\u00e9e \u00e0 Saint-Jacques. Ces d\u00e9tails artistiques enrichissent non seulement visuellement la louche, mais racontent \u00e9galement l&rsquo;histoire d&rsquo;une tradition mill\u00e9naire.<\/p>\n<p>Id\u00e9ale aussi bien pour un usage quotidien en cuisine que pour la d\u00e9coration, cette louche en c\u00e9ramique apporte une touche authentique et culturelle \u00e0 n&rsquo;importe quel foyer. Chez Ol\u00e9 Mosaic, nous sommes sp\u00e9cialistes de la distribution de souvenirs uniques en gros, et cette louche repr\u00e9sente parfaitement l&rsquo;essence du Chemin de Compostelle. C&rsquo;est un choix magnifique pour les boutiques de cadeaux qui recherchent des produits c\u00e9l\u00e9brant la culture et le patrimoine espagnols, et un moyen id\u00e9al de ramener chez soi un morceau d&rsquo;histoire, ce qui en fait un excellent choix pour les touristes \u00e0 la recherche de souvenirs authentiques du Chemin.<\/p>\n","protected":false},"excerpt":{"rendered":"<p>Louche en c\u00e9ramique inspir\u00e9e du Chemin de Compostelle, con\u00e7ue dans un ton beige avec des d\u00e9tails vibrants. Sa surface est d\u00e9cor\u00e9e de l&#8217;embl\u00e9matique cath\u00e9drale de Saint-Jacques-de-Compostelle, dans un style mosa\u00efque qui se distingue par ses couleurs chaudes. Elle comprend \u00e9galement des motifs repr\u00e9sentatifs de l&rsquo;itin\u00e9raire, tels que la figure du p\u00e8lerin et des \u00e9l\u00e9ments iconiques du parcours. Cet ustensile est parfait aussi bien pour un usage quotidien que pour d\u00e9corer, offrant une touche authentique et culturelle \u00e0 n&rsquo;importe quel foyer.<\/p>\n","protected":false},"featured_media":8722,"template":"","meta":{"_acf_changed":false},"product_brand":[],"product_cat":[798],"product_tag":[585],"class_list":{"0":"post-26083","1":"product","2":"type-product","3":"status-publish","4":"has-post-thumbnail","6":"product_cat-louches","7":"product_tag-ceramique","8":"pa_motivo-chemin-saint-jacques","10":"first","11":"instock","12":"shipping-taxable","13":"product-type-simple"},"acf":[],"_links":{"self":[{"href":"https:\/\/olemosaic.com\/fr\/wp-json\/wp\/v2\/product\/26083","targetHints":{"allow":["GET"]}}],"collection":[{"href":"https:\/\/olemosaic.com\/fr\/wp-json\/wp\/v2\/product"}],"about":[{"href":"https:\/\/olemosaic.com\/fr\/wp-json\/wp\/v2\/types\/product"}],"wp:featuredmedia":[{"embeddable":true,"href":"https:\/\/olemosaic.com\/fr\/wp-json\/wp\/v2\/media\/8722"}],"wp:attachment":[{"href":"https:\/\/olemosaic.com\/fr\/wp-json\/wp\/v2\/media?parent=26083"}],"wp:term":[{"taxonomy":"product_brand","embeddable":true,"href":"https:\/\/olemosaic.com\/fr\/wp-json\/wp\/v2\/product_brand?post=26083"},{"taxonomy":"product_cat","embeddable":true,"href":"https:\/\/olemosaic.com\/fr\/wp-json\/wp\/v2\/product_cat?post=26083"},{"taxonomy":"product_tag","embeddable":true,"href":"https:\/\/olemosaic.com\/fr\/wp-json\/wp\/v2\/product_tag?post=26083"}],"curies":[{"name":"wp","href":"https:\/\/api.w.org\/{rel}","templated":true}]}}