{"id":26081,"date":"2025-02-20T23:28:09","date_gmt":"2025-02-20T22:28:09","guid":{"rendered":"http:\/\/olemosaic.com\/producto\/cucharon-de-ceramica-panoramica-madrid-beige\/"},"modified":"2025-07-25T18:36:33","modified_gmt":"2025-07-25T16:36:33","slug":"louche-en-ceramique-panoramique-madrid-beige","status":"publish","type":"product","link":"https:\/\/olemosaic.com\/fr\/produit\/louche-en-ceramique-panoramique-madrid-beige\/","title":{"rendered":"Louche en c\u00e9ramique. Panoramique. Madrid. Beige"},"content":{"rendered":"<p>Louche en c\u00e9ramique d\u00e9cor\u00e9e d&rsquo;un charmant panorama de Madrid. Cet ustensile \u00e9l\u00e9gant allie fonctionnalit\u00e9 et art typique de la c\u00e9ramique espagnole. La pi\u00e8ce pr\u00e9sente un fond beige qui adoucit la vue, tandis que son bord rouge \u00e9clatant apporte une touche de couleur qui rehausse son attrait visuel. Sur la surface, des ic\u00f4nes embl\u00e9matiques de la capitale espagnole se distinguent, comme la majestueuse Puerta de Alcal\u00e1 et la c\u00e9l\u00e8bre statue de l&rsquo;Ours et de l&rsquo;Arbousier, repr\u00e9sent\u00e9es avec des d\u00e9tails brillants dans des couleurs qui prennent vie gr\u00e2ce \u00e0 un design m\u00e9ticuleux peint \u00e0 la main. Cette louche est non seulement id\u00e9ale pour servir, mais elle agit \u00e9galement comme un bel objet d\u00e9coratif qui ravira tous les amoureux de la culture madril\u00e8ne.<\/p>\n<p>La c\u00e9ramique madril\u00e8ne est c\u00e9l\u00e8bre pour sa qualit\u00e9 et sa tradition, et cette louche est un reflet clair de cet h\u00e9ritage culturel, ce qui en fait un souvenir parfait pour ceux qui cherchent \u00e0 emporter un morceau de la ville. En tant que distributeurs de souvenirs en gros, chez Ol\u00e9 Mosaic, nous proposons cette authentique louche en c\u00e9ramique, qui symbolise l&rsquo;essence de Madrid et sa riche histoire. Une excellente option pour les boutiques de cadeaux touristiques, ce produit ajoute une touche distinctive et culturelle \u00e0 toute collection de souvenirs.<\/p>\n","protected":false},"excerpt":{"rendered":"<p>Louche en c\u00e9ramique avec un charmant panorama de Madrid. Cet ustensile attrayant, de couleur beige avec un bord rouge \u00e9clatant, pr\u00e9sente des ic\u00f4nes embl\u00e9matiques de la ville, comme la Puerta de Alcal\u00e1 et la c\u00e9l\u00e8bre statue de l&rsquo;Ours et de l&rsquo;Arbousier. Avec des d\u00e9tails aux couleurs vives et un design artisanal peint \u00e0 la main, cette louche est une pi\u00e8ce d\u00e9corative parfaite pour les amoureux de la culture madril\u00e8ne et un excellent souvenir.<\/p>\n","protected":false},"featured_media":7532,"template":"","meta":{"_acf_changed":false},"product_brand":[],"product_cat":[798],"product_tag":[585],"class_list":{"0":"post-26081","1":"product","2":"type-product","3":"status-publish","4":"has-post-thumbnail","6":"product_cat-louches","7":"product_tag-ceramique","8":"pa_ciudad-madrid","9":"pa_motivo-panoramas","10":"pa_pais-espana","12":"first","13":"instock","14":"shipping-taxable","15":"product-type-simple"},"acf":[],"_links":{"self":[{"href":"https:\/\/olemosaic.com\/fr\/wp-json\/wp\/v2\/product\/26081","targetHints":{"allow":["GET"]}}],"collection":[{"href":"https:\/\/olemosaic.com\/fr\/wp-json\/wp\/v2\/product"}],"about":[{"href":"https:\/\/olemosaic.com\/fr\/wp-json\/wp\/v2\/types\/product"}],"wp:featuredmedia":[{"embeddable":true,"href":"https:\/\/olemosaic.com\/fr\/wp-json\/wp\/v2\/media\/7532"}],"wp:attachment":[{"href":"https:\/\/olemosaic.com\/fr\/wp-json\/wp\/v2\/media?parent=26081"}],"wp:term":[{"taxonomy":"product_brand","embeddable":true,"href":"https:\/\/olemosaic.com\/fr\/wp-json\/wp\/v2\/product_brand?post=26081"},{"taxonomy":"product_cat","embeddable":true,"href":"https:\/\/olemosaic.com\/fr\/wp-json\/wp\/v2\/product_cat?post=26081"},{"taxonomy":"product_tag","embeddable":true,"href":"https:\/\/olemosaic.com\/fr\/wp-json\/wp\/v2\/product_tag?post=26081"}],"curies":[{"name":"wp","href":"https:\/\/api.w.org\/{rel}","templated":true}]}}