{"id":26066,"date":"2025-02-20T23:28:08","date_gmt":"2025-02-20T22:28:08","guid":{"rendered":"http:\/\/olemosaic.com\/producto\/6-vasos-de-chupito-de-vidrio-metalizado\/"},"modified":"2025-07-25T19:23:36","modified_gmt":"2025-07-25T17:23:36","slug":"6-verres-a-shot-en-verre-metallise","status":"publish","type":"product","link":"https:\/\/olemosaic.com\/fr\/produit\/6-verres-a-shot-en-verre-metallise\/","title":{"rendered":"6 verres \u00e0 shot en verre m\u00e9tallis\u00e9. Barcelone."},"content":{"rendered":"<p>Ensemble de 6 verres \u00e0 shot en verre m\u00e9tallis\u00e9 inspir\u00e9s par la ville vibrante de Barcelone. Cet ensemble est une c\u00e9l\u00e9bration du patrimoine architectural et culturel de la ville, avec des illustrations uniques de monuments embl\u00e9matiques tels que la majestueuse Sagrada Familia et le color\u00e9 Parc G\u00fcell, qui soulignent leur beaut\u00e9 avec des d\u00e9tails architecturaux m\u00e9ticuleusement \u00e9labor\u00e9s sur chaque verre. Les tons m\u00e9tallis\u00e9s vibrants en vert, violet, bleu, jaune, rouge et turquoise apportent non seulement une touche festive, mais refl\u00e8tent \u00e9galement l&rsquo;\u00e9nergie et la diversit\u00e9 de la cit\u00e9 comtale, cr\u00e9ant l&rsquo;ambiance id\u00e9ale pour toute c\u00e9l\u00e9bration. L&rsquo;inscription \u00ab\u00a0Barcelone\u00a0\u00bb ressort sur chaque verre, renfor\u00e7ant son lien avec l&rsquo;identit\u00e9 locale et en faisant une pi\u00e8ce parfaite pour se souvenir des moments v\u00e9cus dans cette m\u00e9tropole embl\u00e9matique. Cet ensemble de verres \u00e0 shot n&rsquo;est pas seulement une excellente option pour les touristes \u00e0 la recherche de souvenirs authentiques de Barcelone, mais il repr\u00e9sente \u00e9galement un souvenir pratique et charmant qui apportera un morceau de la ville \u00e0 leurs r\u00e9unions. Chez Ol\u00e9 Mosaic, nous sommes experts dans la distribution de souvenirs en gros, offrant des produits qui ne sont pas seulement d\u00e9coratifs, mais qui \u00e9voquent \u00e9galement la riche histoire culturelle de l&rsquo;Espagne. Id\u00e9al pour les boutiques de cadeaux touristiques \u00e0 la recherche d&rsquo;articles ayant du sens et de l&rsquo;authenticit\u00e9, ces verres sont un tr\u00e9sor repr\u00e9sentatif de Barcelone.<\/p>\n","protected":false},"excerpt":{"rendered":"<p>Ensemble de six verres \u00e0 shot en verre m\u00e9tallis\u00e9, inspir\u00e9s par la ville vibrante de Barcelone. Chaque verre pr\u00e9sente des illustrations color\u00e9es et distinctives de monuments embl\u00e9matiques, tels que la Sagrada Familia et le Parc G\u00fcell, mettant en valeur leur beaut\u00e9 architecturale. Les tons m\u00e9tallis\u00e9s en vert, violet, bleu, jaune, rouge et turquoise apportent une touche festive, tandis que le mot \u00ab\u00a0Barcelone\u00a0\u00bb ressort sur chaque design. Ils sont id\u00e9aux pour emporter un morceau de la ville \u00e0 chaque c\u00e9l\u00e9bration.<\/p>\n","protected":false},"featured_media":11187,"template":"","meta":{"_acf_changed":false},"product_brand":[],"product_cat":[814],"product_tag":[],"class_list":{"0":"post-26066","1":"product","2":"type-product","3":"status-publish","4":"has-post-thumbnail","6":"product_cat-verres-a-shot","7":"pa_ciudad-barcelona","8":"pa_motivo-panoramas","9":"pa_pais-espana","11":"first","12":"instock","13":"shipping-taxable","14":"product-type-simple"},"acf":[],"_links":{"self":[{"href":"https:\/\/olemosaic.com\/fr\/wp-json\/wp\/v2\/product\/26066","targetHints":{"allow":["GET"]}}],"collection":[{"href":"https:\/\/olemosaic.com\/fr\/wp-json\/wp\/v2\/product"}],"about":[{"href":"https:\/\/olemosaic.com\/fr\/wp-json\/wp\/v2\/types\/product"}],"wp:featuredmedia":[{"embeddable":true,"href":"https:\/\/olemosaic.com\/fr\/wp-json\/wp\/v2\/media\/11187"}],"wp:attachment":[{"href":"https:\/\/olemosaic.com\/fr\/wp-json\/wp\/v2\/media?parent=26066"}],"wp:term":[{"taxonomy":"product_brand","embeddable":true,"href":"https:\/\/olemosaic.com\/fr\/wp-json\/wp\/v2\/product_brand?post=26066"},{"taxonomy":"product_cat","embeddable":true,"href":"https:\/\/olemosaic.com\/fr\/wp-json\/wp\/v2\/product_cat?post=26066"},{"taxonomy":"product_tag","embeddable":true,"href":"https:\/\/olemosaic.com\/fr\/wp-json\/wp\/v2\/product_tag?post=26066"}],"curies":[{"name":"wp","href":"https:\/\/api.w.org\/{rel}","templated":true}]}}