{"id":26063,"date":"2025-02-20T23:28:07","date_gmt":"2025-02-20T22:28:07","guid":{"rendered":"http:\/\/olemosaic.com\/producto\/colgador-de-ceramica-golondrina-lisboa-mosaico\/"},"modified":"2025-07-25T19:23:33","modified_gmt":"2025-07-25T17:23:33","slug":"patere-en-ceramique-hirondelle-lisbonne-mosaique","status":"publish","type":"product","link":"https:\/\/olemosaic.com\/fr\/produit\/patere-en-ceramique-hirondelle-lisbonne-mosaique\/","title":{"rendered":"Pat\u00e8re en c\u00e9ramique. Hirondelle. Lisbonne. Mosa\u00efque"},"content":{"rendered":"<p>Pat\u00e8re en c\u00e9ramique en forme d&rsquo;hirondelle, un accessoire charmant qui capture l&rsquo;essence de Lisbonne et son riche h\u00e9ritage culturel. Cette pat\u00e8re attrayante est m\u00e9ticuleusement \u00e9labor\u00e9e en c\u00e9ramique et d\u00e9cor\u00e9e d&rsquo;une mosa\u00efque vibrante de couleurs bleu, jaune, rouge et vert, \u00e9voquant la beaut\u00e9 et les azulejos traditionnels portugais qui ornent les fa\u00e7ades de la ville. Chaque pi\u00e8ce semble \u00eatre peinte \u00e0 la main, ce qui garantit son unicit\u00e9 et souligne les d\u00e9licats motifs g\u00e9om\u00e9triques et floraux qui ornent son corps, offrant une touche distinctive et artistique \u00e0 n&rsquo;importe quel espace. Le choix de l&rsquo;hirondelle comme forme symbolise l&rsquo;arriv\u00e9e du printemps et le renouveau, des caract\u00e9ristiques profond\u00e9ment ancr\u00e9es dans l&rsquo;\u00e2me de la culture portugaise. Cette pat\u00e8re n&rsquo;est pas seulement fonctionnelle, elle agit \u00e9galement comme un souvenir pratique de Lisbonne, devenant un authentique souvenir qui relie les visiteurs \u00e0 la chaleur de ses habitants et \u00e0 la beaut\u00e9 de ses traditions. Parfait pour ceux qui recherchent des souvenirs refl\u00e9tant l&rsquo;authenticit\u00e9 et les couleurs de la culture portugaise. Chez Ol\u00e9 Mosaic, en tant que distributeurs de souvenirs en gros, nous proposons des produits de haute qualit\u00e9 qui c\u00e9l\u00e8brent la richesse culturelle et artistique du Portugal, id\u00e9aux pour les boutiques de cadeaux touristiques.<\/p>\n","protected":false},"excerpt":{"rendered":"<p>Pat\u00e8re en c\u00e9ramique en forme d&rsquo;hirondelle, inspir\u00e9e par la beaut\u00e9 de Lisbonne. Cet accessoire attrayant est d\u00e9cor\u00e9 d&rsquo;une mosa\u00efque vibrante de couleurs bleu, jaune, rouge et vert, \u00e9voquant les azulejos traditionnels portugais. Chaque pi\u00e8ce semble \u00eatre peinte \u00e0 la main, soulignant les d\u00e9licats motifs g\u00e9om\u00e9triques et floraux qui ornent son corps. Id\u00e9al pour ajouter une touche culturelle et artistique \u00e0 n&rsquo;importe quel espace.<\/p>\n","protected":false},"featured_media":11220,"template":"","meta":{"_acf_changed":false},"product_brand":[],"product_cat":[791],"product_tag":[530,585],"class_list":{"0":"post-26063","1":"product","2":"type-product","3":"status-publish","4":"has-post-thumbnail","6":"product_cat-pateres","7":"product_tag-animaux","8":"product_tag-ceramique","9":"pa_ciudad-lisboa","10":"pa_motivo-hirondelles","11":"pa_pais-portugal","13":"first","14":"instock","15":"shipping-taxable","16":"product-type-simple"},"acf":[],"_links":{"self":[{"href":"https:\/\/olemosaic.com\/fr\/wp-json\/wp\/v2\/product\/26063","targetHints":{"allow":["GET"]}}],"collection":[{"href":"https:\/\/olemosaic.com\/fr\/wp-json\/wp\/v2\/product"}],"about":[{"href":"https:\/\/olemosaic.com\/fr\/wp-json\/wp\/v2\/types\/product"}],"wp:featuredmedia":[{"embeddable":true,"href":"https:\/\/olemosaic.com\/fr\/wp-json\/wp\/v2\/media\/11220"}],"wp:attachment":[{"href":"https:\/\/olemosaic.com\/fr\/wp-json\/wp\/v2\/media?parent=26063"}],"wp:term":[{"taxonomy":"product_brand","embeddable":true,"href":"https:\/\/olemosaic.com\/fr\/wp-json\/wp\/v2\/product_brand?post=26063"},{"taxonomy":"product_cat","embeddable":true,"href":"https:\/\/olemosaic.com\/fr\/wp-json\/wp\/v2\/product_cat?post=26063"},{"taxonomy":"product_tag","embeddable":true,"href":"https:\/\/olemosaic.com\/fr\/wp-json\/wp\/v2\/product_tag?post=26063"}],"curies":[{"name":"wp","href":"https:\/\/api.w.org\/{rel}","templated":true}]}}