{"id":26062,"date":"2025-02-20T23:28:07","date_gmt":"2025-02-20T22:28:07","guid":{"rendered":"http:\/\/olemosaic.com\/producto\/cenicero-de-ceramica-de-9-cm-flores-blanco\/"},"modified":"2025-07-25T19:46:40","modified_gmt":"2025-07-25T17:46:40","slug":"cendrier-en-ceramique-de-9-cm-fleurs-blanc","status":"publish","type":"product","link":"https:\/\/olemosaic.com\/fr\/produit\/cendrier-en-ceramique-de-9-cm-fleurs-blanc\/","title":{"rendered":"Cendrier en c\u00e9ramique de 9 cm. Fleurs. Blanc"},"content":{"rendered":"<p>Cendrier en c\u00e9ramique d\u00e9cor\u00e9 de fleurs vibrantes aux tons rouge, bleu, jaune et noir. Cet \u00e9l\u00e9gant cendrier, d&rsquo;un diam\u00e8tre de 9 cm, capture l&rsquo;essence de l&rsquo;art de la mosa\u00efque typique de l&rsquo;Espagne, apportant la beaut\u00e9 de la tradition c\u00e9ramique directement dans votre maison. Sa forme ronde offre une esth\u00e9tique classique, tandis que la finition brillante rehausse les d\u00e9tails peints \u00e0 la main, garantissant que chaque pi\u00e8ce est v\u00e9ritablement unique. Les motifs floraux qui ornent sa surface apportent non seulement une touche artistique, mais refl\u00e8tent \u00e9galement la riche biodiversit\u00e9 et la culture vibrante de la p\u00e9ninsule ib\u00e9rique.<\/p>\n<p>Ce cendrier est l&rsquo;accessoire id\u00e9al qui allie fonctionnalit\u00e9 et style, ajoutant une touche culturelle et color\u00e9e \u00e0 n&rsquo;importe quel environnement. Son design, inspir\u00e9 des mosa\u00efques qui embellissent de nombreux monuments espagnols, tels que les patios andalous et les \u0153uvres de Gaud\u00ed, en fait un souvenir repr\u00e9sentatif et authentique. Chez Ol\u00e9 Mosaic, nous sommes sp\u00e9cialistes de la distribution de souvenirs en gros et ce cendrier en c\u00e9ramique est une excellente option pour les boutiques de cadeaux touristiques \u00e0 la recherche de produits capturant l&rsquo;essence de l&rsquo;Espagne. Il se distingue par sa qualit\u00e9 artisanale, ce qui en fait un souvenir id\u00e9al pour ceux qui souhaitent emporter un petit morceau de l&rsquo;art et de la culture espagnole.<\/p>\n","protected":false},"excerpt":{"rendered":"<p>Cendrier en c\u00e9ramique de 9 cm, d\u00e9cor\u00e9 d&rsquo;un design floral vibrant dans les tons rouge, bleu, jaune et noir. Cet \u00e9l\u00e9gant cendrier, avec une finition brillante et un design artisanal peint \u00e0 la main, \u00e9voque la couleur et la richesse de l&rsquo;art de la mosa\u00efque espagnole. Sa forme ronde et l&rsquo;attention port\u00e9e aux d\u00e9tails des motifs floraux en font un accessoire parfait pour n&rsquo;importe quel environnement, ajoutant une touche artistique et culturelle.<\/p>\n","protected":false},"featured_media":9015,"template":"","meta":{"_acf_changed":false},"product_brand":[],"product_cat":[584],"product_tag":[585],"class_list":{"0":"post-26062","1":"product","2":"type-product","3":"status-publish","4":"has-post-thumbnail","6":"product_cat-cendriers","7":"product_tag-ceramique","8":"pa_motivo-fleurs","10":"first","11":"instock","12":"shipping-taxable","13":"product-type-simple"},"acf":[],"_links":{"self":[{"href":"https:\/\/olemosaic.com\/fr\/wp-json\/wp\/v2\/product\/26062","targetHints":{"allow":["GET"]}}],"collection":[{"href":"https:\/\/olemosaic.com\/fr\/wp-json\/wp\/v2\/product"}],"about":[{"href":"https:\/\/olemosaic.com\/fr\/wp-json\/wp\/v2\/types\/product"}],"wp:featuredmedia":[{"embeddable":true,"href":"https:\/\/olemosaic.com\/fr\/wp-json\/wp\/v2\/media\/9015"}],"wp:attachment":[{"href":"https:\/\/olemosaic.com\/fr\/wp-json\/wp\/v2\/media?parent=26062"}],"wp:term":[{"taxonomy":"product_brand","embeddable":true,"href":"https:\/\/olemosaic.com\/fr\/wp-json\/wp\/v2\/product_brand?post=26062"},{"taxonomy":"product_cat","embeddable":true,"href":"https:\/\/olemosaic.com\/fr\/wp-json\/wp\/v2\/product_cat?post=26062"},{"taxonomy":"product_tag","embeddable":true,"href":"https:\/\/olemosaic.com\/fr\/wp-json\/wp\/v2\/product_tag?post=26062"}],"curies":[{"name":"wp","href":"https:\/\/api.w.org\/{rel}","templated":true}]}}