{"id":26061,"date":"2025-02-20T23:28:07","date_gmt":"2025-02-20T22:28:07","guid":{"rendered":"http:\/\/olemosaic.com\/producto\/cenicero-de-ceramica-de-9-cm-salamandra-y-flores-mallorca-blanco\/"},"modified":"2025-07-25T19:26:43","modified_gmt":"2025-07-25T17:26:43","slug":"cendrier-en-ceramique-de-9-cm-salamandre-et-fleurs-majorque-blanc","status":"publish","type":"product","link":"https:\/\/olemosaic.com\/fr\/produit\/cendrier-en-ceramique-de-9-cm-salamandre-et-fleurs-majorque-blanc\/","title":{"rendered":"Cendrier en c\u00e9ramique de 9 cm. Salamandre et fleurs. Majorque. Blanc"},"content":{"rendered":"<p>Cendrier en c\u00e9ramique d\u00e9cor\u00e9 d&rsquo;une salamandre vibrante et de fleurs typiques de Majorque, un v\u00e9ritable tr\u00e9sor qui capture l&rsquo;essence du style m\u00e9diterran\u00e9en. D&rsquo;un diam\u00e8tre de 9 cm, ce cendrier attrayant est peint \u00e0 la main sur un fond blanc qui rehausse les couleurs vives et joyeuses des fleurs et de la salamandre qui l&rsquo;ornent. La salamandre, symbole de la culture locale, est pr\u00e9sent\u00e9e dans un magnifique design combinant des tons verts et bleus, tandis que les fleurs qui l&rsquo;entourent, en rouge et jaune, \u00e9voquent la flore de l&rsquo;\u00eele. De plus, le cendrier comporte un motif de mosa\u00efque qui \u00e9voque l&rsquo;art populaire de Majorque, ce qui renforce sa singularit\u00e9.<\/p>\n<p>Ce produit n&rsquo;est pas seulement fonctionnel, il sert \u00e9galement de rappel visuel de la beaut\u00e9 de Majorque, m\u00e9ritant ainsi une place sp\u00e9ciale dans n&rsquo;importe quel foyer. En tant que souvenir, c&rsquo;est le cadeau id\u00e9al pour les touristes \u00e0 la recherche d&rsquo;un morceau de la culture majorquine. Chez Ol\u00e9 Mosaic, nous proposons des souvenirs en c\u00e9ramique soign\u00e9s qui refl\u00e8tent l&rsquo;authenticit\u00e9 et la richesse culturelle de la r\u00e9gion. Ce cendrier est une excellente option pour les boutiques de cadeaux touristiques souhaitant proposer des articles de qualit\u00e9, repr\u00e9sentatifs et authentiques, parfaits pour ceux qui recherchent des souvenirs uniques de Majorque.<\/p>\n","protected":false},"excerpt":{"rendered":"<p>Cendrier en c\u00e9ramique de 9 cm, d\u00e9cor\u00e9 d&rsquo;une salamandre vibrante et de fleurs typiques de Majorque. Ce cendrier attrayant pr\u00e9sente un design artisanal, peint \u00e0 la main, sur un fond blanc qui rehausse les couleurs vives des fleurs et de la salamandre. La d\u00e9coration comprend un motif de mosa\u00efque, \u00e9voquant l&rsquo;essence de l&rsquo;art local. Parfait pour ajouter une touche m\u00e9diterran\u00e9enne \u00e0 n&rsquo;importe quel espace.<\/p>\n","protected":false},"featured_media":8025,"template":"","meta":{"_acf_changed":false},"product_brand":[],"product_cat":[584],"product_tag":[530,585],"class_list":{"0":"post-26061","1":"product","2":"type-product","3":"status-publish","4":"has-post-thumbnail","6":"product_cat-cendriers","7":"product_tag-animaux","8":"product_tag-ceramique","9":"pa_ciudad-mallorca","10":"pa_motivo-salamandres","11":"pa_pais-espana","13":"first","14":"instock","15":"shipping-taxable","16":"product-type-simple"},"acf":[],"_links":{"self":[{"href":"https:\/\/olemosaic.com\/fr\/wp-json\/wp\/v2\/product\/26061","targetHints":{"allow":["GET"]}}],"collection":[{"href":"https:\/\/olemosaic.com\/fr\/wp-json\/wp\/v2\/product"}],"about":[{"href":"https:\/\/olemosaic.com\/fr\/wp-json\/wp\/v2\/types\/product"}],"wp:featuredmedia":[{"embeddable":true,"href":"https:\/\/olemosaic.com\/fr\/wp-json\/wp\/v2\/media\/8025"}],"wp:attachment":[{"href":"https:\/\/olemosaic.com\/fr\/wp-json\/wp\/v2\/media?parent=26061"}],"wp:term":[{"taxonomy":"product_brand","embeddable":true,"href":"https:\/\/olemosaic.com\/fr\/wp-json\/wp\/v2\/product_brand?post=26061"},{"taxonomy":"product_cat","embeddable":true,"href":"https:\/\/olemosaic.com\/fr\/wp-json\/wp\/v2\/product_cat?post=26061"},{"taxonomy":"product_tag","embeddable":true,"href":"https:\/\/olemosaic.com\/fr\/wp-json\/wp\/v2\/product_tag?post=26061"}],"curies":[{"name":"wp","href":"https:\/\/api.w.org\/{rel}","templated":true}]}}