{"id":26059,"date":"2025-02-20T23:28:07","date_gmt":"2025-02-20T22:28:07","guid":{"rendered":"http:\/\/olemosaic.com\/producto\/cenicero-de-ceramica-de-8-cm-gallos-blanco\/"},"modified":"2025-07-25T22:22:02","modified_gmt":"2025-07-25T20:22:02","slug":"cendrier-en-ceramique-de-8-cm-coqs-blanc","status":"publish","type":"product","link":"https:\/\/olemosaic.com\/fr\/produit\/cendrier-en-ceramique-de-8-cm-coqs-blanc\/","title":{"rendered":"Cendrier en c\u00e9ramique de 8 cm. Coqs. Blanc"},"content":{"rendered":"<p>Cendrier en c\u00e9ramique d\u00e9cor\u00e9 d&rsquo;un coq color\u00e9, symbole du folklore espagnol, qui se distingue comme un souvenir attrayant de la riche tradition culturelle de l&rsquo;Espagne. D&rsquo;un diam\u00e8tre de 8 cm, ce cendrier pr\u00e9sente une illustration vibrante \u00e0 l&rsquo;effet peint \u00e0 la main, montrant un coq dans les tons rouges, jaunes et noirs, entour\u00e9 de d\u00e9licats motifs floraux et de c\u0153urs bleus et blancs. La c\u00e9ramique blanche agit comme une toile parfaite, rehaussant les couleurs vives et le design joyeux qui \u00e9voquent l&rsquo;essence de l&rsquo;art populaire espagnol.<\/p>\n<p>Ce cendrier remplit non seulement une fonction pratique, mais sert \u00e9galement de pi\u00e8ce d\u00e9corative capable de transformer n&rsquo;importe quel espace en un coin plein de vie et de tradition. Le coq, symbole omnipr\u00e9sent du folklore espagnol, repr\u00e9sente l&rsquo;abondance et la joie, ce qui en fait un souvenir significatif pour ceux qui souhaitent emporter un petit morceau de la culture espagnole chez eux. Chez Ol\u00e9 Mosaic, nous sommes fiers de proposer des souvenirs authentiques qui capturent la richesse des traditions locales, et ce cendrier en c\u00e9ramique est un choix exceptionnel pour les boutiques de cadeaux touristiques \u00e0 la recherche de produits uniques et repr\u00e9sentatifs. En choisissant ce cendrier, vous garantissez un cadeau qui c\u00e9l\u00e8bre l&rsquo;h\u00e9ritage culturel de l&rsquo;Espagne et attire les touristes qui appr\u00e9cient l&rsquo;authenticit\u00e9 de leurs souvenirs.<\/p>\n","protected":false},"excerpt":{"rendered":"<p>Cendrier en c\u00e9ramique de 8 cm d\u00e9cor\u00e9 d&rsquo;un coq color\u00e9, symbole du folklore espagnol. Il pr\u00e9sente un design artisanal, peint \u00e0 la main, dans les tons rouges, jaunes et noirs, entour\u00e9 de motifs floraux et de c\u0153urs bleus et blancs. Cet article, en plus d&rsquo;\u00eatre fonctionnel, est un \u00e9l\u00e9ment d\u00e9coratif attrayant qui \u00e9voque la tradition et l&rsquo;art populaire. Il est id\u00e9al pour emporter un petit morceau d&rsquo;Espagne dans n&rsquo;importe quel foyer.<\/p>\n","protected":false},"featured_media":8884,"template":"","meta":{"_acf_changed":false},"product_brand":[],"product_cat":[584],"product_tag":[530,585],"class_list":{"0":"post-26059","1":"product","2":"type-product","3":"status-publish","4":"has-post-thumbnail","6":"product_cat-cendriers","7":"product_tag-animaux","8":"product_tag-ceramique","9":"pa_motivo-coqs","11":"first","12":"instock","13":"shipping-taxable","14":"product-type-simple"},"acf":[],"_links":{"self":[{"href":"https:\/\/olemosaic.com\/fr\/wp-json\/wp\/v2\/product\/26059","targetHints":{"allow":["GET"]}}],"collection":[{"href":"https:\/\/olemosaic.com\/fr\/wp-json\/wp\/v2\/product"}],"about":[{"href":"https:\/\/olemosaic.com\/fr\/wp-json\/wp\/v2\/types\/product"}],"wp:featuredmedia":[{"embeddable":true,"href":"https:\/\/olemosaic.com\/fr\/wp-json\/wp\/v2\/media\/8884"}],"wp:attachment":[{"href":"https:\/\/olemosaic.com\/fr\/wp-json\/wp\/v2\/media?parent=26059"}],"wp:term":[{"taxonomy":"product_brand","embeddable":true,"href":"https:\/\/olemosaic.com\/fr\/wp-json\/wp\/v2\/product_brand?post=26059"},{"taxonomy":"product_cat","embeddable":true,"href":"https:\/\/olemosaic.com\/fr\/wp-json\/wp\/v2\/product_cat?post=26059"},{"taxonomy":"product_tag","embeddable":true,"href":"https:\/\/olemosaic.com\/fr\/wp-json\/wp\/v2\/product_tag?post=26059"}],"curies":[{"name":"wp","href":"https:\/\/api.w.org\/{rel}","templated":true}]}}