{"id":26058,"date":"2025-02-20T22:28:07","date_gmt":"2025-02-20T22:28:07","guid":{"rendered":"http:\/\/olemosaic.com\/producto\/cenicero-de-ceramica-de-10-cm-valencia-blanco\/"},"modified":"2025-07-25T20:02:18","modified_gmt":"2025-07-25T18:02:18","slug":"cendrier-en-ceramique-de-10-cm-valence-blanc","status":"publish","type":"product","link":"https:\/\/olemosaic.com\/fr\/produit\/cendrier-en-ceramique-de-10-cm-valence-blanc\/","title":{"rendered":"Cendrier en c\u00e9ramique de 10 cm. Valence. Blanc"},"content":{"rendered":"<p>Cendrier en c\u00e9ramique de Valence, une pi\u00e8ce artistique de 10 cm qui capture l&rsquo;essence vibrante de cette magnifique ville espagnole. Ce cendrier attrayant pr\u00e9sente une illustration color\u00e9e mettant en valeur deux des monuments les plus embl\u00e9matiques de Valence : la majestueuse cath\u00e9drale, avec sa tour incomparable, et l&rsquo;\u00e9difice iconique de la Cit\u00e9 des Arts et des Sciences, qui \u00e9voque la modernit\u00e9 et le g\u00e9nie architectural de la r\u00e9gion. La finition brillante fait ressortir les d\u00e9tails de chaque monument, tandis qu&rsquo;un d\u00e9licat design de mosa\u00efque dans les tons blanc, rouge et bleu orne sa base, lui conf\u00e9rant une esth\u00e9tique unique et contemporaine.<\/p>\n<p>Le bord du cendrier est d\u00e9cor\u00e9 du mot \u00ab\u00a0Valencia\u00a0\u00bb en lettres multicolores, ce qui ajoute une touche festive et attrayante. Cette pi\u00e8ce n&rsquo;est pas seulement fonctionnelle, elle s&rsquo;\u00e9rige \u00e9galement comme un souvenir significatif de la riche culture et du patrimoine de Valence. Id\u00e9al pour les touristes \u00e0 la recherche de souvenirs authentiques qui racontent une histoire, ce cendrier en c\u00e9ramique enrichira n&rsquo;importe quel foyer d&rsquo;un fragment de la tradition valencienne.<\/p>\n<p>Chez Ol\u00e9 Mosaic, nous sommes distributeurs de souvenirs en gros, offrant des produits authentiques qui refl\u00e8tent la diversit\u00e9 culturelle de l&rsquo;Espagne. Ce cendrier est une excellente option pour les boutiques de cadeaux touristiques souhaitant proposer une pi\u00e8ce repr\u00e9sentative et de qualit\u00e9, parfaite pour se souvenir de l&rsquo;exp\u00e9rience de la d\u00e9couverte de Valence.<\/p>\n","protected":false},"excerpt":{"rendered":"<p>Cendrier en c\u00e9ramique de 10 cm inspir\u00e9 par la ville vibrante de Valence. Ce cendrier attrayant pr\u00e9sente une illustration color\u00e9e avec des monuments embl\u00e9matiques tels que la cath\u00e9drale de Valence et la Cit\u00e9 des Arts et des Sciences, le tout avec une finition brillante. D\u00e9cor\u00e9 d&rsquo;un design de mosa\u00efque dans les tons blanc, rouge et bleu, son bord arbore le mot \u00ab\u00a0Valencia\u00a0\u00bb en lettres multicolores, capturant l&rsquo;essence culturelle et artistique de la r\u00e9gion.<\/p>\n","protected":false},"featured_media":9880,"template":"","meta":{"_acf_changed":false},"product_brand":[],"product_cat":[584],"product_tag":[585],"class_list":{"0":"post-26058","1":"product","2":"type-product","3":"status-publish","4":"has-post-thumbnail","6":"product_cat-cendriers","7":"product_tag-ceramique","8":"pa_ciudad-valencia","9":"pa_pais-espana","11":"first","12":"instock","13":"shipping-taxable","14":"product-type-simple"},"acf":[],"_links":{"self":[{"href":"https:\/\/olemosaic.com\/fr\/wp-json\/wp\/v2\/product\/26058","targetHints":{"allow":["GET"]}}],"collection":[{"href":"https:\/\/olemosaic.com\/fr\/wp-json\/wp\/v2\/product"}],"about":[{"href":"https:\/\/olemosaic.com\/fr\/wp-json\/wp\/v2\/types\/product"}],"wp:featuredmedia":[{"embeddable":true,"href":"https:\/\/olemosaic.com\/fr\/wp-json\/wp\/v2\/media\/9880"}],"wp:attachment":[{"href":"https:\/\/olemosaic.com\/fr\/wp-json\/wp\/v2\/media?parent=26058"}],"wp:term":[{"taxonomy":"product_brand","embeddable":true,"href":"https:\/\/olemosaic.com\/fr\/wp-json\/wp\/v2\/product_brand?post=26058"},{"taxonomy":"product_cat","embeddable":true,"href":"https:\/\/olemosaic.com\/fr\/wp-json\/wp\/v2\/product_cat?post=26058"},{"taxonomy":"product_tag","embeddable":true,"href":"https:\/\/olemosaic.com\/fr\/wp-json\/wp\/v2\/product_tag?post=26058"}],"curies":[{"name":"wp","href":"https:\/\/api.w.org\/{rel}","templated":true}]}}