{"id":26057,"date":"2025-02-20T22:28:06","date_gmt":"2025-02-20T22:28:06","guid":{"rendered":"http:\/\/olemosaic.com\/producto\/cenicero-de-ceramica-de-10-cm-sevilla-blanco\/"},"modified":"2025-07-25T18:38:44","modified_gmt":"2025-07-25T16:38:44","slug":"cendrier-en-ceramique-de-10-cm-seville-blanc","status":"publish","type":"product","link":"https:\/\/olemosaic.com\/fr\/produit\/cendrier-en-ceramique-de-10-cm-seville-blanc\/","title":{"rendered":"Cendrier en c\u00e9ramique de 10 cm. S\u00e9ville. Blanc"},"content":{"rendered":"<p>Cendrier en c\u00e9ramique de S\u00e9ville<\/p>\n<p>D\u00e9couvrez ce charmant cendrier en c\u00e9ramique de 10 cm, magistralement con\u00e7u pour capturer l&rsquo;essence vibrante de S\u00e9ville. Cette pi\u00e8ce d\u00e9corative, parfaite pour ceux qui appr\u00e9cient l&rsquo;esth\u00e9tique andalouse, pr\u00e9sente une illustration color\u00e9e des monuments les plus embl\u00e9matiques de la ville, tels que l&rsquo;impressionnante Giralda et la majestueuse Place d&rsquo;Espagne. Avec une finition blanche qui rehausse les d\u00e9tails brillants de l&rsquo;\u0153uvre, ce cendrier est \u00e0 la fois fonctionnel et une \u0153uvre d&rsquo;art qui embellit n&rsquo;importe quel espace.<\/p>\n<p>Le design inclut une mosa\u00efque d\u00e9licate \u00e9voquant la riche tradition culturelle andalouse, entour\u00e9e d&rsquo;un treillis qui ajoute une touche de sophistication. L&rsquo;inscription \u00ab\u00a0Sevilla\u00a0\u00bb, r\u00e9alis\u00e9e dans une typographie attrayante, compl\u00e8te l&rsquo;ensemble et fait de ce cendrier un excellent souvenir de la ville. Il est id\u00e9al pour les touristes souhaitant ramener chez eux un morceau de l&rsquo;histoire et du paysage s\u00e9villan.<\/p>\n<p>Chez Ol\u00e9 Mosaic, nous nous consacrons \u00e0 la distribution de souvenirs en gros, offrant des produits authentiques qui capturent la richesse culturelle de l&rsquo;Espagne. Ce cendrier en c\u00e9ramique n&rsquo;est pas seulement un objet d\u00e9coratif, mais aussi un souvenir repr\u00e9sentatif que les amoureux de S\u00e9ville ch\u00e9riront. Un choix parfait pour les boutiques de cadeaux touristiques \u00e0 la recherche d&rsquo;articles uniques et authentiques, ce cendrier devient un incontournable pour ceux qui souhaitent se souvenir de leur voyage dans cette charmante ville andalouse.<\/p>\n","protected":false},"excerpt":{"rendered":"<p>Cendrier en c\u00e9ramique de 10 cm avec un design vibrant inspir\u00e9 de S\u00e9ville. Cet \u00e9l\u00e9gant cendrier pr\u00e9sente une repr\u00e9sentation color\u00e9e de monuments embl\u00e9matiques de la ville, tels que la Giralda et la Place d&rsquo;Espagne, avec une finition blanche qui rehausse les d\u00e9tails. D\u00e9cor\u00e9 d&rsquo;une mosa\u00efque \u00e9voquant le style andalou, il inclut l&rsquo;inscription \u00ab\u00a0Sevilla\u00a0\u00bb dans une typographie attrayante, id\u00e9al pour les amoureux de la culture espagnole.<\/p>\n","protected":false},"featured_media":9938,"template":"","meta":{"_acf_changed":false},"product_brand":[],"product_cat":[584],"product_tag":[585],"class_list":{"0":"post-26057","1":"product","2":"type-product","3":"status-publish","4":"has-post-thumbnail","6":"product_cat-cendriers","7":"product_tag-ceramique","8":"pa_ciudad-sevilla","9":"pa_pais-espana","11":"first","12":"instock","13":"shipping-taxable","14":"product-type-simple"},"acf":[],"_links":{"self":[{"href":"https:\/\/olemosaic.com\/fr\/wp-json\/wp\/v2\/product\/26057","targetHints":{"allow":["GET"]}}],"collection":[{"href":"https:\/\/olemosaic.com\/fr\/wp-json\/wp\/v2\/product"}],"about":[{"href":"https:\/\/olemosaic.com\/fr\/wp-json\/wp\/v2\/types\/product"}],"wp:featuredmedia":[{"embeddable":true,"href":"https:\/\/olemosaic.com\/fr\/wp-json\/wp\/v2\/media\/9938"}],"wp:attachment":[{"href":"https:\/\/olemosaic.com\/fr\/wp-json\/wp\/v2\/media?parent=26057"}],"wp:term":[{"taxonomy":"product_brand","embeddable":true,"href":"https:\/\/olemosaic.com\/fr\/wp-json\/wp\/v2\/product_brand?post=26057"},{"taxonomy":"product_cat","embeddable":true,"href":"https:\/\/olemosaic.com\/fr\/wp-json\/wp\/v2\/product_cat?post=26057"},{"taxonomy":"product_tag","embeddable":true,"href":"https:\/\/olemosaic.com\/fr\/wp-json\/wp\/v2\/product_tag?post=26057"}],"curies":[{"name":"wp","href":"https:\/\/api.w.org\/{rel}","templated":true}]}}