{"id":26056,"date":"2025-02-20T23:28:06","date_gmt":"2025-02-20T22:28:06","guid":{"rendered":"http:\/\/olemosaic.com\/producto\/cenicero-de-ceramica-de-8-cm-valencia-blanco\/"},"modified":"2025-07-25T18:48:13","modified_gmt":"2025-07-25T16:48:13","slug":"cendrier-en-ceramique-de-8-cm-valence-blanc","status":"publish","type":"product","link":"https:\/\/olemosaic.com\/fr\/produit\/cendrier-en-ceramique-de-8-cm-valence-blanc\/","title":{"rendered":"Cendrier en c\u00e9ramique de 8 cm. Valence. Blanc"},"content":{"rendered":"<p>Cendrier en c\u00e9ramique de 8 cm d\u00e9cor\u00e9 de vues iconiques de Valence. Cet \u00e9l\u00e9gant cendrier blanc est un article distinctif qui repr\u00e9sente le riche h\u00e9ritage culturel de la ville. Son design, peint \u00e0 la main, met en avant l&#8217;embl\u00e9matique cath\u00e9drale de Valence, l&rsquo;impressionnante Cit\u00e9 des Arts et des Sciences, et d&rsquo;autres \u00e9l\u00e9ments architecturaux qui incarnent la beaut\u00e9 et la singularit\u00e9 de la r\u00e9gion.<\/p>\n<p>Le fond blanc fait ressortir les couleurs vives des illustrations, avec des tons vibrants de rouge, bleu et jaune, cr\u00e9ant un contraste visuel attrayant. Chaque d\u00e9tail des monuments a \u00e9t\u00e9 soigneusement repr\u00e9sent\u00e9, apportant profondeur et authenticit\u00e9 \u00e0 la pi\u00e8ce. Le cendrier pr\u00e9sente un motif subtil qui ajoute une touche \u00e9l\u00e9gante, en faisant un exemple complet de l&rsquo;artisanat local.<\/p>\n<p>Ce cendrier n&rsquo;est pas seulement fonctionnel, c&rsquo;est aussi un souvenir \u00e9l\u00e9gant qui capture l&rsquo;essence de Valence, id\u00e9al pour les collectionneurs et les amateurs de d\u00e9coration. Chez Ol\u00e9 Mosaic, nous nous sp\u00e9cialisons dans la distribution de souvenirs en gros, offrant des produits authentiques qui refl\u00e8tent la culture espagnole. Ce cendrier en c\u00e9ramique est un choix parfait pour les boutiques de cadeaux touristiques \u00e0 la recherche d&rsquo;articles de qualit\u00e9 et de signification culturelle, devenant un souvenir repr\u00e9sentatif de la riche histoire et de la modernit\u00e9 de Valence.<\/p>\n","protected":false},"excerpt":{"rendered":"<p>Cendrier en c\u00e9ramique de 8 cm, d\u00e9cor\u00e9 de vues iconiques de Valence. Cet \u00e9l\u00e9gant cendrier blanc pr\u00e9sente un design artisanal, peint \u00e0 la main, incluant l&#8217;embl\u00e9matique cath\u00e9drale de Valence, l&rsquo;impressionnante Cit\u00e9 des Arts et des Sciences, et d&rsquo;autres \u00e9l\u00e9ments architecturaux remarquables. Orn\u00e9 de couleurs vibrantes et d&rsquo;un motif de fond subtil, c&rsquo;est le souvenir parfait qui capture l&rsquo;essence culturelle de la ville, id\u00e9al pour les collectionneurs et les amateurs de d\u00e9coration.<\/p>\n","protected":false},"featured_media":9881,"template":"","meta":{"_acf_changed":false},"product_brand":[],"product_cat":[584],"product_tag":[585],"class_list":{"0":"post-26056","1":"product","2":"type-product","3":"status-publish","4":"has-post-thumbnail","6":"product_cat-cendriers","7":"product_tag-ceramique","8":"pa_ciudad-valencia","9":"pa_pais-espana","11":"first","12":"instock","13":"shipping-taxable","14":"product-type-simple"},"acf":[],"_links":{"self":[{"href":"https:\/\/olemosaic.com\/fr\/wp-json\/wp\/v2\/product\/26056","targetHints":{"allow":["GET"]}}],"collection":[{"href":"https:\/\/olemosaic.com\/fr\/wp-json\/wp\/v2\/product"}],"about":[{"href":"https:\/\/olemosaic.com\/fr\/wp-json\/wp\/v2\/types\/product"}],"wp:featuredmedia":[{"embeddable":true,"href":"https:\/\/olemosaic.com\/fr\/wp-json\/wp\/v2\/media\/9881"}],"wp:attachment":[{"href":"https:\/\/olemosaic.com\/fr\/wp-json\/wp\/v2\/media?parent=26056"}],"wp:term":[{"taxonomy":"product_brand","embeddable":true,"href":"https:\/\/olemosaic.com\/fr\/wp-json\/wp\/v2\/product_brand?post=26056"},{"taxonomy":"product_cat","embeddable":true,"href":"https:\/\/olemosaic.com\/fr\/wp-json\/wp\/v2\/product_cat?post=26056"},{"taxonomy":"product_tag","embeddable":true,"href":"https:\/\/olemosaic.com\/fr\/wp-json\/wp\/v2\/product_tag?post=26056"}],"curies":[{"name":"wp","href":"https:\/\/api.w.org\/{rel}","templated":true}]}}