{"id":26055,"date":"2025-02-20T23:28:06","date_gmt":"2025-02-20T22:28:06","guid":{"rendered":"http:\/\/olemosaic.com\/producto\/cenicero-de-ceramica-de-8-cm-panoramica-barcelona-beige\/"},"modified":"2025-07-25T18:48:13","modified_gmt":"2025-07-25T16:48:13","slug":"cendrier-en-ceramique-de-8-cm-panoramique-barcelone-beige","status":"publish","type":"product","link":"https:\/\/olemosaic.com\/fr\/produit\/cendrier-en-ceramique-de-8-cm-panoramique-barcelone-beige\/","title":{"rendered":"Cendrier en c\u00e9ramique de 8 cm. Panoramique. Barcelone. Beige"},"content":{"rendered":"<p>Cendrier en c\u00e9ramique de 8 cm avec une vue panoramique color\u00e9e de Barcelone. Ce cendrier attrayant, avec sa base beige et son bord rouge, pr\u00e9sente une illustration vibrante de l&rsquo;iconique Sagrada Familia ainsi que d&rsquo;autres monuments embl\u00e9matiques de la ville, dans un charmant style mosa\u00efque \u00e9voquant les \u0153uvres du c\u00e9l\u00e8bre architecte Antoni Gaud\u00ed. Chaque d\u00e9tail du design, cr\u00e9\u00e9 et d\u00e9cor\u00e9 \u00e0 la main, souligne la diversit\u00e9 et l&rsquo;esprit unique de Barcelone, mettant l&rsquo;accent sur son riche h\u00e9ritage culturel. Le mot \u00ab\u00a0Barcelona\u00a0\u00bb est dessin\u00e9 avec des lettres color\u00e9es sur la partie sup\u00e9rieure, faisant de ce cendrier non seulement un objet fonctionnel, mais aussi un rappel attrayant de la beaut\u00e9 que cette ville offre \u00e0 ses visiteurs.<\/p>\n<p>Ce cendrier est id\u00e9al pour les amoureux de Barcelone et constitue un excellent souvenir pour ceux qui cherchent \u00e0 ramener un morceau de la culture catalane chez eux. Le lien culturel qu&rsquo;il pr\u00e9sente, en repr\u00e9sentant l&rsquo;une des destinations les plus visit\u00e9es d&rsquo;Espagne, en fait un motif parfait pour toute visite. Chez Ol\u00e9 Mosaic, nous nous engageons dans la distribution de souvenirs authentiques, et ce cendrier est un choix exceptionnel pour les boutiques de cadeaux touristiques \u00e0 la recherche de produits distinctifs capturant l&rsquo;essence de Barcelone et sa riche tradition artistique. En tant que grossistes en c\u00e9ramique, nous offrons qualit\u00e9 et authenticit\u00e9 dans chaque pi\u00e8ce, id\u00e9al pour les touristes souhaitant se souvenir de leur voyage de mani\u00e8re significative.<\/p>\n","protected":false},"excerpt":{"rendered":"<p>Cendrier en c\u00e9ramique de 8 cm avec une vue panoramique color\u00e9e de Barcelone. Ce cendrier attrayant, avec sa base beige et son bord rouge, pr\u00e9sente une illustration vibrante de la Sagrada Familia et d&rsquo;autres monuments embl\u00e9matiques de la ville, dans un style mosa\u00efque rappelant les \u0153uvres de Gaud\u00ed. Le design, d\u00e9cor\u00e9 dans un style artisanal, inclut le texte \u00ab\u00a0Barcelona\u00a0\u00bb, id\u00e9al comme souvenir pour les amoureux de cette ville iconique.<\/p>\n","protected":false},"featured_media":7770,"template":"","meta":{"_acf_changed":false},"product_brand":[],"product_cat":[584],"product_tag":[585],"class_list":{"0":"post-26055","1":"product","2":"type-product","3":"status-publish","4":"has-post-thumbnail","6":"product_cat-cendriers","7":"product_tag-ceramique","8":"pa_ciudad-barcelona","9":"pa_motivo-panoramas","10":"pa_pais-espana","12":"first","13":"instock","14":"shipping-taxable","15":"product-type-simple"},"acf":[],"_links":{"self":[{"href":"https:\/\/olemosaic.com\/fr\/wp-json\/wp\/v2\/product\/26055","targetHints":{"allow":["GET"]}}],"collection":[{"href":"https:\/\/olemosaic.com\/fr\/wp-json\/wp\/v2\/product"}],"about":[{"href":"https:\/\/olemosaic.com\/fr\/wp-json\/wp\/v2\/types\/product"}],"wp:featuredmedia":[{"embeddable":true,"href":"https:\/\/olemosaic.com\/fr\/wp-json\/wp\/v2\/media\/7770"}],"wp:attachment":[{"href":"https:\/\/olemosaic.com\/fr\/wp-json\/wp\/v2\/media?parent=26055"}],"wp:term":[{"taxonomy":"product_brand","embeddable":true,"href":"https:\/\/olemosaic.com\/fr\/wp-json\/wp\/v2\/product_brand?post=26055"},{"taxonomy":"product_cat","embeddable":true,"href":"https:\/\/olemosaic.com\/fr\/wp-json\/wp\/v2\/product_cat?post=26055"},{"taxonomy":"product_tag","embeddable":true,"href":"https:\/\/olemosaic.com\/fr\/wp-json\/wp\/v2\/product_tag?post=26055"}],"curies":[{"name":"wp","href":"https:\/\/api.w.org\/{rel}","templated":true}]}}