{"id":26054,"date":"2025-02-20T23:28:06","date_gmt":"2025-02-20T22:28:06","guid":{"rendered":"http:\/\/olemosaic.com\/producto\/cenicero-de-ceramica-de-13-cm-salamandra-mallorca-beige\/"},"modified":"2025-07-25T19:46:35","modified_gmt":"2025-07-25T17:46:35","slug":"cendrier-en-ceramique-de-13-cm-salamandre-majorque-beige","status":"publish","type":"product","link":"https:\/\/olemosaic.com\/fr\/produit\/cendrier-en-ceramique-de-13-cm-salamandre-majorque-beige\/","title":{"rendered":"Cendrier en c\u00e9ramique de 13 cm. Salamandre. Majorque. Beige"},"content":{"rendered":"<p>Cendrier en c\u00e9ramique de 13 cm d\u00e9cor\u00e9 de salamandres captivantes, symbole du folklore majorquin. Cet objet unique allie la tradition artisanale de l&rsquo;\u00eele \u00e0 un design vibrant et contemporain. Sa base, d&rsquo;un beige doux, sert de toile parfaite orn\u00e9e de fleurs \u00e9clatantes aux tons vifs, \u00e9voquant la diversit\u00e9 florale caract\u00e9ristique de la r\u00e9gion. Le mot \u00ab\u00a0MALLORCA\u00a0\u00bb, pr\u00e9sent\u00e9 dans des lettres ludiques, renforce son identit\u00e9 en tant qu&rsquo;authentique souvenir de l&rsquo;\u00eele. La partie sup\u00e9rieure se distingue par sa finition orange brillante, apportant un contraste vibrant qui attire tous les regards.<\/p>\n<p>Peint \u00e0 la main, chaque cendrier est une pi\u00e8ce unique qui refl\u00e8te l&rsquo;art et la passion des artisans locaux. Les salamandres, pr\u00e9sentes dans sa d\u00e9coration, repr\u00e9sentent non seulement la faune de Majorque, mais aussi sa riche culture et ses traditions. Ce cendrier est un excellent choix pour les touristes \u00e0 la recherche d&rsquo;un souvenir repr\u00e9sentatif et authentique de Majorque, id\u00e9al pour apporter une touche de l&rsquo;\u00eele dans n&rsquo;importe quel foyer. Chez Ol\u00e9 Mosaic, nous nous sp\u00e9cialisons dans la distribution de souvenirs en gros, offrant des produits qui se distinguent par leur qualit\u00e9 et leur caract\u00e8re culturel. Ce cendrier en c\u00e9ramique est un cadeau parfait pour ceux qui souhaitent emporter un fragment de l&rsquo;essence majorquine, devenant un article non seulement fonctionnel, mais aussi un souvenir m\u00e9morable de leur visite.<\/p>\n","protected":false},"excerpt":{"rendered":"<p>Cendrier en c\u00e9ramique de 13 cm, d\u00e9cor\u00e9 de salamandres frappantes \u00e9voquant le folklore majorquin. Sa base, d&rsquo;un beige doux, est orn\u00e9e de fleurs aux couleurs vives et du mot \u00ab\u00a0MALLORCA\u00a0\u00bb en lettres joyeuses. La partie sup\u00e9rieure, avec une finition orange brillante, cr\u00e9e un contraste vibrant. Cet article, au design artisanal, peint \u00e0 la main, allie art et fonctionnalit\u00e9, id\u00e9al pour apporter une touche de l&rsquo;\u00eele dans n&rsquo;importe quel foyer.<\/p>\n","protected":false},"featured_media":7733,"template":"","meta":{"_acf_changed":false},"product_brand":[],"product_cat":[584],"product_tag":[530,585],"class_list":{"0":"post-26054","1":"product","2":"type-product","3":"status-publish","4":"has-post-thumbnail","6":"product_cat-cendriers","7":"product_tag-animaux","8":"product_tag-ceramique","9":"pa_ciudad-mallorca","10":"pa_motivo-salamandres","11":"pa_pais-espana","13":"first","14":"instock","15":"shipping-taxable","16":"product-type-simple"},"acf":[],"_links":{"self":[{"href":"https:\/\/olemosaic.com\/fr\/wp-json\/wp\/v2\/product\/26054","targetHints":{"allow":["GET"]}}],"collection":[{"href":"https:\/\/olemosaic.com\/fr\/wp-json\/wp\/v2\/product"}],"about":[{"href":"https:\/\/olemosaic.com\/fr\/wp-json\/wp\/v2\/types\/product"}],"wp:featuredmedia":[{"embeddable":true,"href":"https:\/\/olemosaic.com\/fr\/wp-json\/wp\/v2\/media\/7733"}],"wp:attachment":[{"href":"https:\/\/olemosaic.com\/fr\/wp-json\/wp\/v2\/media?parent=26054"}],"wp:term":[{"taxonomy":"product_brand","embeddable":true,"href":"https:\/\/olemosaic.com\/fr\/wp-json\/wp\/v2\/product_brand?post=26054"},{"taxonomy":"product_cat","embeddable":true,"href":"https:\/\/olemosaic.com\/fr\/wp-json\/wp\/v2\/product_cat?post=26054"},{"taxonomy":"product_tag","embeddable":true,"href":"https:\/\/olemosaic.com\/fr\/wp-json\/wp\/v2\/product_tag?post=26054"}],"curies":[{"name":"wp","href":"https:\/\/api.w.org\/{rel}","templated":true}]}}