{"id":26013,"date":"2025-02-20T23:28:06","date_gmt":"2025-02-20T22:28:06","guid":{"rendered":"http:\/\/olemosaic.com\/producto\/cenicero-de-ceramica-de-10-cm-patio-blanco\/"},"modified":"2025-07-25T18:33:32","modified_gmt":"2025-07-25T16:33:32","slug":"cendrier-en-ceramique-de-10-cm-patio-blanc","status":"publish","type":"product","link":"https:\/\/olemosaic.com\/fr\/produit\/cendrier-en-ceramique-de-10-cm-patio-blanc\/","title":{"rendered":"Cendrier en c\u00e9ramique de 10 cm. Patio andalou. Blanc"},"content":{"rendered":"<p>Cendrier en c\u00e9ramique de 10 cm. Ce charmant cendrier pr\u00e9sente une sc\u00e8ne vibrante de danse flamenco, capturant l&rsquo;essence de l&rsquo;esprit andalou dans un design attrayant. L&rsquo;illustration montre une danseuse dans un costume \u00e0 pois rouges, tournoyant avec gr\u00e2ce et passion, accompagn\u00e9e d&rsquo;un danseur dans une posture dynamique et festive. Le fond, avec un motif d\u00e9licat de pierres, refl\u00e8te l&rsquo;esth\u00e9tique typique d&rsquo;un patio espagnol orn\u00e9 de fleurs et de grilles color\u00e9es, \u00e9voquant la culture festive de l&rsquo;Espagne.<\/p>\n<p>Avec 10 cm de diam\u00e8tre, cette pi\u00e8ce en c\u00e9ramique est non seulement fonctionnelle, mais elle devient \u00e9galement un \u00e9l\u00e9ment d\u00e9coratif qui ajoute une touche authentique \u00e0 n&rsquo;importe quel foyer. Les d\u00e9tails artistiques, tels que les fleurs vibrantes et l&rsquo;architecture charmante du fond, soulignent la riche tradition du flamenco et son lien avec les traditions culturelles andalouses. Ce cendrier est un souvenir id\u00e9al pour ceux qui recherchent un souvenir repr\u00e9sentatif de leur visite en Espagne, symbolisant la joie et l&rsquo;\u00e9l\u00e9gance de la danse flamenco. Chez Ol\u00e9 Mosaic, nous proposons une s\u00e9lection de souvenirs de qualit\u00e9 qui se dinstinguent par leur authenticit\u00e9, faisant de ce cendrier une excellente option pour les boutiques de cadeaux touristiques et les grossistes qui appr\u00e9cient l&rsquo;artisanat et le patrimoine culturel espagnol.<\/p>\n","protected":false},"excerpt":{"rendered":"<p>Cendrier en c\u00e9ramique de 10 cm, d\u00e9cor\u00e9 d&rsquo;une sc\u00e8ne vibrante de danse flamenco situ\u00e9e dans un charmant patio espagnol. Ce design attrayant pr\u00e9sente une danseuse avec une robe \u00e0 pois rouges, accompagn\u00e9e d&rsquo;un danseur, entour\u00e9s de fleurs color\u00e9es et d&rsquo;un treillage qui \u00e9voque le caract\u00e8re andalou. Le fond, avec un motif de pierres et des \u00e9l\u00e9ments floraux, souligne la culture festive de l&rsquo;Espagne. Id\u00e9al pour ajouter une touche authentique \u00e0 votre foyer.<\/p>\n","protected":false},"featured_media":8490,"template":"","meta":{"_acf_changed":false},"product_brand":[],"product_cat":[584],"product_tag":[585],"class_list":{"0":"post-26013","1":"product","2":"type-product","3":"status-publish","4":"has-post-thumbnail","6":"product_cat-cendriers","7":"product_tag-ceramique","8":"pa_motivo-cours-interieures","10":"first","11":"instock","12":"shipping-taxable","13":"product-type-simple"},"acf":[],"_links":{"self":[{"href":"https:\/\/olemosaic.com\/fr\/wp-json\/wp\/v2\/product\/26013","targetHints":{"allow":["GET"]}}],"collection":[{"href":"https:\/\/olemosaic.com\/fr\/wp-json\/wp\/v2\/product"}],"about":[{"href":"https:\/\/olemosaic.com\/fr\/wp-json\/wp\/v2\/types\/product"}],"wp:featuredmedia":[{"embeddable":true,"href":"https:\/\/olemosaic.com\/fr\/wp-json\/wp\/v2\/media\/8490"}],"wp:attachment":[{"href":"https:\/\/olemosaic.com\/fr\/wp-json\/wp\/v2\/media?parent=26013"}],"wp:term":[{"taxonomy":"product_brand","embeddable":true,"href":"https:\/\/olemosaic.com\/fr\/wp-json\/wp\/v2\/product_brand?post=26013"},{"taxonomy":"product_cat","embeddable":true,"href":"https:\/\/olemosaic.com\/fr\/wp-json\/wp\/v2\/product_cat?post=26013"},{"taxonomy":"product_tag","embeddable":true,"href":"https:\/\/olemosaic.com\/fr\/wp-json\/wp\/v2\/product_tag?post=26013"}],"curies":[{"name":"wp","href":"https:\/\/api.w.org\/{rel}","templated":true}]}}