{"id":26012,"date":"2025-02-20T22:28:06","date_gmt":"2025-02-20T22:28:06","guid":{"rendered":"http:\/\/olemosaic.com\/producto\/cenicero-de-ceramica-de-10-cm-flores-barcelona-blanco\/"},"modified":"2025-07-25T19:01:14","modified_gmt":"2025-07-25T17:01:14","slug":"cendrier-en-ceramique-de-10-cm-fleurs-barcelone-blanc","status":"publish","type":"product","link":"https:\/\/olemosaic.com\/fr\/produit\/cendrier-en-ceramique-de-10-cm-fleurs-barcelone-blanc\/","title":{"rendered":"Cendrier en c\u00e9ramique de 10 cm. Fleurs. Barcelone. Blanc"},"content":{"rendered":"<p>Cendrier en c\u00e9ramique de 10 cm, d\u00e9cor\u00e9 d&rsquo;un design floral vibrant qui \u00e9voque les mosa\u00efques color\u00e9es de Barcelone. Cet \u00e9l\u00e9gant cendrier, sur fond blanc, pr\u00e9sente un motif floral complexe dans une explosion de tons rouges, jaunes, bleus et turquoises, un hommage \u00e0 la riche tradition artistique de la cit\u00e9 comtale. Chaque p\u00e9tale est d\u00e9limit\u00e9 par des contours sombres qui apportent de la profondeur et une touche de sophistication \u00e0 la pi\u00e8ce.<\/p>\n<p>Avec son design sophistiqu\u00e9, ce cendrier est non seulement fonctionnel, mais c&rsquo;est aussi un \u00e9l\u00e9ment d\u00e9coratif attrayant, id\u00e9al pour illuminer n&rsquo;importe quel espace, que ce soit \u00e0 la maison ou dans un commerce. Sa forme arrondie et ses finitions polies soulignent la qualit\u00e9 artisanale, garantissant que chaque cendrier distribu\u00e9 par Ol\u00e9 Mosaic soit une pi\u00e8ce authentique et repr\u00e9sentative de la culture barcelonaise.<\/p>\n<p>Ce cendrier est un excellent souvenir pour les touristes qui recherchent des souvenirs de Barcelone capturant l&rsquo;essence de leur visite. Avec sa palette de couleurs vibrantes et son style distinctif, c&rsquo;est un produit qui refl\u00e8te l&rsquo;art moderniste de la ville, devenant une pi\u00e8ce iconique qui \u00e9voquera des souvenirs inoubliables. Chez Ol\u00e9 Mosaic, nous sommes distributeurs d&rsquo;articles en c\u00e9ramique authentiques qui refl\u00e8tent le riche h\u00e9ritage culturel de l&rsquo;Espagne, id\u00e9al pour les boutiques de cadeaux touristiques qui appr\u00e9cient la qualit\u00e9 et la valeur culturelle de leurs produits.<\/p>\n","protected":false},"excerpt":{"rendered":"<p>Cendrier en c\u00e9ramique de 10 cm, d\u00e9cor\u00e9 d&rsquo;un design floral vibrant qui \u00e9voque les mosa\u00efques color\u00e9es de Barcelone. Cet \u00e9l\u00e9gant cendrier pr\u00e9sente un fond blanc avec un motif complexe de fleurs dans les tons rouges, jaunes, bleus et turquoises, rehauss\u00e9 par des contours sombres qui lui donnent de la profondeur. Id\u00e9al pour ajouter une touche artistique \u00e0 n&rsquo;importe quel espace, ce produit est un souvenir de la riche culture et du charme de la cit\u00e9 comtale.<\/p>\n","protected":false},"featured_media":9068,"template":"","meta":{"_acf_changed":false},"product_brand":[],"product_cat":[584],"product_tag":[585],"class_list":{"0":"post-26012","1":"product","2":"type-product","3":"status-publish","4":"has-post-thumbnail","6":"product_cat-cendriers","7":"product_tag-ceramique","8":"pa_ciudad-barcelona","9":"pa_motivo-fleurs","10":"pa_pais-espana","12":"first","13":"instock","14":"shipping-taxable","15":"product-type-simple"},"acf":[],"_links":{"self":[{"href":"https:\/\/olemosaic.com\/fr\/wp-json\/wp\/v2\/product\/26012","targetHints":{"allow":["GET"]}}],"collection":[{"href":"https:\/\/olemosaic.com\/fr\/wp-json\/wp\/v2\/product"}],"about":[{"href":"https:\/\/olemosaic.com\/fr\/wp-json\/wp\/v2\/types\/product"}],"wp:featuredmedia":[{"embeddable":true,"href":"https:\/\/olemosaic.com\/fr\/wp-json\/wp\/v2\/media\/9068"}],"wp:attachment":[{"href":"https:\/\/olemosaic.com\/fr\/wp-json\/wp\/v2\/media?parent=26012"}],"wp:term":[{"taxonomy":"product_brand","embeddable":true,"href":"https:\/\/olemosaic.com\/fr\/wp-json\/wp\/v2\/product_brand?post=26012"},{"taxonomy":"product_cat","embeddable":true,"href":"https:\/\/olemosaic.com\/fr\/wp-json\/wp\/v2\/product_cat?post=26012"},{"taxonomy":"product_tag","embeddable":true,"href":"https:\/\/olemosaic.com\/fr\/wp-json\/wp\/v2\/product_tag?post=26012"}],"curies":[{"name":"wp","href":"https:\/\/api.w.org\/{rel}","templated":true}]}}