{"id":26010,"date":"2025-02-20T23:28:06","date_gmt":"2025-02-20T22:28:06","guid":{"rendered":"http:\/\/olemosaic.com\/producto\/bol-de-coco-con-flores-salamandra-mallorca\/"},"modified":"2025-07-25T20:44:33","modified_gmt":"2025-07-25T18:44:33","slug":"bol-en-coco-avec-fleurs-salamandre-majorque","status":"publish","type":"product","link":"https:\/\/olemosaic.com\/fr\/produit\/bol-en-coco-avec-fleurs-salamandre-majorque\/","title":{"rendered":"Bol en coco avec fleurs. Salamandre. Majorque."},"content":{"rendered":"<p>Bol en coco d\u00e9cor\u00e9 de fleurs et d&rsquo;une salamandre, repr\u00e9sentatif de Majorque. Ce charmant bol, fabriqu\u00e9 de mani\u00e8re artisanale par des artisans locaux, est un exemple parfait du folklore m\u00e9diterran\u00e9en qui caract\u00e9rise l&rsquo;\u00eele. Son design artisanal pr\u00e9sente une palette de couleurs vibrantes comprenant des nuances de jaune, de rose et de bleu, cr\u00e9ant un contraste plein de vie qui refl\u00e8te la beaut\u00e9 naturelle de Majorque. Au centre du bol, une salamandre d\u00e9taill\u00e9e se distingue, symbole de la faune locale, ajoutant une touche authentique et repr\u00e9sentative de la r\u00e9gion.<\/p>\n<p>Les motifs floraux, soigneusement peints avec des techniques traditionnelles, entourent le l\u00e9zard, \u00e9voquant les paysages ensoleill\u00e9s et color\u00e9s qui ornent cette belle \u00eele. Ce bol est non seulement id\u00e9al pour un usage d\u00e9coratif, mais il peut \u00e9galement servir d&rsquo;objet fonctionnel, parfait pour servir des ap\u00e9ritifs ou comme centre de table attrayant.<\/p>\n<p>En tant que souvenir de Majorque, ce bol en coco capture l&rsquo;essence culturelle et artistique de l&rsquo;\u00eele, devenant un cadeau parfait pour ceux qui souhaitent emporter un petit morceau de son esprit. Chez Ol\u00e9 Mosaic, nous sommes distributeurs de souvenirs authentiques, et ce bol embl\u00e9matique repr\u00e9sente la qualit\u00e9 et le soin artisanal que nous cherchons \u00e0 offrir \u00e0 nos boutiques de cadeaux touristiques. Une excellente option pour ceux qui recherchent des souvenirs de Majorque uniques et d&rsquo;une grande pertinence culturelle.<\/p>\n","protected":false},"excerpt":{"rendered":"<p>Bol en coco d\u00e9cor\u00e9 de motifs floraux color\u00e9s et d&rsquo;une salamandre, repr\u00e9sentatif de Majorque. Ce bol attrayant, fait \u00e0 la main, pr\u00e9sente un design artisanal avec une palette de couleurs vibrantes comprenant des jaunes, des roses et des bleus, avec un charmant l\u00e9zard au centre. Id\u00e9al pour un usage d\u00e9coratif ou fonctionnel, ce bol capture l&rsquo;essence du folklore majorquin, devenant un cadeau parfait pour les amateurs de culture m\u00e9diterran\u00e9enne.<\/p>\n","protected":false},"featured_media":10328,"template":"","meta":{"_acf_changed":false},"product_brand":[],"product_cat":[521],"product_tag":[530],"class_list":{"0":"post-26010","1":"product","2":"type-product","3":"status-publish","4":"has-post-thumbnail","6":"product_cat-bols","7":"product_tag-animaux","8":"pa_ciudad-mallorca","9":"pa_motivo-salamandres","10":"pa_pais-espana","12":"first","13":"instock","14":"shipping-taxable","15":"product-type-simple"},"acf":[],"_links":{"self":[{"href":"https:\/\/olemosaic.com\/fr\/wp-json\/wp\/v2\/product\/26010","targetHints":{"allow":["GET"]}}],"collection":[{"href":"https:\/\/olemosaic.com\/fr\/wp-json\/wp\/v2\/product"}],"about":[{"href":"https:\/\/olemosaic.com\/fr\/wp-json\/wp\/v2\/types\/product"}],"wp:featuredmedia":[{"embeddable":true,"href":"https:\/\/olemosaic.com\/fr\/wp-json\/wp\/v2\/media\/10328"}],"wp:attachment":[{"href":"https:\/\/olemosaic.com\/fr\/wp-json\/wp\/v2\/media?parent=26010"}],"wp:term":[{"taxonomy":"product_brand","embeddable":true,"href":"https:\/\/olemosaic.com\/fr\/wp-json\/wp\/v2\/product_brand?post=26010"},{"taxonomy":"product_cat","embeddable":true,"href":"https:\/\/olemosaic.com\/fr\/wp-json\/wp\/v2\/product_cat?post=26010"},{"taxonomy":"product_tag","embeddable":true,"href":"https:\/\/olemosaic.com\/fr\/wp-json\/wp\/v2\/product_tag?post=26010"}],"curies":[{"name":"wp","href":"https:\/\/api.w.org\/{rel}","templated":true}]}}