{"id":26009,"date":"2025-02-20T23:28:05","date_gmt":"2025-02-20T22:28:05","guid":{"rendered":"http:\/\/olemosaic.com\/producto\/botella-inox-500-ml-panoramica-bilbao\/"},"modified":"2025-07-25T19:15:26","modified_gmt":"2025-07-25T17:15:26","slug":"bouteille-inox-500-ml-panoramique-bilbao","status":"publish","type":"product","link":"https:\/\/olemosaic.com\/fr\/produit\/bouteille-inox-500-ml-panoramique-bilbao\/","title":{"rendered":"Bouteille inox. 500 ml. Panoramique. Bilbao."},"content":{"rendered":"<p>Bouteille en acier inoxydable de 500 ml d\u00e9cor\u00e9e d&rsquo;une vue panoramique vibrante de Bilbao. Ce souvenir \u00e9l\u00e9gant et fonctionnel souligne l&rsquo;essence culturelle de la ville, affichant dans son design la c\u00e9l\u00e8bre structure du Pont Suspendu, accompagn\u00e9e de l&rsquo;architecture embl\u00e9matique de Bilbao. Les d\u00e9tails artistiques ont \u00e9t\u00e9 \u00e9labor\u00e9s avec une palette de couleurs vives comprenant des bleus, des jaunes et des rouges frappants, cr\u00e9ant un effet visuel qui attire l&rsquo;attention et \u00e9voque la modernit\u00e9 de cette m\u00e9tropole basque.<\/p>\n<p>La bouteille est non seulement parfaite pour garder vos boissons froides, mais elle est \u00e9galement pr\u00e9sent\u00e9e dans une bo\u00eete attrayante, ce qui en fait un cadeau id\u00e9al pour les amateurs de culture et de design. Sa surface en acier inoxydable garantit la durabilit\u00e9 et une utilisation prolong\u00e9e, tandis que le design pratique avec fermeture s\u00e9curis\u00e9e permet de la transporter facilement, faisant de cette bouteille une option parfaite pour ceux qui recherchent des souvenirs authentiques de Bilbao.<\/p>\n<p>Chez Ol\u00e9 Mosaic, nous nous consacrons \u00e0 la distribution de souvenirs en gros, et cette bouteille est un exemple exceptionnel de la mani\u00e8re dont la fonctionnalit\u00e9 peut s&rsquo;int\u00e9grer \u00e0 la repr\u00e9sentation artistique d&rsquo;une ville. Id\u00e9ale pour les boutiques de cadeaux touristiques cherchant \u00e0 offrir des produits qui captivent les visiteurs, cette bouteille de Bilbao est un souvenir incontournable pour ceux qui souhaitent emporter une partie de cette ville vibrante.<\/p>\n","protected":false},"excerpt":{"rendered":"<p>Bouteille en acier inoxydable de 500 ml, d\u00e9cor\u00e9e d&rsquo;une vue panoramique vibrante de Bilbao. Son design color\u00e9 pr\u00e9sente l&rsquo;iconique Pont Suspendu et l&rsquo;architecture embl\u00e9matique de la ville, mettant en valeur des d\u00e9tails artistiques en bleu, jaune et rouge. \u00c9l\u00e9gante et fonctionnelle, cette bouteille est id\u00e9ale pour garder vos boissons froides, et sa surface refl\u00e8te l&rsquo;essence moderne et culturelle de Bilbao. Elle est pr\u00e9sent\u00e9e dans une bo\u00eete \u00e9l\u00e9gante, ce qui en fait un cadeau parfait.<\/p>\n","protected":false},"featured_media":9682,"template":"","meta":{"_acf_changed":false},"product_brand":[],"product_cat":[784],"product_tag":[],"class_list":{"0":"post-26009","1":"product","2":"type-product","3":"status-publish","4":"has-post-thumbnail","6":"product_cat-bouteilles-inox","7":"pa_ciudad-bilbao","8":"pa_motivo-panoramas","9":"pa_pais-espana","11":"first","12":"instock","13":"shipping-taxable","14":"product-type-simple"},"acf":[],"_links":{"self":[{"href":"https:\/\/olemosaic.com\/fr\/wp-json\/wp\/v2\/product\/26009","targetHints":{"allow":["GET"]}}],"collection":[{"href":"https:\/\/olemosaic.com\/fr\/wp-json\/wp\/v2\/product"}],"about":[{"href":"https:\/\/olemosaic.com\/fr\/wp-json\/wp\/v2\/types\/product"}],"wp:featuredmedia":[{"embeddable":true,"href":"https:\/\/olemosaic.com\/fr\/wp-json\/wp\/v2\/media\/9682"}],"wp:attachment":[{"href":"https:\/\/olemosaic.com\/fr\/wp-json\/wp\/v2\/media?parent=26009"}],"wp:term":[{"taxonomy":"product_brand","embeddable":true,"href":"https:\/\/olemosaic.com\/fr\/wp-json\/wp\/v2\/product_brand?post=26009"},{"taxonomy":"product_cat","embeddable":true,"href":"https:\/\/olemosaic.com\/fr\/wp-json\/wp\/v2\/product_cat?post=26009"},{"taxonomy":"product_tag","embeddable":true,"href":"https:\/\/olemosaic.com\/fr\/wp-json\/wp\/v2\/product_tag?post=26009"}],"curies":[{"name":"wp","href":"https:\/\/api.w.org\/{rel}","templated":true}]}}