{"id":26008,"date":"2025-02-20T23:28:05","date_gmt":"2025-02-20T22:28:05","guid":{"rendered":"http:\/\/olemosaic.com\/producto\/botella-inox-500-ml-gato\/"},"modified":"2025-07-25T19:46:41","modified_gmt":"2025-07-25T17:46:41","slug":"bouteille-inox-500-ml-chat","status":"publish","type":"product","link":"https:\/\/olemosaic.com\/fr\/produit\/bouteille-inox-500-ml-chat\/","title":{"rendered":"Bouteille inox. 500 ml. Chat. Style mosa\u00efque."},"content":{"rendered":"<p>Bouteille en acier inoxydable de 500 ml d\u00e9cor\u00e9e d&rsquo;un design vibrant d&rsquo;un chat en style mosa\u00efque, inspir\u00e9e de l&rsquo;art color\u00e9 espagnol. Elle est parfaite pour ceux qui recherchent un souvenir unique et fonctionnel. D&rsquo;une capacit\u00e9 de 500 ml, cette bouteille pr\u00e9sente un magnifique chat dans des tons brillants tels que le vert, le bleu et le rouge, qui se d\u00e9tache sur un fond blanc. Entour\u00e9 de joyeux papillons, le design en mosa\u00efque capture l&rsquo;essence de l&rsquo;art espagnol, \u00e9voquant la cr\u00e9ativit\u00e9 et la joie de ses traditions. Sa finition r\u00e9sistante garantit non seulement la durabilit\u00e9, mais maintient \u00e9galement les boissons froides ou chaudes pendant des heures, ce qui en fait le compagnon id\u00e9al pour toute aventure. Le syst\u00e8me de fermeture s\u00e9curis\u00e9 \u00e9vite les fuites, facilitant son utilisation quotidienne, que ce soit au travail ou lors de promenades. Pr\u00e9sent\u00e9e dans une bo\u00eete \u00e9l\u00e9gante, cette bouteille est un excellent cadeau ou souvenir qui refl\u00e8te l&rsquo;authenticit\u00e9 de l&rsquo;art espagnol et sa riche culture. Chez Ol\u00e9 Mosaic, nous sommes des distributeurs de souvenirs authentiques, et cette bouteille en acier inoxydable est une merveilleuse option pour les boutiques de cadeaux touristiques \u00e0 la recherche de produits mettant en valeur la tradition et la cr\u00e9ativit\u00e9. Un souvenir id\u00e9al pour emporter un morceau d&rsquo;Espagne chez soi !<\/p>\n","protected":false},"excerpt":{"rendered":"<p>Bouteille en acier inoxydable de 500 ml d\u00e9cor\u00e9e d&rsquo;un design vibrant d&rsquo;un chat en style mosa\u00efque, inspir\u00e9 de l&rsquo;art color\u00e9 d&rsquo;Espagne. Ce produit dispose d&rsquo;une finition r\u00e9sistante et d&rsquo;une fermeture s\u00e9curis\u00e9e, id\u00e9ale pour maintenir vos boissons froides ou chaudes. Le chat, repr\u00e9sent\u00e9 dans des tons brillants comme le vert, le bleu et le rouge, est compl\u00e9t\u00e9 par des papillons et un fond blanc avec des motifs de mosa\u00efque, cr\u00e9ant un accessoire attrayant et fonctionnel. Pr\u00e9sent\u00e9e dans une bo\u00eete \u00e9l\u00e9gante, elle est parfaite comme souvenir ou cadeau.<\/p>\n","protected":false},"featured_media":9793,"template":"","meta":{"_acf_changed":false},"product_brand":[],"product_cat":[784],"product_tag":[530],"class_list":{"0":"post-26008","1":"product","2":"type-product","3":"status-publish","4":"has-post-thumbnail","6":"product_cat-bouteilles-inox","7":"product_tag-animaux","8":"pa_motivo-chats","10":"first","11":"instock","12":"shipping-taxable","13":"product-type-simple"},"acf":[],"_links":{"self":[{"href":"https:\/\/olemosaic.com\/fr\/wp-json\/wp\/v2\/product\/26008","targetHints":{"allow":["GET"]}}],"collection":[{"href":"https:\/\/olemosaic.com\/fr\/wp-json\/wp\/v2\/product"}],"about":[{"href":"https:\/\/olemosaic.com\/fr\/wp-json\/wp\/v2\/types\/product"}],"wp:featuredmedia":[{"embeddable":true,"href":"https:\/\/olemosaic.com\/fr\/wp-json\/wp\/v2\/media\/9793"}],"wp:attachment":[{"href":"https:\/\/olemosaic.com\/fr\/wp-json\/wp\/v2\/media?parent=26008"}],"wp:term":[{"taxonomy":"product_brand","embeddable":true,"href":"https:\/\/olemosaic.com\/fr\/wp-json\/wp\/v2\/product_brand?post=26008"},{"taxonomy":"product_cat","embeddable":true,"href":"https:\/\/olemosaic.com\/fr\/wp-json\/wp\/v2\/product_cat?post=26008"},{"taxonomy":"product_tag","embeddable":true,"href":"https:\/\/olemosaic.com\/fr\/wp-json\/wp\/v2\/product_tag?post=26008"}],"curies":[{"name":"wp","href":"https:\/\/api.w.org\/{rel}","templated":true}]}}