{"id":26006,"date":"2025-02-20T23:28:05","date_gmt":"2025-02-20T22:28:05","guid":{"rendered":"http:\/\/olemosaic.com\/producto\/bola-de-navidad-con-caja-panoramica-bilbao-2\/"},"modified":"2025-07-25T18:44:22","modified_gmt":"2025-07-25T16:44:22","slug":"boule-de-noel-avec-boite-panoramique-bilbao-fr","status":"publish","type":"product","link":"https:\/\/olemosaic.com\/fr\/produit\/boule-de-noel-avec-boite-panoramique-bilbao-fr\/","title":{"rendered":"Boule de No\u00ebl avec bo\u00eete. Panoramique. Bilbao. N\u0153ud rose."},"content":{"rendered":"<p>Boule de No\u00ebl d\u00e9corative panoramique de Bilbao, pr\u00e9sent\u00e9e dans une bo\u00eete \u00e9l\u00e9gante, c&rsquo;est le souvenir parfait pour ceux qui souhaitent emporter l&rsquo;essence de cette ville vibrante du nord de l&rsquo;Espagne. Fabriqu\u00e9e dans un mat\u00e9riau r\u00e9sistant, cette boule exquise capture la magie de la saison avec une illustration color\u00e9e repr\u00e9sentant l&rsquo;iconique Palais de Justice et le c\u00e9l\u00e8bre Mus\u00e9e Guggenheim, tous deux symboles architecturaux de Bilbao. Le design, avec sa mosa\u00efque vari\u00e9e de couleurs \u00e9clatantes, fait de cette pi\u00e8ce une v\u00e9ritable \u0153uvre d&rsquo;art qui brillera sur n&rsquo;importe quel sapin de No\u00ebl.<\/p>\n<p>La boule dispose d&rsquo;un d\u00e9licat n\u0153ud rose sur la partie sup\u00e9rieure, facilitant sa suspension et ajoutant une touche festive \u00e0 la d\u00e9coration de No\u00ebl. Parfaite pour ceux qui recherchent des souvenirs de Bilbao, cette boule de No\u00ebl ne se contentera pas d&#8217;embellir votre int\u00e9rieur, elle \u00e9voquera \u00e9galement des souvenirs de votre visite dans cette ville merveilleuse. De plus, le lien culturel qu&rsquo;elle \u00e9tablit avec Bilbao est ind\u00e9niable, car elle repr\u00e9sente la fusion de la tradition et de la modernit\u00e9 qui caract\u00e9rise son offre touristique.<\/p>\n<p>Chez Ol\u00e9 Mosaic, en tant que distributeurs de souvenirs en gros, nous proposons des produits qui se distinguent par leur qualit\u00e9 et leur authenticit\u00e9, id\u00e9aux pour les boutiques de cadeaux touristiques souhaitant pr\u00e9senter \u00e0 leurs clients des souvenirs uniques de leur passage en Espagne. Cette boule de No\u00ebl sera un excellent choix pour ceux qui recherchent un souvenir repr\u00e9sentatif de Bilbao, apportant joie et culture \u00e0 la c\u00e9l\u00e9bration de No\u00ebl.<\/p>\n","protected":false},"excerpt":{"rendered":"<p>Boule de No\u00ebl d\u00e9corative au design panoramique de Bilbao, pr\u00e9sent\u00e9e dans une bo\u00eete \u00e9l\u00e9gante. Fabriqu\u00e9e en mat\u00e9riau r\u00e9sistant, cette boule capture l&rsquo;essence de la ville avec des illustrations de son iconique Palais de Justice et du color\u00e9 Mus\u00e9e Guggenheim. Avec des d\u00e9tails en mosa\u00efque de couleurs vari\u00e9es, elle comprend un n\u0153ud rose pour la suspendre. Id\u00e9ale pour ajouter une touche festive et culturelle \u00e0 votre sapin de No\u00ebl, en c\u00e9l\u00e9brant la tradition de Bilbao.<\/p>\n","protected":false},"featured_media":9856,"template":"","meta":{"_acf_changed":false},"product_brand":[],"product_cat":[659],"product_tag":[646],"class_list":{"0":"post-26006","1":"product","2":"type-product","3":"status-publish","4":"has-post-thumbnail","6":"product_cat-boules-de-noel","7":"product_tag-noel","8":"pa_ciudad-bilbao","9":"pa_motivo-panoramas","10":"pa_pais-espana","12":"first","13":"instock","14":"shipping-taxable","15":"product-type-simple"},"acf":[],"_links":{"self":[{"href":"https:\/\/olemosaic.com\/fr\/wp-json\/wp\/v2\/product\/26006","targetHints":{"allow":["GET"]}}],"collection":[{"href":"https:\/\/olemosaic.com\/fr\/wp-json\/wp\/v2\/product"}],"about":[{"href":"https:\/\/olemosaic.com\/fr\/wp-json\/wp\/v2\/types\/product"}],"wp:featuredmedia":[{"embeddable":true,"href":"https:\/\/olemosaic.com\/fr\/wp-json\/wp\/v2\/media\/9856"}],"wp:attachment":[{"href":"https:\/\/olemosaic.com\/fr\/wp-json\/wp\/v2\/media?parent=26006"}],"wp:term":[{"taxonomy":"product_brand","embeddable":true,"href":"https:\/\/olemosaic.com\/fr\/wp-json\/wp\/v2\/product_brand?post=26006"},{"taxonomy":"product_cat","embeddable":true,"href":"https:\/\/olemosaic.com\/fr\/wp-json\/wp\/v2\/product_cat?post=26006"},{"taxonomy":"product_tag","embeddable":true,"href":"https:\/\/olemosaic.com\/fr\/wp-json\/wp\/v2\/product_tag?post=26006"}],"curies":[{"name":"wp","href":"https:\/\/api.w.org\/{rel}","templated":true}]}}