{"id":26005,"date":"2025-02-20T23:28:05","date_gmt":"2025-02-20T22:28:05","guid":{"rendered":"http:\/\/olemosaic.com\/producto\/bola-de-navidad-con-caja-panoramica-barcelona-multicolor-2\/"},"modified":"2025-07-25T18:39:10","modified_gmt":"2025-07-25T16:39:10","slug":"boule-de-noel-avec-boite-panoramique-barcelone-multicolore-fr","status":"publish","type":"product","link":"https:\/\/olemosaic.com\/fr\/produit\/boule-de-noel-avec-boite-panoramique-barcelone-multicolore-fr\/","title":{"rendered":"Boule de No\u00ebl avec bo\u00eete. Panoramique. Barcelone. Salamandre. Multicolore."},"content":{"rendered":"<p>Boule de No\u00ebl d\u00e9corative inspir\u00e9e de la vue panoramique de Barcelone, pr\u00e9sent\u00e9e dans une bo\u00eete \u00e9l\u00e9gante qui en fait un cadeau parfait. Cet ornement multicolore se distingue par son design vibrant, qui capture l&rsquo;essence du c\u00e9l\u00e8bre Park G\u00fcell, o\u00f9 l&rsquo;iconique salamandre en mosa\u00efque s&rsquo;affiche dans toute sa splendeur. La combinaison de couleurs intenses, comme le bleu et le vert, cr\u00e9e un impact visuel captivant, tandis que les joyeux d\u00e9tails artistiques \u00e9voquent le style moderniste caract\u00e9ristique de la ville.<\/p>\n<p>Avec un n\u0153ud rose qui ajoute une touche festive, cette boule est id\u00e9ale pour embellir votre sapin de No\u00ebl, apportant un air culturel et authentique \u00e0 vos d\u00e9corations. Ce souvenir de Barcelone n&rsquo;est pas seulement un ornement, mais aussi un rappel de la riche architecture et de l&rsquo;esprit cr\u00e9atif qui caract\u00e9risent la cit\u00e9 comtale.<\/p>\n<p>Parfaite pour les touristes \u00e0 la recherche d&rsquo;un souvenir repr\u00e9sentatif, cette boule de No\u00ebl est une excellente option pour les boutiques de cadeaux touristiques souhaitant proposer des pi\u00e8ces uniques et de qualit\u00e9. Chez Ol\u00e9 Mosaic, en tant que grossiste de souvenirs, nous garantissons l&rsquo;authenticit\u00e9 et le design exceptionnel de chaque produit, faisant de cet ornement un cadeau inoubliable pour tout amoureux de Barcelone.<\/p>\n","protected":false},"excerpt":{"rendered":"<p>Boule de No\u00ebl d\u00e9corative pr\u00e9sent\u00e9e dans une bo\u00eete \u00e9l\u00e9gante, inspir\u00e9e de la vue panoramique de Barcelone. Cet ornement color\u00e9 affiche un design vibrant incluant l&rsquo;iconique salamandre en mosa\u00efque du Park G\u00fcell, encadr\u00e9e par des couleurs intenses comme le bleu et le vert. La boule int\u00e8gre des d\u00e9tails artistiques \u00e9voquant le style moderniste de la ville, ainsi qu&rsquo;un n\u0153ud rose qui ajoute une touche festive. Parfaite pour d\u00e9corer votre sapin de No\u00ebl avec une touche culturelle.<\/p>\n","protected":false},"featured_media":9755,"template":"","meta":{"_acf_changed":false},"product_brand":[],"product_cat":[659],"product_tag":[646],"class_list":{"0":"post-26005","1":"product","2":"type-product","3":"status-publish","4":"has-post-thumbnail","6":"product_cat-boules-de-noel","7":"product_tag-noel","8":"pa_ciudad-barcelona","9":"pa_motivo-panoramas","10":"pa_pais-espana","12":"first","13":"instock","14":"shipping-taxable","15":"product-type-simple"},"acf":[],"_links":{"self":[{"href":"https:\/\/olemosaic.com\/fr\/wp-json\/wp\/v2\/product\/26005","targetHints":{"allow":["GET"]}}],"collection":[{"href":"https:\/\/olemosaic.com\/fr\/wp-json\/wp\/v2\/product"}],"about":[{"href":"https:\/\/olemosaic.com\/fr\/wp-json\/wp\/v2\/types\/product"}],"wp:featuredmedia":[{"embeddable":true,"href":"https:\/\/olemosaic.com\/fr\/wp-json\/wp\/v2\/media\/9755"}],"wp:attachment":[{"href":"https:\/\/olemosaic.com\/fr\/wp-json\/wp\/v2\/media?parent=26005"}],"wp:term":[{"taxonomy":"product_brand","embeddable":true,"href":"https:\/\/olemosaic.com\/fr\/wp-json\/wp\/v2\/product_brand?post=26005"},{"taxonomy":"product_cat","embeddable":true,"href":"https:\/\/olemosaic.com\/fr\/wp-json\/wp\/v2\/product_cat?post=26005"},{"taxonomy":"product_tag","embeddable":true,"href":"https:\/\/olemosaic.com\/fr\/wp-json\/wp\/v2\/product_tag?post=26005"}],"curies":[{"name":"wp","href":"https:\/\/api.w.org\/{rel}","templated":true}]}}