{"id":26003,"date":"2025-02-20T23:28:04","date_gmt":"2025-02-20T22:28:04","guid":{"rendered":"http:\/\/olemosaic.com\/producto\/bola-de-navidad-con-caja-mosaico-2\/"},"modified":"2025-07-25T18:49:09","modified_gmt":"2025-07-25T16:49:09","slug":"boule-de-noel-avec-boite-mosaique-2","status":"publish","type":"product","link":"https:\/\/olemosaic.com\/fr\/produit\/boule-de-noel-avec-boite-mosaique-2\/","title":{"rendered":"Boule de No\u00ebl avec bo\u00eete. Mosa\u00efque. N\u0153ud rose."},"content":{"rendered":"<p>Boule de No\u00ebl d\u00e9corative inspir\u00e9e par le bel art de la mosa\u00efque espagnole, parfaite pour ajouter une touche culturelle et festive \u00e0 votre d\u00e9coration de No\u00ebl. Cette boule se distingue par son design vibrant dans les tons bleus et verts, \u00e9voquant les motifs complexes de la c\u00e9ramique andalouse, une expression artistique traditionnelle du sud de l&rsquo;Espagne depuis des si\u00e8cles. \u00c9labor\u00e9e avec soin, chaque mosa\u00efque pr\u00e9sente des formes g\u00e9om\u00e9triques \u00e9l\u00e9gantes et des motifs floraux qui rendent hommage au riche h\u00e9ritage culturel du pays. La boule est pr\u00e9sent\u00e9e dans une bo\u00eete d\u00e9corative, ce qui en fait un cadeau id\u00e9al c\u00e9l\u00e9brant le charme du patrimoine espagnol.<\/p>\n<p>Cette pi\u00e8ce n&rsquo;est pas seulement un \u00e9l\u00e9ment d\u00e9coratif attrayant pour le sapin de No\u00ebl, mais aussi un symbole significatif de la connexion avec les traditions espagnoles. Le d\u00e9licat n\u0153ud rose compl\u00e8te sa splendeur, ajoutant une touche d&rsquo;\u00e9l\u00e9gance. En tant que souvenir de qualit\u00e9, cette boule de No\u00ebl est une excellente option pour les touristes qui souhaitent se souvenir de leur visite en Espagne \u00e0 travers un objet authentique. Chez Ol\u00e9 Mosaic, nous sommes fiers d&rsquo;\u00eatre un distributeur de souvenirs en gros, offrant des produits uniques qui repr\u00e9sentent la diversit\u00e9 culturelle et artistique de l&rsquo;Espagne. Cette boule de No\u00ebl deviendra un souvenir pr\u00e9cieux \u00e9voquant les couleurs et les motifs vibrants de la tradition espagnole.<\/p>\n","protected":false},"excerpt":{"rendered":"<p>Boule de No\u00ebl d\u00e9corative pr\u00e9sent\u00e9e dans une magnifique bo\u00eete, inspir\u00e9e par l&rsquo;art de la mosa\u00efque espagnole traditionnelle. Cette boule se distingue par son design vibrant dans les tons bleus et verts, \u00e9voquant les motifs complexes typiques de la c\u00e9ramique andalouse. Avec un d\u00e9licat n\u0153ud rose, elle est id\u00e9ale pour orner votre sapin et apporter une touche festive et culturelle \u00e0 la d\u00e9coration de No\u00ebl. Parfaite comme cadeau refl\u00e9tant le charme du patrimoine espagnol.<\/p>\n","protected":false},"featured_media":9831,"template":"","meta":{"_acf_changed":false},"product_brand":[],"product_cat":[659],"product_tag":[646],"class_list":{"0":"post-26003","1":"product","2":"type-product","3":"status-publish","4":"has-post-thumbnail","6":"product_cat-boules-de-noel","7":"product_tag-noel","8":"pa_motivo-mosaique","10":"first","11":"instock","12":"shipping-taxable","13":"product-type-simple"},"acf":[],"_links":{"self":[{"href":"https:\/\/olemosaic.com\/fr\/wp-json\/wp\/v2\/product\/26003","targetHints":{"allow":["GET"]}}],"collection":[{"href":"https:\/\/olemosaic.com\/fr\/wp-json\/wp\/v2\/product"}],"about":[{"href":"https:\/\/olemosaic.com\/fr\/wp-json\/wp\/v2\/types\/product"}],"wp:featuredmedia":[{"embeddable":true,"href":"https:\/\/olemosaic.com\/fr\/wp-json\/wp\/v2\/media\/9831"}],"wp:attachment":[{"href":"https:\/\/olemosaic.com\/fr\/wp-json\/wp\/v2\/media?parent=26003"}],"wp:term":[{"taxonomy":"product_brand","embeddable":true,"href":"https:\/\/olemosaic.com\/fr\/wp-json\/wp\/v2\/product_brand?post=26003"},{"taxonomy":"product_cat","embeddable":true,"href":"https:\/\/olemosaic.com\/fr\/wp-json\/wp\/v2\/product_cat?post=26003"},{"taxonomy":"product_tag","embeddable":true,"href":"https:\/\/olemosaic.com\/fr\/wp-json\/wp\/v2\/product_tag?post=26003"}],"curies":[{"name":"wp","href":"https:\/\/api.w.org\/{rel}","templated":true}]}}