{"id":26002,"date":"2025-02-20T22:28:04","date_gmt":"2025-02-20T22:28:04","guid":{"rendered":"http:\/\/olemosaic.com\/producto\/bola-de-navidad-con-caja-gato-barcelona\/"},"modified":"2025-07-25T18:34:46","modified_gmt":"2025-07-25T16:34:46","slug":"boule-de-noel-avec-boite-chat-barcelone","status":"publish","type":"product","link":"https:\/\/olemosaic.com\/fr\/produit\/boule-de-noel-avec-boite-chat-barcelone\/","title":{"rendered":"Boule de No\u00ebl avec bo\u00eete. Chat. Barcelone."},"content":{"rendered":"<p>Boule de No\u00ebl d\u00e9corative de chats inspir\u00e9e par la culture vibrante de Barcelone. Cette pi\u00e8ce charmante se distingue par son design, soigneusement \u00e9labor\u00e9 pour \u00e9voquer l&rsquo;\u0153uvre c\u00e9l\u00e8bre de l&rsquo;architecte Antoni Gaud\u00ed. Avec une mosa\u00efque color\u00e9e qui capture l&rsquo;essence du modernisme catalan, la boule pr\u00e9sente deux chats joueurs dans des tons brillants, sur un fond de trencad\u00eds qui souligne l&rsquo;esth\u00e9tique unique de la ville. L&rsquo;utilisation de couleurs vives et intenses apporte non seulement une touche festive, mais c\u00e9l\u00e8bre \u00e9galement la cr\u00e9ativit\u00e9 et l&rsquo;innovation artistique de Barcelone.<\/p>\n<p>Chaque boule de No\u00ebl est pr\u00e9sent\u00e9e dans une \u00e9l\u00e9gante bo\u00eete avec un n\u0153ud violet, ce qui en fait un cadeau id\u00e9al, tant pour orner le sapin que pour un souvenir significatif de l&rsquo;une des destinations touristiques les plus embl\u00e9matiques d&rsquo;Espagne. Ce produit est parfait pour ceux qui souhaitent ramener chez eux un morceau de la culture barcelonaise. Chez Ol\u00e9 Mosaic, nous nous sp\u00e9cialisons dans la distribution de souvenirs authentiques, et cette boule de No\u00ebl de chats est une option exceptionnelle pour les boutiques de cadeaux touristiques cherchant des articles uniques avec un fort lien culturel. Assurez un stock de ce charmant souvenir de Barcelone et offrez \u00e0 vos clients une pi\u00e8ce qui encapsule l&rsquo;esprit de No\u00ebl et la magie de la ville.<\/p>\n","protected":false},"excerpt":{"rendered":"<p>Boule de No\u00ebl d\u00e9corative avec un design de chats, inspir\u00e9e par la culture vibrante de Barcelone. Cette pi\u00e8ce charmante pr\u00e9sente une mosa\u00efque color\u00e9e \u00e9voquant l&rsquo;\u0153uvre de Gaud\u00ed, avec deux chats joueurs dans des tons brillants sur un fond de trencad\u00eds. La boule inclut une bo\u00eete \u00e9l\u00e9gante et un n\u0153ud violet, parfaite pour orner le sapin de No\u00ebl ou comme cadeau sp\u00e9cial capturant l&rsquo;essence de l&rsquo;art moderniste barcelonais.<\/p>\n","protected":false},"featured_media":9767,"template":"","meta":{"_acf_changed":false},"product_brand":[],"product_cat":[659],"product_tag":[530,646],"class_list":{"0":"post-26002","1":"product","2":"type-product","3":"status-publish","4":"has-post-thumbnail","6":"product_cat-boules-de-noel","7":"product_tag-animaux","8":"product_tag-noel","9":"pa_ciudad-barcelona","10":"pa_motivo-chats","11":"pa_pais-espana","13":"first","14":"instock","15":"shipping-taxable","16":"product-type-simple"},"acf":[],"_links":{"self":[{"href":"https:\/\/olemosaic.com\/fr\/wp-json\/wp\/v2\/product\/26002","targetHints":{"allow":["GET"]}}],"collection":[{"href":"https:\/\/olemosaic.com\/fr\/wp-json\/wp\/v2\/product"}],"about":[{"href":"https:\/\/olemosaic.com\/fr\/wp-json\/wp\/v2\/types\/product"}],"wp:featuredmedia":[{"embeddable":true,"href":"https:\/\/olemosaic.com\/fr\/wp-json\/wp\/v2\/media\/9767"}],"wp:attachment":[{"href":"https:\/\/olemosaic.com\/fr\/wp-json\/wp\/v2\/media?parent=26002"}],"wp:term":[{"taxonomy":"product_brand","embeddable":true,"href":"https:\/\/olemosaic.com\/fr\/wp-json\/wp\/v2\/product_brand?post=26002"},{"taxonomy":"product_cat","embeddable":true,"href":"https:\/\/olemosaic.com\/fr\/wp-json\/wp\/v2\/product_cat?post=26002"},{"taxonomy":"product_tag","embeddable":true,"href":"https:\/\/olemosaic.com\/fr\/wp-json\/wp\/v2\/product_tag?post=26002"}],"curies":[{"name":"wp","href":"https:\/\/api.w.org\/{rel}","templated":true}]}}