{"id":26001,"date":"2025-02-20T22:28:04","date_gmt":"2025-02-20T22:28:04","guid":{"rendered":"http:\/\/olemosaic.com\/producto\/bola-de-navidad-con-caja-panoramica-bilbao\/"},"modified":"2025-07-25T19:00:44","modified_gmt":"2025-07-25T17:00:44","slug":"boule-de-noel-avec-boite-panoramique-bilbao","status":"publish","type":"product","link":"https:\/\/olemosaic.com\/fr\/produit\/boule-de-noel-avec-boite-panoramique-bilbao\/","title":{"rendered":"Boule de No\u00ebl avec bo\u00eete. Panoramique. Bilbao."},"content":{"rendered":"<p>Boule de No\u00ebl d\u00e9corative avec bo\u00eete inspir\u00e9e par la vue panoramique de Bilbao. Cet ornement de No\u00ebl exclusif capture l&rsquo;essence architecturale et culturelle de Bilbao, mettant en avant l&rsquo;\u0153uvre embl\u00e9matique du Mus\u00e9e Guggenheim, c\u00e9l\u00e8bre pour son design innovant et son impressionnante fa\u00e7ade. Fabriqu\u00e9e en c\u00e9ramique de haute qualit\u00e9, la boule pr\u00e9sente un design vibrant incluant des mosa\u00efques color\u00e9es, faisant allusion \u00e0 la richesse visuelle de la ville. Les d\u00e9tails artistiques qui ornent la surface refl\u00e8tent la modernit\u00e9 et l&rsquo;art contemporain, caract\u00e9ristiques qui d\u00e9finissent Bilbao sur la sc\u00e8ne mondiale.<\/p>\n<p>La boule est accompagn\u00e9e d&rsquo;un \u00e9l\u00e9gant ruban violet, qui apporte non seulement une touche festive, mais facilite \u00e9galement son installation sur le sapin de No\u00ebl. Ce souvenir n&#8217;embellit pas seulement votre d\u00e9coration de No\u00ebl, il agit \u00e9galement comme un rappel des merveilles architecturales de Bilbao, une ville qui allie tradition et modernit\u00e9.<\/p>\n<p>Id\u00e9ale pour ceux qui recherchent des souvenirs de qualit\u00e9 de leurs voyages, cette boule de No\u00ebl est un cadeau parfait qui symbolise l&rsquo;authenticit\u00e9 et la valeur culturelle de la r\u00e9gion. Chez Ol\u00e9 Mosaic, nous sommes fiers d&rsquo;\u00eatre grossistes d&rsquo;articles uniques, offrant des produits qui capturent l&rsquo;essence de lieux embl\u00e9matiques comme Bilbao, id\u00e9aux pour les boutiques de cadeaux touristiques.<\/p>\n","protected":false},"excerpt":{"rendered":"<p>Boule de No\u00ebl d\u00e9corative avec bo\u00eete, inspir\u00e9e par la vue panoramique de Bilbao. Cet ornement pr\u00e9sente un design vibrant qui capture l&rsquo;essence architecturale de la ville, mettant en avant l&#8217;embl\u00e9matique Guggenheim avec des mosa\u00efques color\u00e9es et des d\u00e9tails artistiques. Fabriqu\u00e9e en c\u00e9ramique, la boule est orn\u00e9e d&rsquo;un ruban violet qui ajoute une touche festive. Parfaite pour embellir votre sapin de No\u00ebl et se souvenir de la beaut\u00e9 de Bilbao pendant les f\u00eates.<\/p>\n","protected":false},"featured_media":9857,"template":"","meta":{"_acf_changed":false},"product_brand":[],"product_cat":[659],"product_tag":[646],"class_list":{"0":"post-26001","1":"product","2":"type-product","3":"status-publish","4":"has-post-thumbnail","6":"product_cat-boules-de-noel","7":"product_tag-noel","8":"pa_ciudad-bilbao","9":"pa_motivo-panoramas","10":"pa_pais-espana","12":"first","13":"instock","14":"shipping-taxable","15":"product-type-simple"},"acf":[],"_links":{"self":[{"href":"https:\/\/olemosaic.com\/fr\/wp-json\/wp\/v2\/product\/26001","targetHints":{"allow":["GET"]}}],"collection":[{"href":"https:\/\/olemosaic.com\/fr\/wp-json\/wp\/v2\/product"}],"about":[{"href":"https:\/\/olemosaic.com\/fr\/wp-json\/wp\/v2\/types\/product"}],"wp:featuredmedia":[{"embeddable":true,"href":"https:\/\/olemosaic.com\/fr\/wp-json\/wp\/v2\/media\/9857"}],"wp:attachment":[{"href":"https:\/\/olemosaic.com\/fr\/wp-json\/wp\/v2\/media?parent=26001"}],"wp:term":[{"taxonomy":"product_brand","embeddable":true,"href":"https:\/\/olemosaic.com\/fr\/wp-json\/wp\/v2\/product_brand?post=26001"},{"taxonomy":"product_cat","embeddable":true,"href":"https:\/\/olemosaic.com\/fr\/wp-json\/wp\/v2\/product_cat?post=26001"},{"taxonomy":"product_tag","embeddable":true,"href":"https:\/\/olemosaic.com\/fr\/wp-json\/wp\/v2\/product_tag?post=26001"}],"curies":[{"name":"wp","href":"https:\/\/api.w.org\/{rel}","templated":true}]}}