{"id":26000,"date":"2025-02-20T23:28:04","date_gmt":"2025-02-20T22:28:04","guid":{"rendered":"http:\/\/olemosaic.com\/producto\/bola-de-navidad-con-caja-panoramica-barcelona-gold\/"},"modified":"2025-07-25T19:38:40","modified_gmt":"2025-07-25T17:38:40","slug":"boule-de-noel-avec-boite-panoramique-barcelone-or","status":"publish","type":"product","link":"https:\/\/olemosaic.com\/fr\/produit\/boule-de-noel-avec-boite-panoramique-barcelone-or\/","title":{"rendered":"Boule de No\u00ebl avec bo\u00eete. Panoramique. Barcelone. Bleu et dor\u00e9"},"content":{"rendered":"<p>Boule de No\u00ebl avec bo\u00eete pr\u00e9sentant une charmante vue panoramique de Barcelone. Ce souvenir attrayant, con\u00e7u dans un mat\u00e9riau r\u00e9sistant, capture la beaut\u00e9 embl\u00e9matique de la Sagrada Familia, un chef-d&rsquo;\u0153uvre d&rsquo;Antoni Gaud\u00ed qui symbolise l&rsquo;architecture moderniste de la ville. La sph\u00e8re d\u00e9corative affiche une illustration vibrante dans les tons bleus et dor\u00e9s, \u00e9voquant la magie d&rsquo;une chute de neige sur la ville et cr\u00e9ant une atmosph\u00e8re festive qui rappelle la chaleur des c\u00e9l\u00e9brations de No\u00ebl. Le design inclut de d\u00e9licats flocons de neige flottant dans l&rsquo;air, ajoutant une touche de beaut\u00e9 hivernale sereine et de nostalgie. Pour rehausser son attrait, la boule est pr\u00e9sent\u00e9e avec un \u00e9l\u00e9gant ruban rouge qui lui donne une finition parfaite, id\u00e9ale pour orner le sapin de No\u00ebl ou comme cadeau sp\u00e9cial \u00e0 ch\u00e9rir.<\/p>\n<p>Ce souvenir de No\u00ebl n&rsquo;est pas seulement une pi\u00e8ce d\u00e9corative, mais aussi un symbole culturel qui comm\u00e9more l&rsquo;une des villes les plus embl\u00e9matiques d&rsquo;Espagne. La Sagrada Familia, patrimoine mondial de l&rsquo;UNESCO, attire des millions de touristes chaque ann\u00e9e, et cette boule de No\u00ebl est un excellent moyen de ramener un souvenir de Barcelone chez soi. Chez Ol\u00e9 Mosaic, nous nous consacrons \u00e0 la distribution de souvenirs en gros, offrant des produits authentiques qui refl\u00e8tent la richesse culturelle espagnole. Cette boule de No\u00ebl est un choix parfait pour les boutiques de cadeaux touristiques cherchant \u00e0 proposer des articles de qualit\u00e9 et d&rsquo;int\u00e9r\u00eat culturel. En tant que grossistes de souvenirs de Barcelone, nous garantissons que chaque pi\u00e8ce soit un souvenir m\u00e9morable de votre visite.<\/p>\n","protected":false},"excerpt":{"rendered":"<p>Boule de No\u00ebl avec bo\u00eete pr\u00e9sentant une charmante vue panoramique de Barcelone. Cette sph\u00e8re d\u00e9corative, fabriqu\u00e9e dans un mat\u00e9riau r\u00e9sistant, affiche une illustration vibrante de la Sagrada Familia, envelopp\u00e9e dans une neige magique. Les tons bleu et dor\u00e9 pr\u00e9dominent dans son design, cr\u00e9ant une ambiance festive et nostalgique. Elle est pr\u00e9sent\u00e9e avec un ruban rouge d\u00e9coratif qui ajoute une touche \u00e9l\u00e9gante, parfaite pour orner votre sapin de No\u00ebl ou comme cadeau sp\u00e9cial.<\/p>\n","protected":false},"featured_media":10394,"template":"","meta":{"_acf_changed":false},"product_brand":[],"product_cat":[659],"product_tag":[646],"class_list":{"0":"post-26000","1":"product","2":"type-product","3":"status-publish","4":"has-post-thumbnail","6":"product_cat-boules-de-noel","7":"product_tag-noel","8":"pa_ciudad-barcelona","9":"pa_motivo-panoramas","10":"pa_pais-espana","12":"first","13":"instock","14":"shipping-taxable","15":"product-type-simple"},"acf":[],"_links":{"self":[{"href":"https:\/\/olemosaic.com\/fr\/wp-json\/wp\/v2\/product\/26000","targetHints":{"allow":["GET"]}}],"collection":[{"href":"https:\/\/olemosaic.com\/fr\/wp-json\/wp\/v2\/product"}],"about":[{"href":"https:\/\/olemosaic.com\/fr\/wp-json\/wp\/v2\/types\/product"}],"wp:featuredmedia":[{"embeddable":true,"href":"https:\/\/olemosaic.com\/fr\/wp-json\/wp\/v2\/media\/10394"}],"wp:attachment":[{"href":"https:\/\/olemosaic.com\/fr\/wp-json\/wp\/v2\/media?parent=26000"}],"wp:term":[{"taxonomy":"product_brand","embeddable":true,"href":"https:\/\/olemosaic.com\/fr\/wp-json\/wp\/v2\/product_brand?post=26000"},{"taxonomy":"product_cat","embeddable":true,"href":"https:\/\/olemosaic.com\/fr\/wp-json\/wp\/v2\/product_cat?post=26000"},{"taxonomy":"product_tag","embeddable":true,"href":"https:\/\/olemosaic.com\/fr\/wp-json\/wp\/v2\/product_tag?post=26000"}],"curies":[{"name":"wp","href":"https:\/\/api.w.org\/{rel}","templated":true}]}}