{"id":25999,"date":"2025-02-20T23:28:04","date_gmt":"2025-02-20T22:28:04","guid":{"rendered":"http:\/\/olemosaic.com\/producto\/bol-de-coco-rojo-flamenco\/"},"modified":"2025-07-25T18:48:10","modified_gmt":"2025-07-25T16:48:10","slug":"bol-noix-de-coco-rouge-flamant-rose","status":"publish","type":"product","link":"https:\/\/olemosaic.com\/fr\/produit\/bol-noix-de-coco-rouge-flamant-rose\/","title":{"rendered":"Bol en noix de coco rouge. Flamants roses enlac\u00e9s"},"content":{"rendered":"<p>Bol en noix de coco rouge peint \u00e0 la main \u2013 Flamants roses<\/p>\n<p>Ce charmant bol en noix de coco rouge, v\u00e9ritable chef-d&rsquo;\u0153uvre artisanal, \u00e9voque la beaut\u00e9 de la faune espagnole et devient un souvenir unique et significatif pour ceux qui explorent la culture du pays. Son design vibrant aux tons rouges intenses se distingue par un bord d\u00e9licatement d\u00e9cor\u00e9 de nuances plus claires, offrant un effet visuel attrayant et contemporain. Au centre, un \u00e9l\u00e9gant motif de flamants roses entrelac\u00e9s symbolise l&rsquo;amour et la connexion avec la nature, ajoutant une touche romantique et exotique.<\/p>\n<p>La forme organique de la noix de coco souligne l&rsquo;exclusivit\u00e9 de ce bol, offrant non seulement une pi\u00e8ce d\u00e9corative, mais aussi fonctionnelle, qui peut \u00eatre utilis\u00e9e pour servir des ap\u00e9ritifs ou comme un \u00e9l\u00e9ment attrayant dans n&rsquo;importe quel foyer. Ce souvenir est id\u00e9al pour les touristes \u00e0 la recherche de quelque chose d&rsquo;authentique et de repr\u00e9sentatif de la culture espagnole, constituant un rappel parfait de leurs voyages dans des r\u00e9gions comme l&rsquo;Andalousie, o\u00f9 les flamants roses font partie du paysage naturel.<\/p>\n<p>Chez Ol\u00e9 Mosaic, nous sommes fiers d&rsquo;\u00eatre des distributeurs de souvenirs artisanaux et authentiques. Ce bol en noix de coco rouge peint \u00e0 la main est une option exceptionnelle pour les boutiques de cadeaux touristiques qui souhaitent proposer des produits de haute qualit\u00e9 et charg\u00e9s de sens culturel. Un cadeau id\u00e9al qui capture l&rsquo;essence de l&rsquo;Espagne, parfait pour ceux qui appr\u00e9cient l&rsquo;art et l&rsquo;artisanat local.<\/p>\n","protected":false},"excerpt":{"rendered":"<p>Bol en noix de coco rouge au design artisanal, peint \u00e0 la main, inspir\u00e9 de la faune espagnole. Ce charmant bol pr\u00e9sente un design rouge vibrant avec un bord d\u00e9cor\u00e9 dans des tons clairs et un motif de flamants roses enlac\u00e9s, symbolisant l&rsquo;amour et la nature. Sa forme organique, propre \u00e0 la noix de coco, lui donne une touche exotique et unique, en faisant un excellent souvenir pour ceux qui appr\u00e9cient l&rsquo;art et la culture espagnols. Id\u00e9al pour d\u00e9corer ou comme pi\u00e8ce fonctionnelle dans n&rsquo;importe quel foyer.<\/p>\n","protected":false},"featured_media":13406,"template":"","meta":{"_acf_changed":false},"product_brand":[],"product_cat":[521],"product_tag":[530],"class_list":{"0":"post-25999","1":"product","2":"type-product","3":"status-publish","4":"has-post-thumbnail","6":"product_cat-bols","7":"product_tag-animaux","8":"pa_motivo-flamants-roses","10":"first","11":"instock","12":"shipping-taxable","13":"product-type-simple"},"acf":[],"_links":{"self":[{"href":"https:\/\/olemosaic.com\/fr\/wp-json\/wp\/v2\/product\/25999","targetHints":{"allow":["GET"]}}],"collection":[{"href":"https:\/\/olemosaic.com\/fr\/wp-json\/wp\/v2\/product"}],"about":[{"href":"https:\/\/olemosaic.com\/fr\/wp-json\/wp\/v2\/types\/product"}],"wp:featuredmedia":[{"embeddable":true,"href":"https:\/\/olemosaic.com\/fr\/wp-json\/wp\/v2\/media\/13406"}],"wp:attachment":[{"href":"https:\/\/olemosaic.com\/fr\/wp-json\/wp\/v2\/media?parent=25999"}],"wp:term":[{"taxonomy":"product_brand","embeddable":true,"href":"https:\/\/olemosaic.com\/fr\/wp-json\/wp\/v2\/product_brand?post=25999"},{"taxonomy":"product_cat","embeddable":true,"href":"https:\/\/olemosaic.com\/fr\/wp-json\/wp\/v2\/product_cat?post=25999"},{"taxonomy":"product_tag","embeddable":true,"href":"https:\/\/olemosaic.com\/fr\/wp-json\/wp\/v2\/product_tag?post=25999"}],"curies":[{"name":"wp","href":"https:\/\/api.w.org\/{rel}","templated":true}]}}