{"id":25998,"date":"2025-02-20T23:28:04","date_gmt":"2025-02-20T22:28:04","guid":{"rendered":"http:\/\/olemosaic.com\/producto\/bol-de-coco-rojo-salamandra-barcelona\/"},"modified":"2025-07-25T20:29:44","modified_gmt":"2025-07-25T18:29:44","slug":"bol-noix-de-coco-rouge-salamandre-barcelone","status":"publish","type":"product","link":"https:\/\/olemosaic.com\/fr\/produit\/bol-noix-de-coco-rouge-salamandre-barcelone\/","title":{"rendered":"Bol en noix de coco rouge. Salamandre. Barcelone. Rouge et dor\u00e9"},"content":{"rendered":"<p>Bol en noix de coco rouge inspir\u00e9 par la salamandre, un symbole repr\u00e9sentatif de Barcelone. Cet attrayant bol se distingue par son design vibrant dans les tons rouges et dor\u00e9s, r\u00e9alis\u00e9 \u00e0 la main avec une technique qui accentue les textures et les d\u00e9tails du motif de la salamandre, embl\u00e8me de l&rsquo;architecture moderniste de la ville. La d\u00e9coration du bol inclut le mot \u00ab\u00a0Barcelona\u00a0\u00bb, ce qui en fait un \u00e9l\u00e9gant souvenir capturant l&rsquo;essence culturelle de la r\u00e9gion. R\u00e9alis\u00e9 en noix de coco, sa surface pr\u00e9sente une finition brillante qui refl\u00e8te la lumi\u00e8re de mani\u00e8re captivante, attirant tous les regards. Les motifs complexes en rouge et dor\u00e9 \u00e9voquent la chaleur et le caract\u00e8re innovant de la ville, faisant de ce bol non seulement un objet d\u00e9coratif, mais un morceau d&rsquo;histoire et d&rsquo;art. Ce bol en noix de coco rouge est le souvenir parfait pour ceux qui souhaitent ramener chez eux un fragment de la culture catalane, id\u00e9al pour n&rsquo;importe quel foyer. Chez Ol\u00e9 Mosaic, en tant que grossiste de souvenirs de Barcelone, nous proposons des produits authentiques et de qualit\u00e9 qui c\u00e9l\u00e8brent le riche h\u00e9ritage culturel de la r\u00e9gion, garantissant que chaque client trouve un souvenir v\u00e9ritablement repr\u00e9sentatif.<\/p>\n","protected":false},"excerpt":{"rendered":"<p>Bol en noix de coco rouge, inspir\u00e9 par la salamandre, une ic\u00f4ne barcelonaise. Cet attrayant bol se distingue par son design vibrant dans les tons rouges et dor\u00e9s, peint \u00e0 la main avec une technique qui souligne les textures et les d\u00e9tails du motif de la salamandre, symbole de l&rsquo;architecture moderniste de la ville. L&rsquo;\u00e9l\u00e9ment d\u00e9coratif inclut le mot \u00ab\u00a0Barcelona\u00a0\u00bb, ce qui en fait un \u00e9l\u00e9gant souvenir capturant l&rsquo;essence culturelle de la r\u00e9gion.<\/p>\n","protected":false},"featured_media":10128,"template":"","meta":{"_acf_changed":false},"product_brand":[],"product_cat":[521],"product_tag":[530],"class_list":{"0":"post-25998","1":"product","2":"type-product","3":"status-publish","4":"has-post-thumbnail","6":"product_cat-bols","7":"product_tag-animaux","8":"pa_ciudad-barcelona","9":"pa_motivo-salamandres","10":"pa_pais-espana","12":"first","13":"instock","14":"shipping-taxable","15":"product-type-simple"},"acf":[],"_links":{"self":[{"href":"https:\/\/olemosaic.com\/fr\/wp-json\/wp\/v2\/product\/25998","targetHints":{"allow":["GET"]}}],"collection":[{"href":"https:\/\/olemosaic.com\/fr\/wp-json\/wp\/v2\/product"}],"about":[{"href":"https:\/\/olemosaic.com\/fr\/wp-json\/wp\/v2\/types\/product"}],"wp:featuredmedia":[{"embeddable":true,"href":"https:\/\/olemosaic.com\/fr\/wp-json\/wp\/v2\/media\/10128"}],"wp:attachment":[{"href":"https:\/\/olemosaic.com\/fr\/wp-json\/wp\/v2\/media?parent=25998"}],"wp:term":[{"taxonomy":"product_brand","embeddable":true,"href":"https:\/\/olemosaic.com\/fr\/wp-json\/wp\/v2\/product_brand?post=25998"},{"taxonomy":"product_cat","embeddable":true,"href":"https:\/\/olemosaic.com\/fr\/wp-json\/wp\/v2\/product_cat?post=25998"},{"taxonomy":"product_tag","embeddable":true,"href":"https:\/\/olemosaic.com\/fr\/wp-json\/wp\/v2\/product_tag?post=25998"}],"curies":[{"name":"wp","href":"https:\/\/api.w.org\/{rel}","templated":true}]}}