{"id":25997,"date":"2025-02-20T23:28:03","date_gmt":"2025-02-20T22:28:03","guid":{"rendered":"http:\/\/olemosaic.com\/producto\/bol-de-coco-rojo-concha-camino-de-santiago\/"},"modified":"2025-07-25T20:38:23","modified_gmt":"2025-07-25T18:38:23","slug":"bol-noix-de-coco-rouge-coquille-chemin-compostelle","status":"publish","type":"product","link":"https:\/\/olemosaic.com\/fr\/produit\/bol-noix-de-coco-rouge-coquille-chemin-compostelle\/","title":{"rendered":"Bol en noix de coco rouge. Coquille. Lettres Chemin de Compostelle."},"content":{"rendered":"<p>Bol en noix de coco rouge du Chemin de Compostelle, un objet d\u00e9coratif qui rend hommage \u00e0 l&rsquo;une des routes de p\u00e8lerinage les plus embl\u00e9matiques d&rsquo;Europe. Ce bol exclusif est \u00e9labor\u00e9 avec une coque naturelle, dont l&rsquo;int\u00e9rieur rouge vibrant attire l&rsquo;attention et apporte une touche de couleur \u00e0 n&rsquo;importe quel espace. L&rsquo;iconique coquille de Saint-Jacques, repr\u00e9sent\u00e9e avec pr\u00e9cision \u00e0 l&rsquo;int\u00e9rieur, compl\u00e8te le design avec le texte \u00ab CAMINO DE SANTIAGO \u00bb en blanc, cr\u00e9ant un contraste captivant qui souligne l&rsquo;essence du voyage spirituel.<\/p>\n<p>Les bords du bol ont \u00e9t\u00e9 finis avec une technique artisanale qui met en valeur sa forme organique et sa texture unique, garantissant que chaque pi\u00e8ce soit singuli\u00e8re et authentique. Ce bol n&rsquo;est pas seulement un \u00e9l\u00e9ment d\u00e9coratif, il peut \u00e9galement servir de r\u00e9cipient exceptionnel, id\u00e9al pour de petits objets ou pour orner la table lors d&rsquo;occasions sp\u00e9ciales. En acqu\u00e9rant ce souvenir, les touristes emportent avec eux un morceau d&rsquo;histoire et de culture, un rappel de leur exp\u00e9rience sur le Chemin de Compostelle.<\/p>\n<p>Chez Ol\u00e9 Mosaic, nous vous proposons ces souvenirs du Chemin de Compostelle en gros, parfaits pour les boutiques de cadeaux touristiques \u00e0 la recherche de produits authentiques et de qualit\u00e9. Ce bol en noix de coco rouge est un excellent choix pour ceux qui souhaitent se souvenir de leur travers\u00e9e sur cette route historique.<\/p>\n","protected":false},"excerpt":{"rendered":"<p>Bol en noix de coco rouge inspir\u00e9 du Chemin de Compostelle, fabriqu\u00e9 avec une coque et d\u00e9cor\u00e9 d&rsquo;un design tr\u00e8s sp\u00e9cial. Son int\u00e9rieur brillant pr\u00e9sente l&rsquo;iconique coquille de Saint-Jacques et le texte \u00ab\u00a0CAMINO DE SANTIAGO\u00a0\u00bb en blanc, ressortant sur le fond rouge vibrant. Les bords sont finis avec une technique qui rehausse sa forme organique et sa texture naturelle, en faisant un souvenir parfait pour se rappeler cette route spirituelle historique. Id\u00e9al pour un usage d\u00e9coratif ou comme r\u00e9cipient singulier.<\/p>\n","protected":false},"featured_media":11744,"template":"","meta":{"_acf_changed":false},"product_brand":[],"product_cat":[521],"product_tag":[],"class_list":{"0":"post-25997","1":"product","2":"type-product","3":"status-publish","4":"has-post-thumbnail","6":"product_cat-bols","7":"pa_ciudad-santiago-de-compostela","8":"pa_motivo-coquillages","9":"pa_pais-espana","11":"first","12":"instock","13":"shipping-taxable","14":"product-type-simple"},"acf":[],"_links":{"self":[{"href":"https:\/\/olemosaic.com\/fr\/wp-json\/wp\/v2\/product\/25997","targetHints":{"allow":["GET"]}}],"collection":[{"href":"https:\/\/olemosaic.com\/fr\/wp-json\/wp\/v2\/product"}],"about":[{"href":"https:\/\/olemosaic.com\/fr\/wp-json\/wp\/v2\/types\/product"}],"wp:featuredmedia":[{"embeddable":true,"href":"https:\/\/olemosaic.com\/fr\/wp-json\/wp\/v2\/media\/11744"}],"wp:attachment":[{"href":"https:\/\/olemosaic.com\/fr\/wp-json\/wp\/v2\/media?parent=25997"}],"wp:term":[{"taxonomy":"product_brand","embeddable":true,"href":"https:\/\/olemosaic.com\/fr\/wp-json\/wp\/v2\/product_brand?post=25997"},{"taxonomy":"product_cat","embeddable":true,"href":"https:\/\/olemosaic.com\/fr\/wp-json\/wp\/v2\/product_cat?post=25997"},{"taxonomy":"product_tag","embeddable":true,"href":"https:\/\/olemosaic.com\/fr\/wp-json\/wp\/v2\/product_tag?post=25997"}],"curies":[{"name":"wp","href":"https:\/\/api.w.org\/{rel}","templated":true}]}}