{"id":25996,"date":"2025-02-20T23:28:03","date_gmt":"2025-02-20T22:28:03","guid":{"rendered":"http:\/\/olemosaic.com\/producto\/bol-de-coco-rojo-bailaora\/"},"modified":"2025-07-25T20:18:51","modified_gmt":"2025-07-25T18:18:51","slug":"bol-noix-de-coco-rouge-danseuse-flamenco","status":"publish","type":"product","link":"https:\/\/olemosaic.com\/fr\/produit\/bol-noix-de-coco-rouge-danseuse-flamenco\/","title":{"rendered":"Bol en noix de coco rouge. Danseuse de flamenco"},"content":{"rendered":"<p>Bol en noix de coco rouge d\u00e9cor\u00e9 d&rsquo;une \u00e9l\u00e9gante danseuse, id\u00e9al comme souvenir repr\u00e9sentatif de la culture andalouse. Cet attrayant bol, fabriqu\u00e9 \u00e0 partir de la coque de noix de coco, pr\u00e9sente un design tr\u00e8s sp\u00e9cial qui combine un int\u00e9rieur lumineux avec des taches rouges apportant une touche vibrante et contemporaine. La d\u00e9licate danseuse, avec un effet peint \u00e0 la main, capture l&rsquo;essence du flamenco, montrant sa gr\u00e2ce et l&rsquo;\u00e9nergie de l&rsquo;art en mouvement. Cette pi\u00e8ce est non seulement fonctionnelle, mais aussi une \u0153uvre d&rsquo;art qui refl\u00e8te la riche tradition culturelle de l&rsquo;Andalousie.<\/p>\n<p>Le contraste entre l&rsquo;int\u00e9rieur clair et les exub\u00e9rantes taches rouges fait de ce bol un point focal dans n&rsquo;importe quel environnement, que ce soit comme \u00e9l\u00e9ment d\u00e9coratif sur une table ou comme cadeau original d&rsquo;Espagne. Son design singulier et le travail artisanal derri\u00e8re chaque pi\u00e8ce en font un souvenir exceptionnel qui invite \u00e0 emporter un morceau de la culture espagnole. Chez Ol\u00e9 Mosaic, nous distribuons des souvenirs authentiques et de qualit\u00e9 en gros, comme ce bol en noix de coco rouge, parfait pour les boutiques de cadeaux touristiques cherchant \u00e0 proposer des produits c\u00e9l\u00e9brant l&rsquo;h\u00e9ritage andalou. Ce bol n&rsquo;est pas seulement un souvenir ; c&rsquo;est un hommage \u00e0 la passion du flamenco et un symbole de la riche culture de l&rsquo;Andalousie.<\/p>\n","protected":false},"excerpt":{"rendered":"<p>Bol en noix de coco rouge d\u00e9cor\u00e9 d&rsquo;une \u00e9l\u00e9gante danseuse, id\u00e9al comme souvenir repr\u00e9sentatif de la culture andalouse. Ce bol pr\u00e9sente un design unique combinant un int\u00e9rieur aux tons clairs avec des taches rouges distinctives, cr\u00e9ant un contraste attrayant. La danseuse semble peinte \u00e0 la main, capturant l&rsquo;essence du flamenco et le mouvement vibrant de sa danse. Parfait pour d\u00e9corer ou comme cadeau original d&rsquo;Espagne.<\/p>\n","protected":false},"featured_media":11962,"template":"","meta":{"_acf_changed":false},"product_brand":[],"product_cat":[521],"product_tag":[],"class_list":{"0":"post-25996","1":"product","2":"type-product","3":"status-publish","4":"has-post-thumbnail","6":"product_cat-bols","7":"pa_motivo-danseurs","9":"first","10":"instock","11":"shipping-taxable","12":"product-type-simple"},"acf":[],"_links":{"self":[{"href":"https:\/\/olemosaic.com\/fr\/wp-json\/wp\/v2\/product\/25996","targetHints":{"allow":["GET"]}}],"collection":[{"href":"https:\/\/olemosaic.com\/fr\/wp-json\/wp\/v2\/product"}],"about":[{"href":"https:\/\/olemosaic.com\/fr\/wp-json\/wp\/v2\/types\/product"}],"wp:featuredmedia":[{"embeddable":true,"href":"https:\/\/olemosaic.com\/fr\/wp-json\/wp\/v2\/media\/11962"}],"wp:attachment":[{"href":"https:\/\/olemosaic.com\/fr\/wp-json\/wp\/v2\/media?parent=25996"}],"wp:term":[{"taxonomy":"product_brand","embeddable":true,"href":"https:\/\/olemosaic.com\/fr\/wp-json\/wp\/v2\/product_brand?post=25996"},{"taxonomy":"product_cat","embeddable":true,"href":"https:\/\/olemosaic.com\/fr\/wp-json\/wp\/v2\/product_cat?post=25996"},{"taxonomy":"product_tag","embeddable":true,"href":"https:\/\/olemosaic.com\/fr\/wp-json\/wp\/v2\/product_tag?post=25996"}],"curies":[{"name":"wp","href":"https:\/\/api.w.org\/{rel}","templated":true}]}}