{"id":25994,"date":"2025-02-20T23:28:03","date_gmt":"2025-02-20T22:28:03","guid":{"rendered":"http:\/\/olemosaic.com\/producto\/bol-de-coco-rojo-mariposa\/"},"modified":"2025-07-25T20:20:23","modified_gmt":"2025-07-25T18:20:23","slug":"bol-noix-de-coco-rouge-papillon","status":"publish","type":"product","link":"https:\/\/olemosaic.com\/fr\/produit\/bol-noix-de-coco-rouge-papillon\/","title":{"rendered":"Bol en noix de coco tons rouges. Papillon."},"content":{"rendered":"<p>Bol en noix de coco rouge d\u00e9cor\u00e9 d&rsquo;un papillon<\/p>\n<p>Cet \u00e9l\u00e9gant bol en noix de coco rouge est une pi\u00e8ce exceptionnelle qui \u00e9voque la richesse du folklore et la beaut\u00e9 naturelle des r\u00e9gions tropicales. Fabriqu\u00e9 \u00e0 partir de coques de noix de coco recycl\u00e9es, ce bol pr\u00e9sente une finition brillante et arrondie, avec un charmant motif de tons rouge\u00e2tres qui souligne sa singularit\u00e9. Au centre, un papillon peint avec pr\u00e9cision ajoute une touche artistique, symbolisant la transformation et la beaut\u00e9 \u00e9ph\u00e9m\u00e8re de la nature. Ce design vibrant en fait non seulement une pi\u00e8ce d\u00e9corative percutante, mais aussi un choix id\u00e9al pour servir des ap\u00e9ritifs ou comme centre de table.<\/p>\n<p>Le bol en noix de coco rouge est un souvenir authentique, repr\u00e9sentatif des traditions artisanales, qui connecte le visiteur \u00e0 l&rsquo;essence culturelle des r\u00e9gions o\u00f9 ces objets sont produits. Parfait pour ceux qui recherchent quelque chose d&rsquo;unique et de significatif, ce bol est un excellent ajout pour les boutiques de cadeaux touristiques. Chez Ol\u00e9 Mosaic, nous reconnaissons l&rsquo;importance des souvenirs qui racontent des histoires, et ce bol en noix de coco n&rsquo;est pas seulement un article fonctionnel, mais un souvenir qui capture l&rsquo;esprit vibrant de la culture locale. En tant que distributeurs de souvenirs en gros, nous garantissons la qualit\u00e9 et l&rsquo;authenticit\u00e9 de chaque pi\u00e8ce, faisant de ce bol une option incontournable pour ceux qui appr\u00e9cient l&rsquo;artisanat authentique et la beaut\u00e9 naturelle dans leurs souvenirs.<\/p>\n","protected":false},"excerpt":{"rendered":"<p>Bol en noix de coco rouge d\u00e9cor\u00e9 d&rsquo;un \u00e9l\u00e9gant motif de papillon. Ce bel article, fabriqu\u00e9 \u00e0 partir de coque de noix de coco, pr\u00e9sente une finition brillante et arrondie, accentu\u00e9e par un motif dans les tons rouges qui souligne sa singularit\u00e9. Le papillon peint au centre ajoute une touche artistique, tandis que les tons chauds \u00e9voquent un folklore vibrant. Id\u00e9al comme pi\u00e8ce d\u00e9corative ou pour servir des ap\u00e9ritifs, ce bol est un souvenir parfait de la beaut\u00e9 naturelle.<\/p>\n","protected":false},"featured_media":13503,"template":"","meta":{"_acf_changed":false},"product_brand":[],"product_cat":[521],"product_tag":[530],"class_list":{"0":"post-25994","1":"product","2":"type-product","3":"status-publish","4":"has-post-thumbnail","6":"product_cat-bols","7":"product_tag-animaux","8":"pa_motivo-papillons","10":"first","11":"instock","12":"shipping-taxable","13":"product-type-simple"},"acf":[],"_links":{"self":[{"href":"https:\/\/olemosaic.com\/fr\/wp-json\/wp\/v2\/product\/25994","targetHints":{"allow":["GET"]}}],"collection":[{"href":"https:\/\/olemosaic.com\/fr\/wp-json\/wp\/v2\/product"}],"about":[{"href":"https:\/\/olemosaic.com\/fr\/wp-json\/wp\/v2\/types\/product"}],"wp:featuredmedia":[{"embeddable":true,"href":"https:\/\/olemosaic.com\/fr\/wp-json\/wp\/v2\/media\/13503"}],"wp:attachment":[{"href":"https:\/\/olemosaic.com\/fr\/wp-json\/wp\/v2\/media?parent=25994"}],"wp:term":[{"taxonomy":"product_brand","embeddable":true,"href":"https:\/\/olemosaic.com\/fr\/wp-json\/wp\/v2\/product_brand?post=25994"},{"taxonomy":"product_cat","embeddable":true,"href":"https:\/\/olemosaic.com\/fr\/wp-json\/wp\/v2\/product_cat?post=25994"},{"taxonomy":"product_tag","embeddable":true,"href":"https:\/\/olemosaic.com\/fr\/wp-json\/wp\/v2\/product_tag?post=25994"}],"curies":[{"name":"wp","href":"https:\/\/api.w.org\/{rel}","templated":true}]}}