{"id":25993,"date":"2025-02-20T23:28:03","date_gmt":"2025-02-20T22:28:03","guid":{"rendered":"http:\/\/olemosaic.com\/producto\/bol-de-coco-rojo-tortuga-gran-canaria\/"},"modified":"2025-07-25T18:49:51","modified_gmt":"2025-07-25T16:49:51","slug":"bol-noix-de-coco-rouge-tortue-grande-canarie","status":"publish","type":"product","link":"https:\/\/olemosaic.com\/fr\/produit\/bol-noix-de-coco-rouge-tortue-grande-canarie\/","title":{"rendered":"Bol en noix de coco rouge. Tortue. \u00cele de Grande Canarie."},"content":{"rendered":"<p>Bol en noix de coco rouge avec design de tortue, un charmant souvenir de la Grande Canarie qui capture l&rsquo;essence unique des \u00eeles Canaries. Ce merveilleux bol, \u00e9labor\u00e9 de mani\u00e8re artisanale, pr\u00e9sente une couleur rouge vibrante avec une finition brillante, rehauss\u00e9e par de d\u00e9licates veines dor\u00e9es qui ajoutent une touche de sophistication. Au centre, une exquise tortue en relief \u00e9voque la riche vie marine de la r\u00e9gion, et l&rsquo;inscription \u00ab\u00a0Gran Canaria\u00a0\u00bb sur une plaque argent\u00e9e renforce son authenticit\u00e9 en tant que souvenir de l&rsquo;\u00eele.<\/p>\n<p>La texture naturelle de la noix de coco, en plus de son attrait rustique, fait de ce bol une pi\u00e8ce polyvalente, parfaite aussi bien pour d\u00e9corer n&rsquo;importe quel espace que pour une utilisation quotidienne \u00e0 table. Son design tr\u00e8s sp\u00e9cial fusionne l&rsquo;art traditionnel avec une esth\u00e9tique moderne, en faisant un article de d\u00e9coration id\u00e9al pour ceux qui souhaitent emporter un petit morceau de la Grande Canarie chez eux. Ce bol en noix de coco n&rsquo;est pas seulement un beau souvenir, mais aussi un t\u00e9moignage du riche h\u00e9ritage culturel et artisanal des \u00eeles, id\u00e9al pour les touristes \u00e0 la recherche de souvenirs authentiques.<\/p>\n<p>Chez Ol\u00e9 Mosaic, nous sommes fiers d&rsquo;offrir des produits de qualit\u00e9 en gros, parfaits pour les boutiques de cadeaux touristiques qui souhaitent surprendre leurs clients avec des souvenirs de la Grande Canarie refl\u00e9tant le charme et la tradition insulaire.<\/p>\n","protected":false},"excerpt":{"rendered":"<p>Bol en noix de coco rouge avec design de tortue, repr\u00e9sentatif de la Grande Canarie. Ce bol singulier pr\u00e9sente une finition brillante dans les tons rouges et dor\u00e9s, d\u00e9cor\u00e9 d&rsquo;une d\u00e9licate tortue en relief et de l&rsquo;inscription \u00ab\u00a0Gran Canaria\u00a0\u00bb. La texture caract\u00e9ristique de la noix de coco lui donne une touche naturelle et rustique, en faisant un souvenir attrayant qui capture l&rsquo;essence des \u00eeles Canaries. Id\u00e9al comme \u00e9l\u00e9ment d\u00e9coratif ou pour un usage quotidien.<\/p>\n","protected":false},"featured_media":10160,"template":"","meta":{"_acf_changed":false},"product_brand":[],"product_cat":[521],"product_tag":[530],"class_list":{"0":"post-25993","1":"product","2":"type-product","3":"status-publish","4":"has-post-thumbnail","6":"product_cat-bols","7":"product_tag-animaux","8":"pa_ciudad-gran-canaria","9":"pa_motivo-tortues","10":"pa_pais-espana","12":"first","13":"instock","14":"shipping-taxable","15":"product-type-simple"},"acf":[],"_links":{"self":[{"href":"https:\/\/olemosaic.com\/fr\/wp-json\/wp\/v2\/product\/25993","targetHints":{"allow":["GET"]}}],"collection":[{"href":"https:\/\/olemosaic.com\/fr\/wp-json\/wp\/v2\/product"}],"about":[{"href":"https:\/\/olemosaic.com\/fr\/wp-json\/wp\/v2\/types\/product"}],"wp:featuredmedia":[{"embeddable":true,"href":"https:\/\/olemosaic.com\/fr\/wp-json\/wp\/v2\/media\/10160"}],"wp:attachment":[{"href":"https:\/\/olemosaic.com\/fr\/wp-json\/wp\/v2\/media?parent=25993"}],"wp:term":[{"taxonomy":"product_brand","embeddable":true,"href":"https:\/\/olemosaic.com\/fr\/wp-json\/wp\/v2\/product_brand?post=25993"},{"taxonomy":"product_cat","embeddable":true,"href":"https:\/\/olemosaic.com\/fr\/wp-json\/wp\/v2\/product_cat?post=25993"},{"taxonomy":"product_tag","embeddable":true,"href":"https:\/\/olemosaic.com\/fr\/wp-json\/wp\/v2\/product_tag?post=25993"}],"curies":[{"name":"wp","href":"https:\/\/api.w.org\/{rel}","templated":true}]}}