{"id":25991,"date":"2025-02-20T23:28:03","date_gmt":"2025-02-20T22:28:03","guid":{"rendered":"http:\/\/olemosaic.com\/producto\/bol-de-coco-naranja-tenerife\/"},"modified":"2025-07-25T20:20:42","modified_gmt":"2025-07-25T18:20:42","slug":"bol-noix-de-coco-orange-tenerife","status":"publish","type":"product","link":"https:\/\/olemosaic.com\/fr\/produit\/bol-noix-de-coco-orange-tenerife\/","title":{"rendered":"Bol en noix de coco orange. Tenerife."},"content":{"rendered":"<p>Bol en noix de coco orange de Tenerife. Ce bol vibrant, fabriqu\u00e9 \u00e0 partir de noix de coco recycl\u00e9e, est un compl\u00e9ment d\u00e9coratif id\u00e9al qui peut \u00e9galement \u00eatre utilis\u00e9 en cuisine. Son ext\u00e9rieur pr\u00e9sente une couleur orange \u00e9clatante qui attire l&rsquo;attention, tandis que son int\u00e9rieur est \u00e9l\u00e9gamment d\u00e9cor\u00e9 d&rsquo;une image grav\u00e9e de la silhouette de l&rsquo;\u00eele de Tenerife, ajoutant un \u00e9l\u00e9ment culturel authentique. La surface du bol montre une texture distinctive en forme de filet, ce qui lui donne un attrait visuel et souligne sa singularit\u00e9.<\/p>\n<p>Ce bol en noix de coco n&rsquo;est pas seulement un article pratique pour servir des ap\u00e9ritifs ou des pr\u00e9sentations culinaires, mais constitue \u00e9galement un excellent souvenir qui \u00e9voque la beaut\u00e9 et la nature des \u00eeles Canaries. En achetant ce produit, les touristes peuvent avoir l&rsquo;impression d&#8217;emporter un morceau de Tenerife, connue pour ses paysages volcaniques et son climat ensoleill\u00e9. Chez Ol\u00e9 Mosaic, nous nous sp\u00e9cialisons dans la distribution de souvenirs en gros, et ce bol est une excellente option pour les boutiques de cadeaux cherchant \u00e0 offrir des pi\u00e8ces authentiques et repr\u00e9sentatives de la culture canarienne. Ainsi, chaque client qui acquiert ce bol en noix de coco orange ne choisira pas seulement un article fonctionnel, mais aussi un souvenir qui c\u00e9l\u00e8bre la richesse culturelle et naturelle de Tenerife.<\/p>\n","protected":false},"excerpt":{"rendered":"<p>Bol en noix de coco d&rsquo;une couleur orange vibrante, provenant de Tenerife, id\u00e9al pour la d\u00e9coration ou comme ustensile de cuisine. Ce magnifique bol pr\u00e9sente un design tr\u00e8s sp\u00e9cial avec une texture en forme de filet qui fait ressortir sa couleur brillante. \u00c0 l&rsquo;int\u00e9rieur est grav\u00e9e la silhouette de l&rsquo;\u00eele de Tenerife, lo qui lui donne une touche culturelle et unique. Parfait pour ceux qui veulent emporter un morceau des \u00eeles Canaries chez eux.<\/p>\n","protected":false},"featured_media":10106,"template":"","meta":{"_acf_changed":false},"product_brand":[],"product_cat":[521],"product_tag":[],"class_list":{"0":"post-25991","1":"product","2":"type-product","3":"status-publish","4":"has-post-thumbnail","6":"product_cat-bols","7":"pa_ciudad-tenerife","8":"pa_pais-espana","10":"first","11":"instock","12":"shipping-taxable","13":"product-type-simple"},"acf":[],"_links":{"self":[{"href":"https:\/\/olemosaic.com\/fr\/wp-json\/wp\/v2\/product\/25991","targetHints":{"allow":["GET"]}}],"collection":[{"href":"https:\/\/olemosaic.com\/fr\/wp-json\/wp\/v2\/product"}],"about":[{"href":"https:\/\/olemosaic.com\/fr\/wp-json\/wp\/v2\/types\/product"}],"wp:featuredmedia":[{"embeddable":true,"href":"https:\/\/olemosaic.com\/fr\/wp-json\/wp\/v2\/media\/10106"}],"wp:attachment":[{"href":"https:\/\/olemosaic.com\/fr\/wp-json\/wp\/v2\/media?parent=25991"}],"wp:term":[{"taxonomy":"product_brand","embeddable":true,"href":"https:\/\/olemosaic.com\/fr\/wp-json\/wp\/v2\/product_brand?post=25991"},{"taxonomy":"product_cat","embeddable":true,"href":"https:\/\/olemosaic.com\/fr\/wp-json\/wp\/v2\/product_cat?post=25991"},{"taxonomy":"product_tag","embeddable":true,"href":"https:\/\/olemosaic.com\/fr\/wp-json\/wp\/v2\/product_tag?post=25991"}],"curies":[{"name":"wp","href":"https:\/\/api.w.org\/{rel}","templated":true}]}}