{"id":25990,"date":"2025-02-20T23:28:02","date_gmt":"2025-02-20T22:28:02","guid":{"rendered":"http:\/\/olemosaic.com\/producto\/bol-de-coco-naranja-mano\/"},"modified":"2025-07-25T19:19:34","modified_gmt":"2025-07-25T17:19:34","slug":"bol-noix-de-coco-orange-main-de-fatma","status":"publish","type":"product","link":"https:\/\/olemosaic.com\/fr\/produit\/bol-noix-de-coco-orange-main-de-fatma\/","title":{"rendered":"Bol en noix de coco orange. Main de Fatma."},"content":{"rendered":"<p>Bol en noix de coco orange avec design de la main de Fatma<\/p>\n<p>Ce bol exclusif en noix de coco orange est une pi\u00e8ce artisanale qui se distingue tant par sa beaut\u00e9 que par sa profonde signification culturelle, enracin\u00e9e dans la tradition m\u00e9diterran\u00e9enne. De conception artisanale, chaque bol pr\u00e9sente une texture brillante et chaleureuse qui joue avec les tons orange et dor\u00e9, cr\u00e9ant un effet visuel captivant qui illumine n&rsquo;importe quel espace. \u00c0 l&rsquo;int\u00e9rieur, une \u00e9l\u00e9gante illustration de la main de Fatma, avec une finition d\u00e9licate, symbolise la protection et la chance, un trait qui r\u00e9sonnera chez ceux qui recherchent une touche spirituelle et esth\u00e9tique dans leur foyer.<\/p>\n<p>La singularit\u00e9 de ce bol r\u00e9side dans son design unique, qui combine l&rsquo;artisanat traditionnel avec un style moderne, en faisant un \u00e9l\u00e9ment d\u00e9coratif id\u00e9al comme centre de table ou pour exposer de petits objets. Cette pi\u00e8ce refl\u00e8te le riche h\u00e9ritage culturel de la r\u00e9gion, ce qui fait de ce bol un authentique souvenir de grande valeur pour les touristes souhaitant emporter un morceau de la culture espagnole ou portugaise.<\/p>\n<p>Chez Ol\u00e9 Mosaic, nous distribuons des souvenirs en gros, offrant des produits authentiques qui c\u00e9l\u00e8brent l&rsquo;h\u00e9ritage culturel. Ce bol en noix de coco est une excellente option pour les boutiques de cadeaux touristiques \u00e0 la recherche d&rsquo;articles distinctifs et significatifs. Avec sa pertinence culturelle et son attrait visuel, ce bol est un cadeau parfait qui laissera une trace dans chaque foyer.<\/p>\n","protected":false},"excerpt":{"rendered":"<p>Bol en noix de coco orange, fait \u00e0 la main, avec un design unique qui se distingue par sa texture brillante et chaleureuse. Ce bol pr\u00e9sente une \u00e9l\u00e9gante illustration de la main de Fatma, symbole de protection et de chance. La surface pr\u00e9sente une finition artisanale qui rehausse ses tons orange et dor\u00e9s, en faisant une pi\u00e8ce d\u00e9corative id\u00e9ale pour ajouter une touche culturelle et boh\u00e8me \u00e0 n&rsquo;importe quel espace. Parfait comme centre de table ou pour exposer de petits objets.<\/p>\n","protected":false},"featured_media":13431,"template":"","meta":{"_acf_changed":false},"product_brand":[],"product_cat":[521],"product_tag":[],"class_list":{"0":"post-25990","1":"product","2":"type-product","3":"status-publish","4":"has-post-thumbnail","6":"product_cat-bols","7":"pa_motivo-mains","9":"first","10":"instock","11":"shipping-taxable","12":"product-type-simple"},"acf":[],"_links":{"self":[{"href":"https:\/\/olemosaic.com\/fr\/wp-json\/wp\/v2\/product\/25990","targetHints":{"allow":["GET"]}}],"collection":[{"href":"https:\/\/olemosaic.com\/fr\/wp-json\/wp\/v2\/product"}],"about":[{"href":"https:\/\/olemosaic.com\/fr\/wp-json\/wp\/v2\/types\/product"}],"wp:featuredmedia":[{"embeddable":true,"href":"https:\/\/olemosaic.com\/fr\/wp-json\/wp\/v2\/media\/13431"}],"wp:attachment":[{"href":"https:\/\/olemosaic.com\/fr\/wp-json\/wp\/v2\/media?parent=25990"}],"wp:term":[{"taxonomy":"product_brand","embeddable":true,"href":"https:\/\/olemosaic.com\/fr\/wp-json\/wp\/v2\/product_brand?post=25990"},{"taxonomy":"product_cat","embeddable":true,"href":"https:\/\/olemosaic.com\/fr\/wp-json\/wp\/v2\/product_cat?post=25990"},{"taxonomy":"product_tag","embeddable":true,"href":"https:\/\/olemosaic.com\/fr\/wp-json\/wp\/v2\/product_tag?post=25990"}],"curies":[{"name":"wp","href":"https:\/\/api.w.org\/{rel}","templated":true}]}}