{"id":25953,"date":"2025-02-20T23:28:02","date_gmt":"2025-02-20T22:28:02","guid":{"rendered":"http:\/\/olemosaic.com\/producto\/bol-de-coco-marron-ibiscus\/"},"modified":"2025-07-25T19:43:37","modified_gmt":"2025-07-25T17:43:37","slug":"bol-de-coco-marron-hibiscus-mosaique-coquillages","status":"publish","type":"product","link":"https:\/\/olemosaic.com\/fr\/produit\/bol-de-coco-marron-hibiscus-mosaique-coquillages\/","title":{"rendered":"Bol de coco marron. Hibiscus. Mosa\u00efque de coquillages."},"content":{"rendered":"<p>Bol de coco marron d\u00e9cor\u00e9 d&rsquo;un design \u00e9l\u00e9gant d&rsquo;hibiscus. Ce produit artisanal, une pi\u00e8ce unique qui s&rsquo;int\u00e9grera dans n&rsquo;importe quel int\u00e9rieur, arbore une finition en mosa\u00efque de coquillages qui combine des tons marron et beige, cr\u00e9ant une palette harmonieuse qui \u00e9voque les plages tropicales chaleureuses. Au centre du bol, un hibiscus sophistiqu\u00e9 peint se d\u00e9tache, symbole d&rsquo;\u00e9l\u00e9gance et de beaut\u00e9 naturelle, qui se compl\u00e8te parfaitement avec le fond de coquillages, apportant une touche artistique et vibrante. La technique de fabrication manuelle garantit que chaque pi\u00e8ce a un caract\u00e8re distinctif, faisant de ce bol un souvenir authentique qui capture l&rsquo;essence de la culture tropicale. Id\u00e9al comme centre de table, ce bol n&rsquo;est pas seulement fonctionnel, mais aussi un objet d\u00e9coratif qui peut rehausser l&rsquo;ambiance boh\u00e8me de n&rsquo;importe quel espace. Chez Ol\u00e9 Mosaic, en tant que grossistes de souvenirs artisanaux, nous proposons cette pi\u00e8ce qui repr\u00e9sente l&rsquo;art local et la tradition, parfaite pour les boutiques de cadeaux touristiques qui cherchent \u00e0 offrir \u00e0 leurs clients des produits de qualit\u00e9 et de pertinence culturelle. Ce bol de coco marron d\u00e9cor\u00e9 est, sans aucun doute, une excellente option pour ceux qui recherchent des souvenirs authentiques et repr\u00e9sentatifs.<\/p>\n","protected":false},"excerpt":{"rendered":"<p>Bol de coco marron d\u00e9cor\u00e9 d&rsquo;un design \u00e9l\u00e9gant d&rsquo;hibiscus, id\u00e9al pour donner une touche artistique \u00e0 n&rsquo;importe quel espace. Ce produit artisanal pr\u00e9sente une finition en mosa\u00efque de coquillages qui refl\u00e8te une palette de couleurs chaudes, combinant des tons marron et beige. La technique de fabrication manuelle lui conf\u00e8re un caract\u00e8re unique, avec l&rsquo;hibiscus peint ressortant au centre et \u00e9voquant l&rsquo;essence tropicale. Parfait comme centre de table ou pour cr\u00e9er une ambiance boh\u00e8me.<\/p>\n","protected":false},"featured_media":13481,"template":"","meta":{"_acf_changed":false},"product_brand":[],"product_cat":[521],"product_tag":[],"class_list":{"0":"post-25953","1":"product","2":"type-product","3":"status-publish","4":"has-post-thumbnail","6":"product_cat-bols","7":"pa_motivo-hibiscus","9":"first","10":"instock","11":"shipping-taxable","12":"product-type-simple"},"acf":[],"_links":{"self":[{"href":"https:\/\/olemosaic.com\/fr\/wp-json\/wp\/v2\/product\/25953","targetHints":{"allow":["GET"]}}],"collection":[{"href":"https:\/\/olemosaic.com\/fr\/wp-json\/wp\/v2\/product"}],"about":[{"href":"https:\/\/olemosaic.com\/fr\/wp-json\/wp\/v2\/types\/product"}],"wp:featuredmedia":[{"embeddable":true,"href":"https:\/\/olemosaic.com\/fr\/wp-json\/wp\/v2\/media\/13481"}],"wp:attachment":[{"href":"https:\/\/olemosaic.com\/fr\/wp-json\/wp\/v2\/media?parent=25953"}],"wp:term":[{"taxonomy":"product_brand","embeddable":true,"href":"https:\/\/olemosaic.com\/fr\/wp-json\/wp\/v2\/product_brand?post=25953"},{"taxonomy":"product_cat","embeddable":true,"href":"https:\/\/olemosaic.com\/fr\/wp-json\/wp\/v2\/product_cat?post=25953"},{"taxonomy":"product_tag","embeddable":true,"href":"https:\/\/olemosaic.com\/fr\/wp-json\/wp\/v2\/product_tag?post=25953"}],"curies":[{"name":"wp","href":"https:\/\/api.w.org\/{rel}","templated":true}]}}